{"id":7,"date":"2021-04-30T18:13:08","date_gmt":"2021-04-30T18:13:08","guid":{"rendered":"https:\/\/segurosaude.com.br\/unihosp-saude\/?page_id=7"},"modified":"2025-01-15T19:16:05","modified_gmt":"2025-01-15T19:16:05","slug":"home","status":"publish","type":"page","link":"https:\/\/segurosaude.com.br\/unihosp-saude\/","title":{"rendered":"Home"},"content":{"rendered":"\n  <div class=\"banner has-hover\" id=\"banner-633758201\">\n          <div class=\"banner-inner fill\">\n        <div class=\"banner-bg fill\" >\n            <div class=\"bg fill bg-fill \"><\/div>\n                        <div class=\"overlay\"><\/div>            \n                    <\/div>\n        <div class=\"banner-layers container\">\n            <div class=\"fill banner-link\"><\/div>            \n   <div id=\"text-box-1599667824\" class=\"text-box banner-layer x5 md-x0 lg-x0 y50 md-y50 lg-y50 res-text\">\n                                <div class=\"text-box-content text dark\">\n              \n              <div class=\"text-inner text-left\">\n                  \n<h2 class=\"uppercase\"><strong>Seguro Sa\u00fade UNIHOSP sa\u00fade<\/strong><\/h2>\n<h3>TRADI\u00c7\u00c3O E CREDIBILIDADE<\/h3>\n<p>Desde 1996, a UniHosp Sa\u00fade dedica-se a oferecer servi\u00e7os de alta qualidade e credenciados para atender melhor seus benefici\u00e1rios.<\/p>\n<a href=\"#planos\" target=\"_self\" class=\"button primary\"  style=\"border-radius:99px;\">\n    <span>conhe\u00e7a o plano<\/span>\n  <\/a>\n\n<a href=\"#simulacao-unihosp-saude\" target=\"_self\" class=\"button secondary hide-for-small\"  style=\"border-radius:99px;\">\n    <span>simule agora<\/span>\n  <\/a>\n\n              <\/div>\n           <\/div>\n                            \n<style>\n#text-box-1599667824 {\n  width: 93%;\n}\n#text-box-1599667824 .text-box-content {\n  font-size: 156%;\n}\n@media (min-width:550px) {\n  #text-box-1599667824 {\n    width: 48%;\n  }\n  #text-box-1599667824 .text-box-content {\n    font-size: 100%;\n  }\n}\n<\/style>\n    <\/div>\n \n   <div id=\"text-box-1614223781\" class=\"text-box banner-layer hide-for-small x5 md-x100 lg-x100 y40 md-y50 lg-y50 res-text\">\n                                <div class=\"text-box-content text dark\">\n              \n              <div class=\"text-inner text-left\">\n                  \n<p><a href=\"#simulacao-unihosp-saude\"><img decoding=\"async\" src=\"https:\/\/segurosaude.com.br\/unihosp-saude\/wp-content\/uploads\/2024\/05\/simulador-unihosp-saude.png\" \/><\/a><\/p>\n              <\/div>\n           <\/div>\n                            \n<style>\n#text-box-1614223781 {\n  width: 91%;\n}\n#text-box-1614223781 .text-box-content {\n  font-size: 100%;\n}\n@media (min-width:550px) {\n  #text-box-1614223781 {\n    width: 45%;\n  }\n}\n<\/style>\n    <\/div>\n \n        <\/div>\n      <\/div>\n\n            \n<style>\n#banner-633758201 {\n  padding-top: 100%;\n}\n#banner-633758201 .bg.bg-loaded {\n  background-image: url(https:\/\/segurosaude.com.br\/unihosp-saude\/wp-content\/uploads\/2024\/05\/history-unihosp.jpg);\n}\n#banner-633758201 .overlay {\n  background-color: rgba(0, 0, 0, 0.628);\n}\n#banner-633758201 .bg {\n  background-position: 52% 48%;\n}\n@media (min-width:550px) {\n  #banner-633758201 {\n    padding-top: 630px;\n  }\n}\n<\/style>\n  <\/div>\n\n\n<span class=\"scroll-to\" data-label=\"Scroll to: #sobre\" data-bullet=\"false\" data-link=\"#sobre\" data-title=\"sobre\"><a name=\"sobre\"><\/a><\/span>\n\t<section class=\"section\" id=\"section_46221792\">\n\t\t<div class=\"bg section-bg fill bg-fill  \" >\n\n\t\t\t\n\t\t\t<div class=\"section-bg-overlay absolute fill\"><\/div>\n\t\t\t\n\n\t\t<\/div>\n\n\t\t<div class=\"section-content relative\">\n\t\t\t\n<div class=\"row row-small align-middle\"  id=\"row-33566153\">\n\n\t<div id=\"col-1862287488\" class=\"col medium-4 small-12 large-4\"  >\n\t\t<div class=\"col-inner\"  >\n\t\t\t\n\t\t\t\n\n  <div class=\"banner has-hover\" id=\"banner-1071793895\">\n          <div class=\"banner-inner fill\">\n        <div class=\"banner-bg fill\" >\n            <div class=\"bg fill bg-fill \"><\/div>\n                                    \n                    <\/div>\n        <div class=\"banner-layers container\">\n            <div class=\"fill banner-link\"><\/div>            \n        <\/div>\n      <\/div>\n\n            \n<style>\n#banner-1071793895 {\n  padding-top: 403px;\n}\n#banner-1071793895 .bg.bg-loaded {\n  background-image: url(https:\/\/segurosaude.com.br\/unihosp-saude\/wp-content\/uploads\/2024\/05\/history-unihosp.jpg);\n}\n#banner-1071793895 .bg {\n  background-position: 32% 0%;\n}\n<\/style>\n  <\/div>\n\n\n\t\t<\/div>\n\t\t\t<\/div>\n\n\t\n\n\t<div id=\"col-996678355\" class=\"col medium-8 small-12 large-8\"  >\n\t\t<div class=\"col-inner\"  >\n\t\t\t\n\t\t\t\n\t<div id=\"text-709295693\" class=\"text\">\n\t\t\n<h2 style=\"text-align: left;\"><span style=\"font-weight: bold; color: #00b0ab!important;\"><span style=\"color: #39b24d;\">Conhe\u00e7a a <\/span><\/span><span style=\"font-weight: bold; color: #ed3424!important;\">UniHosp Sa\u00fade<\/span><\/h2>\n<div><strong>O plano UniHosp Sa\u00fade garante promo\u00e7\u00e3o \u00e0 sa\u00fade de maneira acess\u00edvel! Simule agora.<\/strong><\/div>\n<div>\u00a0<\/div>\n<div>\n<p>A operadora conta com uma vasta rede de atendimento que abrange toda a regi\u00e3o do ABCDMR, S\u00e3o Paulo e Grande S\u00e3o Paulo, incluindo centros m\u00e9dicos, unidades de pronto atendimento, servi\u00e7os de apoio diagn\u00f3stico e terap\u00eautico, laborat\u00f3rios e hospitais.<\/p>\n<p>A UniHosp proporciona uma ampla rede de atendimento, garantindo menor tempo de espera e excelente custo-benef\u00edcio. Com a Rede Referenciada e Rede Credenciada, a UniHosp garante que voc\u00ea receba assist\u00eancia de qualidade. Al\u00e9m disso, investe em projetos e iniciativas de medicina preventiva, ajudando voc\u00ea a manter a sa\u00fade sem custos adicionais. A UniHosp acredita que prevenir \u00e9 sempre o melhor rem\u00e9dio!<\/p>\n<\/div>\n\t\t\n<style>\n#text-709295693 {\n  text-align: left;\n}\n<\/style>\n\t<\/div>\n\t\n\t\t<\/div>\n\t\t\t<\/div>\n\n\t\n<\/div>\n\t\t<\/div>\n\n\t\t\n<style>\n#section_46221792 {\n  padding-top: 30px;\n  padding-bottom: 30px;\n}\n#section_46221792 .section-bg-overlay {\n  background-color: rgba(255, 255, 255, 0.163);\n}\n#section_46221792 .section-bg.bg-loaded {\n  background-image: url(https:\/\/segurosaude.com.br\/unihosp-saude\/wp-content\/uploads\/2021\/04\/bg.png);\n}\n<\/style>\n\t<\/section>\n\t\n<span class=\"scroll-to\" data-label=\"Scroll to: #diferenciais\" data-bullet=\"false\" data-link=\"#diferenciais\" data-title=\"diferenciais\"><a name=\"diferenciais\"><\/a><\/span>\n\n\t<section class=\"section\" id=\"section_588886932\">\n\t\t<div class=\"bg section-bg fill bg-fill  bg-loaded\" >\n\n\t\t\t\n\t\t\t\n\t\t\t\n\n\t\t<\/div>\n\n\t\t<div class=\"section-content relative\">\n\t\t\t\n\n<div class=\"row\"  id=\"row-558560831\">\n\n\n\t<div id=\"col-1015250982\" class=\"col small-12 large-12\"  >\n\t\t<div class=\"col-inner\"  >\n\t\t\t\n\t\t\t\n\n<h2 style=\"text-align: center;\"><span style=\"font-weight: bold; color: #00b0ab!important;\"><span style=\"color: #39B24D;\">Diferenciais <\/span><\/span><span style=\"font-weight: bold; color: #ED3424!important;\">UniHosp Sa\u00fade<\/span><\/h2>\n<p style=\"text-align: center;\">Confira alguns motivos para contratar um plano da UniHosp Sa\u00fade.<\/p>\n\n\t\t<\/div>\n\t\t\t<\/div>\n\n\t\n\n<\/div>\n<div class=\"row row-small\"  id=\"row-1617461538\">\n\n\n\t<div id=\"col-1803931796\" class=\"col medium-3 small-12 large-3\"  >\n\t\t<div class=\"col-inner\"  >\n\t\t\t\n\t\t\t\n\n\n\t\t<div class=\"icon-box featured-box icon-box-top text-left\"  >\n\t\t\t\t<div class=\"icon-box-text last-reset\">\n\t\t\t\t\t\t\t\t\t\n\n<h3 style=\"color: #39b24d;\">Ampla Rede Credenciada<\/h3>\n<p>A UniHosp oferece uma ampla rede de atendimento com menor tempo de espera com o melhor custo X benef\u00edcio. <\/p>\n\n\t\t<\/div>\n\t<\/div>\n\t\n\t\n\n\t\t<\/div>\n\t\t\t<\/div>\n\n\t\n\n\t<div id=\"col-1678032704\" class=\"col medium-3 small-12 large-3\"  >\n\t\t<div class=\"col-inner\"  >\n\t\t\t\n\t\t\t\n\n\n\t\t<div class=\"icon-box featured-box icon-box-top text-left\"  >\n\t\t\t\t<div class=\"icon-box-text last-reset\">\n\t\t\t\t\t\t\t\t\t\n\n<h3 style=\"color: #39b24d;\">Planos Individuais<\/h3>\n<p>O plano UniHosp Individual e Familiar garante mais tranquilidade e seguran\u00e7a para voc\u00ea e sua fam\u00edlia!<\/p>\n\n\t\t<\/div>\n\t<\/div>\n\t\n\t\n\n\t\t<\/div>\n\t\t\t<\/div>\n\n\t\n\n\t<div id=\"col-697351664\" class=\"col medium-3 small-12 large-3\"  >\n\t\t<div class=\"col-inner\"  >\n\t\t\t\n\t\t\t\n\n\n\t\t<div class=\"icon-box featured-box icon-box-top text-left\"  >\n\t\t\t\t<div class=\"icon-box-text last-reset\">\n\t\t\t\t\t\t\t\t\t\n\n<h3 style=\"color: #39b24d;\">Planos Empresariais<\/h3>\n<p>Voc\u00ea e os colaboradores da sua empresa contam com atendimento de qualidade e humanizado pelo melhor pre\u00e7o.<\/p>\n\n\t\t<\/div>\n\t<\/div>\n\t\n\t\n\n\t\t<\/div>\n\t\t\t<\/div>\n\n\t\n\n\t<div id=\"col-411418136\" class=\"col medium-3 small-12 large-3\"  >\n\t\t<div class=\"col-inner\"  >\n\t\t\t\n\t\t\t\n\n\n\t\t<div class=\"icon-box featured-box icon-box-top text-left\"  >\n\t\t\t\t<div class=\"icon-box-text last-reset\">\n\t\t\t\t\t\t\t\t\t\n\n<h3 style=\"color: #39b24d;\">Planos S\u00eanior<\/h3>\n<p>Os planos UniHosp S\u00eanior s\u00e3o a melhor op\u00e7\u00e3o para o p\u00fablico s\u00eanior. Simule e compare agora mesmo sem sair de casa!<\/p>\n\n\t\t<\/div>\n\t<\/div>\n\t\n\t\n\n\t\t<\/div>\n\t\t\t<\/div>\n\n\t\n\n\t<div id=\"col-2092825923\" class=\"col medium-3 small-12 large-3\"  >\n\t\t<div class=\"col-inner\"  >\n\t\t\t\n\t\t\t\n\n\n\t\t<div class=\"icon-box featured-box icon-box-top text-left\"  >\n\t\t\t\t<div class=\"icon-box-text last-reset\">\n\t\t\t\t\t\t\t\t\t\n\n<h3 style=\"color: #39b24d;\">Melhores Pre\u00e7os<\/h3>\n<p>Contrate seu plano UniHosp pelos melhores valores do mercado! Fa\u00e7a uma simula\u00e7\u00e3o gratuitamente pelo site ou whatsapp.<\/p>\n\n\t\t<\/div>\n\t<\/div>\n\t\n\t\n\n\t\t<\/div>\n\t\t\t<\/div>\n\n\t\n\n\t<div id=\"col-130372199\" class=\"col medium-3 small-12 large-3\"  >\n\t\t<div class=\"col-inner\"  >\n\t\t\t\n\t\t\t\n\n\n\t\t<div class=\"icon-box featured-box icon-box-top text-left\"  >\n\t\t\t\t<div class=\"icon-box-text last-reset\">\n\t\t\t\t\t\t\t\t\t\n\n<h3 style=\"color: #39b24d;\">Abrang\u00eancia Regional<\/h3>\n<p>Ampla rede de atendimento em toda a regi\u00e3o ABCDMR, S\u00e3o Paulo e Grande S\u00e3o Paulo. Simule e confira a rede completa.<\/p>\n\n\t\t<\/div>\n\t<\/div>\n\t\n\t\n\n\t\t<\/div>\n\t\t\t<\/div>\n\n\t\n\n\t<div id=\"col-2033661710\" class=\"col medium-3 small-12 large-3\"  >\n\t\t<div class=\"col-inner\"  >\n\t\t\t\n\t\t\t\n\n\n\t\t<div class=\"icon-box featured-box icon-box-top text-left\"  >\n\t\t\t\t<div class=\"icon-box-text last-reset\">\n\t\t\t\t\t\t\t\t\t\n\n<h3 style=\"color: #39b24d;\">Melhores Valores<\/h3>\n<p>Por ser um plano\u00a0de sa\u00fade regional, a UniHosp pode ser contratada com os menores valores poss\u00edveis! Confira.<\/p>\n\n\t\t<\/div>\n\t<\/div>\n\t\n\t\n\n\t\t<\/div>\n\t\t\t<\/div>\n\n\t\n\n\t<div id=\"col-1424534231\" class=\"col medium-3 small-12 large-3\"  >\n\t\t<div class=\"col-inner\"  >\n\t\t\t\n\t\t\t\n\n\n\t\t<div class=\"icon-box featured-box icon-box-top text-left\"  >\n\t\t\t\t<div class=\"icon-box-text last-reset\">\n\t\t\t\t\t\t\t\t\t\n\n<h3 style=\"color: #39b24d;\">Melhores Car\u00eancias<\/h3>\n<p>Contrate seu plano e tenha acesso imediato a consultas m\u00e9dicas e exames b\u00e1sicos ap\u00f3s 24 horas ap\u00f3s a contrata\u00e7\u00e3o.<\/p>\n\n\t\t<\/div>\n\t<\/div>\n\t\n\t\n\n\t\t<\/div>\n\t\t\t<\/div>\n\n\t\n\n<\/div>\n\n\t\t<\/div>\n\n\t\t\n<style>\n#section_588886932 {\n  padding-top: 47px;\n  padding-bottom: 47px;\n}\n<\/style>\n\t<\/section>\n\t\n","protected":false},"excerpt":{"rendered":"","protected":false},"author":1,"featured_media":0,"parent":0,"menu_order":0,"comment_status":"closed","ping_status":"closed","template":"page-blank.php","meta":{"inline_featured_image":false,"footnotes":""},"class_list":["post-7","page","type-page","status-publish","hentry"],"_links":{"self":[{"href":"https:\/\/segurosaude.com.br\/unihosp-saude\/wp-json\/wp\/v2\/pages\/7","targetHints":{"allow":["GET"]}}],"collection":[{"href":"https:\/\/segurosaude.com.br\/unihosp-saude\/wp-json\/wp\/v2\/pages"}],"about":[{"href":"https:\/\/segurosaude.com.br\/unihosp-saude\/wp-json\/wp\/v2\/types\/page"}],"author":[{"embeddable":true,"href":"https:\/\/segurosaude.com.br\/unihosp-saude\/wp-json\/wp\/v2\/users\/1"}],"replies":[{"embeddable":true,"href":"https:\/\/segurosaude.com.br\/unihosp-saude\/wp-json\/wp\/v2\/comments?post=7"}],"version-history":[{"count":100,"href":"https:\/\/segurosaude.com.br\/unihosp-saude\/wp-json\/wp\/v2\/pages\/7\/revisions"}],"predecessor-version":[{"id":1384,"href":"https:\/\/segurosaude.com.br\/unihosp-saude\/wp-json\/wp\/v2\/pages\/7\/revisions\/1384"}],"wp:attachment":[{"href":"https:\/\/segurosaude.com.br\/unihosp-saude\/wp-json\/wp\/v2\/media?parent=7"}],"curies":[{"name":"wp","href":"https:\/\/api.w.org\/{rel}","templated":true}]}}