{"id":7,"date":"2021-04-30T18:13:08","date_gmt":"2021-04-30T18:13:08","guid":{"rendered":"https:\/\/segurosaude.com.br\/trasmontano-saude\/?page_id=7"},"modified":"2025-01-15T19:16:03","modified_gmt":"2025-01-15T19:16:03","slug":"home","status":"publish","type":"page","link":"https:\/\/segurosaude.com.br\/trasmontano-saude\/","title":{"rendered":"Home"},"content":{"rendered":"\n  <div class=\"banner has-hover\" id=\"banner-220994255\">\n          <div class=\"banner-inner fill\">\n        <div class=\"banner-bg fill\" >\n            <div class=\"bg fill bg-fill \"><\/div>\n                        <div class=\"overlay\"><\/div>            \n                    <\/div>\n        <div class=\"banner-layers container\">\n            <div class=\"fill banner-link\"><\/div>            \n   <div id=\"text-box-424434373\" class=\"text-box banner-layer x5 md-x0 lg-x0 y50 md-y50 lg-y50 res-text\">\n                                <div class=\"text-box-content text dark\">\n              \n              <div class=\"text-inner text-left\">\n                  \n\t<div id=\"text-2795509076\" class=\"text\">\n\t\t\n<h2 class=\"uppercase\"><strong>Seguro Sa\u00fade TRASMONTANO sa\u00fade<\/strong><\/h2>\n<h3>TRADI\u00c7\u00c3O E SOLIDEZ<\/h3>\n<p>Com 92 anos de hist\u00f3ria dedicados \u00e0 sa\u00fade dos seus benefici\u00e1rios, a Trasmontano Sa\u00fade \u00e9 uma das melhores op\u00e7\u00f5es de plano de sa\u00fade para quem mora em S\u00e3o Paulo e regi\u00e3o.<\/p>\n\t\t\n<style>\n#text-2795509076 {\n  font-size: 1rem;\n}\n<\/style>\n\t<\/div>\n\t\n<a href=\"#planos\" target=\"_self\" class=\"button primary\"  style=\"border-radius:99px;\">\n    <span>conhe\u00e7a o plano<\/span>\n  <\/a>\n\n<a href=\"#simulacao-trasmontano-saude\" target=\"_self\" class=\"button secondary hide-for-small\"  style=\"border-radius:99px;\">\n    <span>simule agora<\/span>\n  <\/a>\n\n              <\/div>\n           <\/div>\n                            \n<style>\n#text-box-424434373 {\n  width: 89%;\n}\n#text-box-424434373 .text-box-content {\n  font-size: 156%;\n}\n@media (min-width:550px) {\n  #text-box-424434373 {\n    width: 54%;\n  }\n  #text-box-424434373 .text-box-content {\n    font-size: 100%;\n  }\n}\n<\/style>\n    <\/div>\n \n   <div id=\"text-box-787788543\" class=\"text-box banner-layer hide-for-small x5 md-x100 lg-x100 y40 md-y50 lg-y50 res-text\">\n                                <div class=\"text-box-content text dark\">\n              \n              <div class=\"text-inner text-left\">\n                  \n<p><a href=\"#simulacao-trasmontano-saude\"><img decoding=\"async\" src=\"https:\/\/segurosaude.com.br\/trasmontano-saude\/wp-content\/uploads\/2024\/05\/simulador-trasmontano-saude.png\" \/><\/a><\/p>\n              <\/div>\n           <\/div>\n                            \n<style>\n#text-box-787788543 {\n  width: 91%;\n}\n#text-box-787788543 .text-box-content {\n  font-size: 100%;\n}\n@media (min-width:550px) {\n  #text-box-787788543 {\n    width: 45%;\n  }\n}\n<\/style>\n    <\/div>\n \n        <\/div>\n      <\/div>\n\n            \n<style>\n#banner-220994255 {\n  padding-top: 100%;\n}\n#banner-220994255 .bg.bg-loaded {\n  background-image: url(https:\/\/segurosaude.com.br\/trasmontano-saude\/wp-content\/uploads\/2024\/05\/trasmontano-saude-1024x683.webp);\n}\n#banner-220994255 .overlay {\n  background-color: rgba(0, 0, 0, 0.628);\n}\n#banner-220994255 .bg {\n  background-position: 100% 100%;\n}\n@media (min-width:550px) {\n  #banner-220994255 {\n    padding-top: 630px;\n  }\n}\n<\/style>\n  <\/div>\n\n\n<span class=\"scroll-to\" data-label=\"Scroll to: #sobre\" data-bullet=\"false\" data-link=\"#sobre\" data-title=\"sobre\"><a name=\"sobre\"><\/a><\/span>\n\t<section class=\"section\" id=\"section_1878473863\">\n\t\t<div class=\"bg section-bg fill bg-fill  \" >\n\n\t\t\t\n\t\t\t<div class=\"section-bg-overlay absolute fill\"><\/div>\n\t\t\t\n\n\t\t<\/div>\n\n\t\t<div class=\"section-content relative\">\n\t\t\t\n<div class=\"row row-small align-middle\"  id=\"row-393723850\">\n\n\t<div id=\"col-1144648663\" class=\"col medium-4 small-12 large-4\"  >\n\t\t<div class=\"col-inner\"  >\n\t\t\t\n\t\t\t\n\n  <div class=\"banner has-hover\" id=\"banner-444583008\">\n          <div class=\"banner-inner fill\">\n        <div class=\"banner-bg fill\" >\n            <div class=\"bg fill bg-fill \"><\/div>\n                                    \n                    <\/div>\n        <div class=\"banner-layers container\">\n            <div class=\"fill banner-link\"><\/div>            \n        <\/div>\n      <\/div>\n\n            \n<style>\n#banner-444583008 {\n  padding-top: 235px;\n}\n#banner-444583008 .bg.bg-loaded {\n  background-image: url(https:\/\/segurosaude.com.br\/trasmontano-saude\/wp-content\/uploads\/2024\/05\/SFS-imghome.jpg);\n}\n<\/style>\n  <\/div>\n\n\n\t\t<\/div>\n\t\t\t<\/div>\n\n\t\n\n\t<div id=\"col-2070325205\" class=\"col medium-8 small-12 large-8\"  >\n\t\t<div class=\"col-inner\"  >\n\t\t\t\n\t\t\t\n\t<div id=\"text-3820769790\" class=\"text\">\n\t\t\n<h2 style=\"text-align: left;\"><span style=\"font-weight: bold; color: #777777!important;\"><span style=\"color: #777777;\">Conhe\u00e7a a <\/span><\/span><span style=\"font-weight: bold; color: #ed3237!important;\">Trasmontano Sa\u00fade<\/span><\/h2>\n<div><strong>O plano Trasmontano Sa\u00fade garante promo\u00e7\u00e3o \u00e0 sa\u00fade de maneira acess\u00edvel! Simule agora.<\/strong><\/div>\n<div>\u00a0<\/div>\n<div>\n<p>O Plano de Sa\u00fade Trasmontano \u00e9 sin\u00f4nimo de tradi\u00e7\u00e3o e excel\u00eancia no atendimento \u00e0 sa\u00fade. Fundado em 1932, o Trasmontano come\u00e7ou com a miss\u00e3o de assistir aos imigrantes portugueses em S\u00e3o Paulo e, ao longo das d\u00e9cadas, expandiu seu alcance para atender toda a popula\u00e7\u00e3o paulistana, independentemente da nacionalidade.<\/p>\n<p>Com uma infraestrutura moderna e uma ampla rede de atendimento, a Trasmontano Sa\u00fade oferece servi\u00e7os de alta qualidade, incluindo centros m\u00e9dicos, hospitais, laborat\u00f3rios e unidades de pronto atendimento. Seu compromisso com a sa\u00fade preventiva e a promo\u00e7\u00e3o do bem-estar \u00e9 evidente em suas diversas iniciativas e programas de medicina preventiva.<\/p>\n<\/div>\n\t\t\n<style>\n#text-3820769790 {\n  text-align: left;\n}\n<\/style>\n\t<\/div>\n\t\n\t\t<\/div>\n\t\t\t<\/div>\n\n\t\n<\/div>\n\t\t<\/div>\n\n\t\t\n<style>\n#section_1878473863 {\n  padding-top: 30px;\n  padding-bottom: 30px;\n}\n#section_1878473863 .section-bg-overlay {\n  background-color: rgba(255, 255, 255, 0.163);\n}\n#section_1878473863 .section-bg.bg-loaded {\n  background-image: url(https:\/\/segurosaude.com.br\/trasmontano-saude\/wp-content\/uploads\/2021\/04\/bg.png);\n}\n<\/style>\n\t<\/section>\n\t\n<span class=\"scroll-to\" data-label=\"Scroll to: #diferenciais\" data-bullet=\"false\" data-link=\"#diferenciais\" data-title=\"diferenciais\"><a name=\"diferenciais\"><\/a><\/span>\n\n\t<section class=\"section\" id=\"section_2084325511\">\n\t\t<div class=\"bg section-bg fill bg-fill  bg-loaded\" >\n\n\t\t\t\n\t\t\t\n\t\t\t\n\n\t\t<\/div>\n\n\t\t<div class=\"section-content relative\">\n\t\t\t\n\n<div class=\"row\"  id=\"row-1851598018\">\n\n\n\t<div id=\"col-1500234892\" class=\"col small-12 large-12\"  >\n\t\t<div class=\"col-inner\"  >\n\t\t\t\n\t\t\t\n\n<h2 style=\"text-align: center;\"><span style=\"font-weight: bold; color: #00b0ab!important;\"><span style=\"color: #777;\">Diferenciais <\/span><\/span><span style=\"font-weight: bold; color: #ed3237!important;\">Trasmontano Sa\u00fade<\/span><\/h2>\n<p style=\"text-align: center;\">Confira alguns motivos para contratar um plano da Trasmontano Sa\u00fade.<\/p>\n\n\t\t<\/div>\n\t\t\t<\/div>\n\n\t\n\n<\/div>\n<div class=\"row\"  id=\"row-1198313032\">\n\n\n\t<div id=\"col-550769535\" class=\"col medium-3 small-12 large-3\"  >\n\t\t<div class=\"col-inner\"  >\n\t\t\t\n\t\t\t\n\n\n\t\t<div class=\"icon-box featured-box icon-box-top text-left\"  >\n\t\t\t\t<div class=\"icon-box-text last-reset\">\n\t\t\t\t\t\t\t\t\t\n\n<h3 style=\"color: #ed3237;\">Tradi\u00e7\u00e3o e Solidez<\/h3>\n<p>A Trasmontano Sa\u00fade est\u00e1 presente\u00a0no mercado de sa\u00fade suplementar h\u00e1 mais de 90 anos, garantindo o melhor para cada um dos seus benefici\u00e1rios!<\/p>\n\n\t\t<\/div>\n\t<\/div>\n\t\n\t\n\n\t\t<\/div>\n\t\t\t<\/div>\n\n\t\n\n\t<div id=\"col-540751483\" class=\"col medium-3 small-12 large-3\"  >\n\t\t<div class=\"col-inner\"  >\n\t\t\t\n\t\t\t\n\n\n\t\t<div class=\"icon-box featured-box icon-box-top text-left\"  >\n\t\t\t\t<div class=\"icon-box-text last-reset\">\n\t\t\t\t\t\t\t\t\t\n\n<h3 style=\"color: #ed3237;\">Unidades IGESP<\/h3>\n<p>Diversos hospitais e unidades ambulatoriais com estrutura completa para realiza\u00e7\u00e3o de cirurgias e procedimentos de alta complexidade.<\/p>\n\n\t\t<\/div>\n\t<\/div>\n\t\n\t\n\n\t\t<\/div>\n\t\t\t<\/div>\n\n\t\n\n\t<div id=\"col-873431912\" class=\"col medium-3 small-12 large-3\"  >\n\t\t<div class=\"col-inner\"  >\n\t\t\t\n\t\t\t\n\n\n\t\t<div class=\"icon-box featured-box icon-box-top text-left\"  >\n\t\t\t\t<div class=\"icon-box-text last-reset\">\n\t\t\t\t\t\t\t\t\t\n\n<h3 style=\"color: #ed3237;\">TrasMais<\/h3>\n<p>O TrasMais \u00e9 o clube de vantangens da Trasmontano, com descontos exclusivos em diversos segmentos. Cuide da sua sa\u00fade economizando!\u00a0<\/p>\n\n\t\t<\/div>\n\t<\/div>\n\t\n\t\n\n\t\t<\/div>\n\t\t\t<\/div>\n\n\t\n\n\t<div id=\"col-584596751\" class=\"col medium-3 small-12 large-3\"  >\n\t\t<div class=\"col-inner\"  >\n\t\t\t\n\t\t\t\n\n\n\t\t<div class=\"icon-box featured-box icon-box-top text-left\"  >\n\t\t\t\t<div class=\"icon-box-text last-reset\">\n\t\t\t\t\t\t\t\t\t\n\n<h3 style=\"color: #ed3237;\">Centros M\u00e9dicos<\/h3>\n<p>Benefici\u00e1rios Trasmontano contam com acesso \u00e0 ambulat\u00f3rios exclusivos para realiza\u00e7\u00e3o de diversos tipos consultas e exames.<\/p>\n\n\t\t<\/div>\n\t<\/div>\n\t\n\t\n\n\t\t<\/div>\n\t\t\t<\/div>\n\n\t\n\n\t<div id=\"col-157148488\" class=\"col medium-3 small-12 large-3\"  >\n\t\t<div class=\"col-inner\"  >\n\t\t\t\n\t\t\t\n\n\n\t\t<div class=\"icon-box featured-box icon-box-top text-left\"  >\n\t\t\t\t<div class=\"icon-box-text last-reset\">\n\t\t\t\t\t\t\t\t\t\n\n<h3 style=\"color: #ed3237;\">Medicina Preventiva<\/h3>\n<p>Cuide da sua sa\u00fade com os Programas de Sa\u00fade Integral, que oferecem diversas atividades voltadas para a promo\u00e7\u00e3o da sa\u00fade.<\/p>\n\n\t\t<\/div>\n\t<\/div>\n\t\n\t\n\n\t\t<\/div>\n\t\t\t<\/div>\n\n\t\n\n\t<div id=\"col-392370646\" class=\"col medium-3 small-12 large-3\"  >\n\t\t<div class=\"col-inner\"  >\n\t\t\t\n\t\t\t\n\n\n\t\t<div class=\"icon-box featured-box icon-box-top text-left\"  >\n\t\t\t\t<div class=\"icon-box-text last-reset\">\n\t\t\t\t\t\t\t\t\t\n\n<h3 style=\"color: #ed3237;\">Planos Individuais<\/h3>\n<p>Os planos Individuais e Familiares da Trasmontano garantem o cuidado com a sa\u00fade que voc\u00ea e sua fam\u00edlia merecem. Simule agora!<\/p>\n\n\t\t<\/div>\n\t<\/div>\n\t\n\t\n\n\t\t<\/div>\n\t\t\t<\/div>\n\n\t\n\n\t<div id=\"col-642191587\" class=\"col medium-3 small-12 large-3\"  >\n\t\t<div class=\"col-inner\"  >\n\t\t\t\n\t\t\t\n\n\n\t\t<div class=\"icon-box featured-box icon-box-top text-left\"  >\n\t\t\t\t<div class=\"icon-box-text last-reset\">\n\t\t\t\t\t\t\t\t\t\n\n<h3 style=\"color: #ed3237;\">Planos Empresariais<\/h3>\n<p>Os planos Empresariais da trasmontano sa\u00fade s\u00e3o a melhor op\u00e7\u00e3o para voc\u00ea, seus colaboradores e dependentes cuidarem melhor da sa\u00fade.<\/p>\n\n\t\t<\/div>\n\t<\/div>\n\t\n\t\n\n\t\t<\/div>\n\t\t\t<\/div>\n\n\t\n\n\t<div id=\"col-1828414532\" class=\"col medium-3 small-12 large-3\"  >\n\t\t<div class=\"col-inner\"  >\n\t\t\t\n\t\t\t\n\n\n\t\t<div class=\"icon-box featured-box icon-box-top text-left\"  >\n\t\t\t\t<div class=\"icon-box-text last-reset\">\n\t\t\t\t\t\t\t\t\t\n\n<h3 style=\"color: #ed3237;\">Plano S\u00eanior<\/h3>\n<p>Os planos Trasmontano S\u00eanior garantem o melhor cuidado com a sa\u00fade para voc\u00ea que quer viver melhor a melhor fase da vida. Simule pelo site agora.<\/p>\n\n\t\t<\/div>\n\t<\/div>\n\t\n\t\n\n\t\t<\/div>\n\t\t\t<\/div>\n\n\t\n\n<\/div>\n\n\t\t<\/div>\n\n\t\t\n<style>\n#section_2084325511 {\n  padding-top: 47px;\n  padding-bottom: 47px;\n}\n<\/style>\n\t<\/section>\n\t\n","protected":false},"excerpt":{"rendered":"","protected":false},"author":1,"featured_media":0,"parent":0,"menu_order":0,"comment_status":"closed","ping_status":"closed","template":"page-blank.php","meta":{"inline_featured_image":false,"footnotes":""},"class_list":["post-7","page","type-page","status-publish","hentry"],"_links":{"self":[{"href":"https:\/\/segurosaude.com.br\/trasmontano-saude\/wp-json\/wp\/v2\/pages\/7","targetHints":{"allow":["GET"]}}],"collection":[{"href":"https:\/\/segurosaude.com.br\/trasmontano-saude\/wp-json\/wp\/v2\/pages"}],"about":[{"href":"https:\/\/segurosaude.com.br\/trasmontano-saude\/wp-json\/wp\/v2\/types\/page"}],"author":[{"embeddable":true,"href":"https:\/\/segurosaude.com.br\/trasmontano-saude\/wp-json\/wp\/v2\/users\/1"}],"replies":[{"embeddable":true,"href":"https:\/\/segurosaude.com.br\/trasmontano-saude\/wp-json\/wp\/v2\/comments?post=7"}],"version-history":[{"count":97,"href":"https:\/\/segurosaude.com.br\/trasmontano-saude\/wp-json\/wp\/v2\/pages\/7\/revisions"}],"predecessor-version":[{"id":1382,"href":"https:\/\/segurosaude.com.br\/trasmontano-saude\/wp-json\/wp\/v2\/pages\/7\/revisions\/1382"}],"wp:attachment":[{"href":"https:\/\/segurosaude.com.br\/trasmontano-saude\/wp-json\/wp\/v2\/media?parent=7"}],"curies":[{"name":"wp","href":"https:\/\/api.w.org\/{rel}","templated":true}]}}