{"id":7,"date":"2021-04-30T18:13:08","date_gmt":"2021-04-30T18:13:08","guid":{"rendered":"https:\/\/segurosaude.com.br\/sao-francisco-saude\/?page_id=7"},"modified":"2025-01-15T19:16:01","modified_gmt":"2025-01-15T19:16:01","slug":"home","status":"publish","type":"page","link":"https:\/\/segurosaude.com.br\/sao-francisco-saude\/","title":{"rendered":"Home"},"content":{"rendered":"\n  <div class=\"banner has-hover\" id=\"banner-270003972\">\n          <div class=\"banner-inner fill\">\n        <div class=\"banner-bg fill\" >\n            <div class=\"bg fill bg-fill \"><\/div>\n                        <div class=\"overlay\"><\/div>            \n                    <\/div>\n        <div class=\"banner-layers container\">\n            <div class=\"fill banner-link\"><\/div>            \n   <div id=\"text-box-1414674307\" class=\"text-box banner-layer x5 md-x0 lg-x0 y50 md-y50 lg-y50 res-text\">\n                                <div class=\"text-box-content text dark\">\n              \n              <div class=\"text-inner text-left\">\n                  \n<h2 class=\"uppercase\"><strong>Seguro Sa\u00fade S\u00c3O FRANCISCO SA\u00daDE<\/strong><\/h2>\n<h3>AMPLO ATENDIMENTO NO VALE DO PARA\u00cdBA E LITORAL NORTE<\/h3>\n<p>Os Planos S\u00e3o Francisco Sa\u00fade oferecem acesso \u00e0 uma ampla rede credenciada altamente qualificada, com diversos hospitais de refer\u00eancia, laborat\u00f3rios de \u00faltima gera\u00e7\u00e3o e centros de diagn\u00f3sticos.<\/p>\n<a href=\"#planos\" target=\"_self\" class=\"button primary\"  style=\"border-radius:99px;\">\n    <span>conhe\u00e7a o plano<\/span>\n  <\/a>\n\n<a href=\"#simulacao-sao-francisco-saude\" target=\"_self\" class=\"button secondary hide-for-small\"  style=\"border-radius:99px;\">\n    <span>simule agora<\/span>\n  <\/a>\n\n              <\/div>\n           <\/div>\n                            \n<style>\n#text-box-1414674307 {\n  width: 93%;\n}\n#text-box-1414674307 .text-box-content {\n  font-size: 156%;\n}\n@media (min-width:550px) {\n  #text-box-1414674307 {\n    width: 53%;\n  }\n  #text-box-1414674307 .text-box-content {\n    font-size: 100%;\n  }\n}\n<\/style>\n    <\/div>\n \n   <div id=\"text-box-2108286279\" class=\"text-box banner-layer hide-for-small x5 md-x100 lg-x100 y40 md-y50 lg-y50 res-text\">\n                                <div class=\"text-box-content text dark\">\n              \n              <div class=\"text-inner text-left\">\n                  \n<p><a href=\"#simulacao-sao-francisco-saude\"><img decoding=\"async\" src=\"https:\/\/segurosaude.com.br\/sao-francisco-saude\/wp-content\/uploads\/2024\/05\/simulador-sao-francisco-saude-vida.png\" \/><\/a><\/p>\n              <\/div>\n           <\/div>\n                            \n<style>\n#text-box-2108286279 {\n  width: 91%;\n}\n#text-box-2108286279 .text-box-content {\n  font-size: 100%;\n}\n@media (min-width:550px) {\n  #text-box-2108286279 {\n    width: 45%;\n  }\n}\n<\/style>\n    <\/div>\n \n        <\/div>\n      <\/div>\n\n            \n<style>\n#banner-270003972 {\n  padding-top: 100%;\n}\n#banner-270003972 .bg.bg-loaded {\n  background-image: url(https:\/\/segurosaude.com.br\/sao-francisco-saude\/wp-content\/uploads\/2024\/05\/MOD_MG_1790.jpg);\n}\n#banner-270003972 .overlay {\n  background-color: rgba(0, 0, 0, 0.628);\n}\n#banner-270003972 .bg {\n  background-position: 100% 100%;\n}\n@media (min-width:550px) {\n  #banner-270003972 {\n    padding-top: 630px;\n  }\n}\n<\/style>\n  <\/div>\n\n\n<span class=\"scroll-to\" data-label=\"Scroll to: #sobre\" data-bullet=\"false\" data-link=\"#sobre\" data-title=\"sobre\"><a name=\"sobre\"><\/a><\/span>\n\t<section class=\"section\" id=\"section_153522329\">\n\t\t<div class=\"bg section-bg fill bg-fill  \" >\n\n\t\t\t\n\t\t\t<div class=\"section-bg-overlay absolute fill\"><\/div>\n\t\t\t\n\n\t\t<\/div>\n\n\t\t<div class=\"section-content relative\">\n\t\t\t\n<div class=\"row row-small align-middle\"  id=\"row-253503000\">\n\n\t<div id=\"col-1740008953\" class=\"col medium-4 small-12 large-4\"  >\n\t\t<div class=\"col-inner\"  >\n\t\t\t\n\t\t\t\n\n  <div class=\"banner has-hover\" id=\"banner-1990456413\">\n          <div class=\"banner-inner fill\">\n        <div class=\"banner-bg fill\" >\n            <div class=\"bg fill bg-fill \"><\/div>\n                                    \n                    <\/div>\n        <div class=\"banner-layers container\">\n            <div class=\"fill banner-link\"><\/div>            \n        <\/div>\n      <\/div>\n\n            \n<style>\n#banner-1990456413 {\n  padding-top: 343px;\n}\n#banner-1990456413 .bg.bg-loaded {\n  background-image: url(https:\/\/segurosaude.com.br\/sao-francisco-saude\/wp-content\/uploads\/2024\/05\/convenio-sao-francisco-vida-plano-de-saude.jpg);\n}\n<\/style>\n  <\/div>\n\n\n\t\t<\/div>\n\t\t\t<\/div>\n\n\t\n\n\t<div id=\"col-1937209045\" class=\"col medium-8 small-12 large-8\"  >\n\t\t<div class=\"col-inner\"  >\n\t\t\t\n\t\t\t\n\t<div id=\"text-9622353\" class=\"text\">\n\t\t\n<h2 style=\"text-align: left;\"><span style=\"font-weight: bold; color: #00b0ab!important;\"><span style=\"color: #00b0ab;\">Conhe\u00e7a a <\/span><\/span><span style=\"font-weight: bold; color: #ec2327!important;\">S\u00e3o Francisco Sa\u00fade<\/span><\/h2>\n<div><strong>Planos de Sa\u00fade com valores que cabem no seu bolso.<\/strong><\/div>\n<div>\u00a0<\/div>\n<div __cpp=\"1\" __cporiginalvalueofinnerhtml=\"&lt;div class=&quot;flex-shrink-0 flex flex-col relative items-end&quot; data-mce-fragment=&quot;1&quot;&gt;&lt;div data-mce-fragment=&quot;1&quot;&gt;&lt;div class=&quot;pt-0.5 juice:pt-0&quot; data-mce-fragment=&quot;1&quot;&gt;&lt;div class=&quot;gizmo-bot-avatar flex h-6 w-6 items-center justify-center overflow-hidden rounded-full juice:h-8 juice:w-8&quot; data-mce-fragment=&quot;1&quot;&gt;&lt;div class=&quot;relative p-1 rounded-sm flex items-center justify-center bg-token-main-surface-primary text-token-text-primary h-8 w-8&quot; data-mce-fragment=&quot;1&quot;&gt;&lt;br data-mce-fragment=&quot;1&quot; \/&gt;&lt;\/div&gt;&lt;\/div&gt;&lt;\/div&gt;&lt;\/div&gt;&lt;\/div&gt;&lt;div class=&quot;group\/conversation-turn relative flex w-full min-w-0 flex-col agent-turn&quot; data-mce-fragment=&quot;1&quot;&gt;&lt;div class=&quot;flex-col gap-1 md:gap-3&quot; data-mce-fragment=&quot;1&quot;&gt;&lt;div class=&quot;flex flex-grow flex-col max-w-full&quot; data-mce-fragment=&quot;1&quot;&gt;&lt;div class=&quot;min-h-&#091;20px&#093; text-message flex flex-col items-start whitespace-pre-wrap break-words &#091;.text-message+&amp;amp;&#093;:mt-5 juice:w-full juice:items-end overflow-x-auto gap-2&quot; dir=&quot;auto&quot; data-message-author-role=&quot;assistant&quot; data-message-id=&quot;77c3ae7a-5708-4538-a312-dca103e66ec7&quot; data-mce-fragment=&quot;1&quot;&gt;&lt;div class=&quot;flex w-full flex-col gap-1 juice:empty:hidden juice:first:pt-&#091;3px&#093;&quot; data-mce-fragment=&quot;1&quot;&gt;&lt;div class=&quot;markdown prose w-full break-words dark:prose-invert light&quot; data-mce-fragment=&quot;1&quot;&gt;&lt;p data-mce-fragment=&quot;1&quot;&gt;Com mais de 20 anos de experi\u00eancia em planos de sa\u00fade, o S\u00e3o Francisco Vida oferece uma ampla e qualificada rede credenciada. Seu servi\u00e7o abrange hospitais de refer\u00eancia, laborat\u00f3rios de \u00faltima gera\u00e7\u00e3o e centros de diagn\u00f3sticos. Com um dos melhores custos-benef\u00edcios para sua empresa, o S\u00e3o Francisco Vida recentemente inaugurou novas unidades em Jacare\u00ed, S\u00e3o Jos\u00e9 dos Campos e Caraguatatuba, com modernas instala\u00e7\u00f5es administrativas e comerciais.&lt;span id=&quot;mce_marker&quot; data-mce-type=&quot;bookmark&quot; data-mce-fragment=&quot;1&quot;&gt;\u200b&lt;\/span&gt;&lt;\/p&gt;&lt;\/div&gt;&lt;\/div&gt;&lt;\/div&gt;&lt;\/div&gt;&lt;\/div&gt;&lt;\/div&gt;\">\n<div class=\"group\/conversation-turn relative flex w-full min-w-0 flex-col agent-turn\">\n<div class=\"flex-col gap-1 md:gap-3\">\n<div class=\"flex flex-grow flex-col max-w-full\">\n<div class=\"min-h-&#091;20px&#093; text-message flex flex-col items-start whitespace-pre-wrap break-words &#091;.text-message+&amp;&#093;:mt-5 juice:w-full juice:items-end overflow-x-auto gap-2\" dir=\"auto\" data-message-author-role=\"assistant\" data-message-id=\"77c3ae7a-5708-4538-a312-dca103e66ec7\">\n<div class=\"flex w-full flex-col gap-1 juice:empty:hidden juice:first:pt-&#091;3px&#093;\">\n<div class=\"markdown prose w-full break-words dark:prose-invert light\">\n<p>Com mais de 20 anos de experi\u00eancia em planos de sa\u00fade, o S\u00e3o Francisco Vida oferece uma ampla e qualificada rede credenciada. Seu servi\u00e7o abrange hospitais de refer\u00eancia, laborat\u00f3rios de \u00faltima gera\u00e7\u00e3o e centros de diagn\u00f3sticos. Com um dos melhores custos X benef\u00edcios no mercado de planos de sa\u00fade, o S\u00e3o Francisco Vida recentemente inaugurou novas unidades em Jacare\u00ed, S\u00e3o Jos\u00e9 dos Campos e Caraguatatuba, com modernas instala\u00e7\u00f5es administrativas e comerciais.<\/p>\n<\/div>\n<\/div>\n<\/div>\n<\/div>\n<\/div>\n<\/div>\n<\/div>\n<div __cpp=\"1\" __cporiginalvalueofinnerhtml=\"No S\u00e3o Francisco Vida voc\u00ea encontra diversas op\u00e7\u00f5es de planos pensados especialmente para voc\u00ea, sua fam\u00edlia ou empresa. Os planos oferecem uma ampla rede credenciada de cl\u00ednicas, hospitais, laborat\u00f3rios e terapias ao seu alcance no Vale e Litoral. &lt;span id=&quot;mce_marker&quot; data-mce-type=&quot;bookmark&quot; data-mce-fragment=&quot;1&quot;&gt;\u200b&lt;\/span&gt;\">No S\u00e3o Francisco Vida voc\u00ea encontra diversas op\u00e7\u00f5es de planos pensados especialmente para voc\u00ea, sua fam\u00edlia ou empresa. Os planos oferecem uma ampla rede credenciada de cl\u00ednicas, hospitais, laborat\u00f3rios e terapias ao seu alcance no Vale e Litoral.<\/div>\n\t\t\n<style>\n#text-9622353 {\n  text-align: left;\n}\n<\/style>\n\t<\/div>\n\t\n\t\t<\/div>\n\t\t\t<\/div>\n\n\t\n<\/div>\n\t\t<\/div>\n\n\t\t\n<style>\n#section_153522329 {\n  padding-top: 30px;\n  padding-bottom: 30px;\n}\n#section_153522329 .section-bg-overlay {\n  background-color: rgba(255, 255, 255, 0.163);\n}\n#section_153522329 .section-bg.bg-loaded {\n  background-image: url(https:\/\/segurosaude.com.br\/sao-francisco-saude\/wp-content\/uploads\/2021\/04\/bg.png);\n}\n<\/style>\n\t<\/section>\n\t\n<span class=\"scroll-to\" data-label=\"Scroll to: #diferenciais\" data-bullet=\"false\" data-link=\"#diferenciais\" data-title=\"diferenciais\"><a name=\"diferenciais\"><\/a><\/span>\n\n\t<section class=\"section\" id=\"section_988115627\">\n\t\t<div class=\"bg section-bg fill bg-fill  bg-loaded\" >\n\n\t\t\t\n\t\t\t\n\t\t\t\n\n\t\t<\/div>\n\n\t\t<div class=\"section-content relative\">\n\t\t\t\n\n<div class=\"row\"  id=\"row-1216454144\">\n\n\n\t<div id=\"col-325821801\" class=\"col small-12 large-12\"  >\n\t\t<div class=\"col-inner\"  >\n\t\t\t\n\t\t\t\n\n<h2 style=\"text-align: center;\"><span style=\"font-weight: bold; color: #008fb3!important;\"><span style=\"color: #008fb3;\">Diferenciais <\/span><\/span><span style=\"font-weight: bold; color: #ec2327!important;\">S\u00e3o Francisco Sa\u00fade<\/span><\/h2>\n<p style=\"text-align: center;\">Confira alguns motivos para contratar um plano da S\u00e3o Francisco Sa\u00fade.<\/p>\n\n\t\t<\/div>\n\t\t\t<\/div>\n\n\t\n\n<\/div>\n<div class=\"row row-small\"  id=\"row-1573110373\">\n\n\n\t<div id=\"col-1867005540\" class=\"col medium-3 small-12 large-3\"  >\n\t\t<div class=\"col-inner\"  >\n\t\t\t\n\t\t\t\n\n\n\t\t<div class=\"icon-box featured-box icon-box-top text-left\"  >\n\t\t\t\t<div class=\"icon-box-text last-reset\">\n\t\t\t\t\t\t\t\t\t\n\n<h3 style=\"color: #008fb3;\">Planos Pessoa F\u00edsica<\/h3>\n<p>Os planos Pessoa F\u00edsica da S\u00e3o Francisco Sa\u00fade foram desenvolvidos para oferece mais conforto e tranquilidade para voc\u00ea e sua fam\u00edlia. Simule agora!<\/p>\n\n\t\t<\/div>\n\t<\/div>\n\t\n\t\n\n\t\t<\/div>\n\t\t\t<\/div>\n\n\t\n\n\t<div id=\"col-374983961\" class=\"col medium-3 small-12 large-3\"  >\n\t\t<div class=\"col-inner\"  >\n\t\t\t\n\t\t\t\n\n\n\t\t<div class=\"icon-box featured-box icon-box-top text-left\"  >\n\t\t\t\t<div class=\"icon-box-text last-reset\">\n\t\t\t\t\t\t\t\t\t\n\n<h3 style=\"color: #008fb3;\">Planos Empresariais<\/h3>\n<p>Os planos S\u00e3o Francisco Vida Empresarial garantem o melhor em assist\u00eancia m\u00e9dica para voc\u00ea, os colaboradores da sua empresa e seus dependentes. <\/p>\n\n\t\t<\/div>\n\t<\/div>\n\t\n\t\n\n\t\t<\/div>\n\t\t\t<\/div>\n\n\t\n\n\t<div id=\"col-194850636\" class=\"col medium-3 small-12 large-3\"  >\n\t\t<div class=\"col-inner\"  >\n\t\t\t\n\t\t\t\n\n\n\t\t<div class=\"icon-box featured-box icon-box-top text-left\"  >\n\t\t\t\t<div class=\"icon-box-text last-reset\">\n\t\t\t\t\t\t\t\t\t\n\n<h3 style=\"color: #008fb3;\">Hospital Pr\u00f3prio<\/h3>\n<p>Al\u00e9m da rede credenciada, os benefici\u00e1rios S\u00e3o Francisco Sa\u00fade contam com atendimento no Hospital S\u00e3o Francisco de Assis, um dos melhores hospitais da regi\u00e3o.<\/p>\n\n\t\t<\/div>\n\t<\/div>\n\t\n\t\n\n\t\t<\/div>\n\t\t\t<\/div>\n\n\t\n\n\t<div id=\"col-353043702\" class=\"col medium-3 small-12 large-3\"  >\n\t\t<div class=\"col-inner\"  >\n\t\t\t\n\t\t\t\n\n\n\t\t<div class=\"icon-box featured-box icon-box-top text-left\"  >\n\t\t\t\t<div class=\"icon-box-text last-reset\">\n\t\t\t\t\t\t\t\t\t\n\n<h3 style=\"color: #008fb3;\">Melhores valores<\/h3>\n<p>Contrate seu plano de sa\u00fade com algumas das menores mensalidades do mercado! Fa\u00e7a uma simula\u00e7\u00e3o gratuitamente pelo site e confira a tabela de valores atualizada.<\/p>\n\n\t\t<\/div>\n\t<\/div>\n\t\n\t\n\n\t\t<\/div>\n\t\t\t<\/div>\n\n\t\n\n\t<div id=\"col-801151440\" class=\"col medium-3 small-12 large-3\"  >\n\t\t<div class=\"col-inner\"  >\n\t\t\t\n\t\t\t\n\n\n\t\t<div class=\"icon-box featured-box icon-box-top text-left\"  >\n\t\t\t\t<div class=\"icon-box-text last-reset\">\n\t\t\t\t\t\t\t\t\t\n\n<h3 style=\"color: #008fb3;\">Clube de Benef\u00edcios<\/h3>\n<p>Clientes S\u00e3o Francisco Vida contam com uma s\u00e9rie de vantagens e descontos em diversos parceiros como farm\u00e1cias, escolas, lojas de roupas e muito mais.<\/p>\n\n\t\t<\/div>\n\t<\/div>\n\t\n\t\n\n\t\t<\/div>\n\t\t\t<\/div>\n\n\t\n\n\t<div id=\"col-469843574\" class=\"col medium-3 small-12 large-3\"  >\n\t\t<div class=\"col-inner\"  >\n\t\t\t\n\t\t\t\n\n\n\t\t<div class=\"icon-box featured-box icon-box-top text-left\"  >\n\t\t\t\t<div class=\"icon-box-text last-reset\">\n\t\t\t\t\t\t\t\t\t\n\n<h3 style=\"color: #008fb3;\">20 anos de hist\u00f3ria<\/h3>\n<p>O S\u00e3o Francisco Vida est\u00e1 presente no mercado de planos de sa\u00fade h\u00e1 mais de 20 anos, oferecendo uma ampla rede credenciada pela melhor rela\u00e7\u00e3o custo X benef\u00edcio.<\/p>\n\n\t\t<\/div>\n\t<\/div>\n\t\n\t\n\n\t\t<\/div>\n\t\t\t<\/div>\n\n\t\n\n\t<div id=\"col-2038761891\" class=\"col medium-3 small-12 large-3\"  >\n\t\t<div class=\"col-inner\"  >\n\t\t\t\n\t\t\t\n\n\n\t\t<div class=\"icon-box featured-box icon-box-top text-left\"  >\n\t\t\t\t<div class=\"icon-box-text last-reset\">\n\t\t\t\t\t\t\t\t\t\n\n<h3 style=\"color: #008fb3;\">Rede Credenciada<\/h3>\n<p>Conte com uma ampla e qualificada rede credenciada, formada por hospitais de refer\u00eancia, laborat\u00f3rios de \u00faltima gera\u00e7\u00e3o e centro de diagn\u00f3sticos.<\/p>\n\n\t\t<\/div>\n\t<\/div>\n\t\n\t\n\n\t\t<\/div>\n\t\t\t<\/div>\n\n\t\n\n\t<div id=\"col-1056560901\" class=\"col medium-3 small-12 large-3\"  >\n\t\t<div class=\"col-inner\"  >\n\t\t\t\n\t\t\t\n\n\n\t\t<div class=\"icon-box featured-box icon-box-top text-left\"  >\n\t\t\t\t<div class=\"icon-box-text last-reset\">\n\t\t\t\t\t\t\t\t\t\n\n<h3 style=\"color: #008fb3;\">Voc\u00ea em foco<\/h3>\n<p>A S\u00e3o Francisco Sa\u00fade tem voc\u00ea, benefici\u00e1rio, em primeiro lugar. Se voc\u00ea mora no Vale do Para\u00edba ou no Litoral Norte, a SF Vida \u00e9 uma das melhores op\u00e7\u00f5es de contrata\u00e7\u00e3o.<\/p>\n\n\t\t<\/div>\n\t<\/div>\n\t\n\t\n\n\t\t<\/div>\n\t\t\t<\/div>\n\n\t\n\n<\/div>\n\n\t\t<\/div>\n\n\t\t\n<style>\n#section_988115627 {\n  padding-top: 47px;\n  padding-bottom: 47px;\n}\n<\/style>\n\t<\/section>\n\t\n","protected":false},"excerpt":{"rendered":"","protected":false},"author":1,"featured_media":0,"parent":0,"menu_order":0,"comment_status":"closed","ping_status":"closed","template":"page-blank.php","meta":{"inline_featured_image":false,"footnotes":""},"class_list":["post-7","page","type-page","status-publish","hentry"],"_links":{"self":[{"href":"https:\/\/segurosaude.com.br\/sao-francisco-saude\/wp-json\/wp\/v2\/pages\/7","targetHints":{"allow":["GET"]}}],"collection":[{"href":"https:\/\/segurosaude.com.br\/sao-francisco-saude\/wp-json\/wp\/v2\/pages"}],"about":[{"href":"https:\/\/segurosaude.com.br\/sao-francisco-saude\/wp-json\/wp\/v2\/types\/page"}],"author":[{"embeddable":true,"href":"https:\/\/segurosaude.com.br\/sao-francisco-saude\/wp-json\/wp\/v2\/users\/1"}],"replies":[{"embeddable":true,"href":"https:\/\/segurosaude.com.br\/sao-francisco-saude\/wp-json\/wp\/v2\/comments?post=7"}],"version-history":[{"count":100,"href":"https:\/\/segurosaude.com.br\/sao-francisco-saude\/wp-json\/wp\/v2\/pages\/7\/revisions"}],"predecessor-version":[{"id":1400,"href":"https:\/\/segurosaude.com.br\/sao-francisco-saude\/wp-json\/wp\/v2\/pages\/7\/revisions\/1400"}],"wp:attachment":[{"href":"https:\/\/segurosaude.com.br\/sao-francisco-saude\/wp-json\/wp\/v2\/media?parent=7"}],"curies":[{"name":"wp","href":"https:\/\/api.w.org\/{rel}","templated":true}]}}