{"id":7,"date":"2021-04-30T18:13:08","date_gmt":"2021-04-30T18:13:08","guid":{"rendered":"https:\/\/segurosaude.com.br\/sao-cristovao-saude\/?page_id=7"},"modified":"2025-01-15T19:16:00","modified_gmt":"2025-01-15T19:16:00","slug":"home","status":"publish","type":"page","link":"https:\/\/segurosaude.com.br\/sao-cristovao-saude\/","title":{"rendered":"Home"},"content":{"rendered":"\n  <div class=\"banner has-hover\" id=\"banner-991079489\">\n          <div class=\"banner-inner fill\">\n        <div class=\"banner-bg fill\" >\n            <div class=\"bg fill bg-fill \"><\/div>\n                        <div class=\"overlay\"><\/div>            \n                    <\/div>\n        <div class=\"banner-layers container\">\n            <div class=\"fill banner-link\"><\/div>            \n   <div id=\"text-box-1238524458\" class=\"text-box banner-layer x5 md-x0 lg-x0 y50 md-y50 lg-y50 res-text\">\n                                <div class=\"text-box-content text dark\">\n              \n              <div class=\"text-inner text-left\">\n                  \n<h2 class=\"uppercase\"><strong>Seguro Sa\u00fade  S\u00c3O CRIST\u00d3V\u00c3O sa\u00fade<\/strong><\/h2>\n<h3>O PLANO IDEAL PARA SUA VIDA<\/h3>\n<p>Com mais de 100 anos de hist\u00f3ria, a S\u00e3o Crist\u00f3v\u00e3o Sa\u00fade \u00e9 refer\u00eancia de sa\u00fade em S\u00e3o Paulo e regi\u00e3o, garantindo bem-estar e qualidade de vida \u00e0 todos os seus benefici\u00e1rios. Simule seu plano gratuitamente pelo site!<\/p>\n<a href=\"#planos\" target=\"_self\" class=\"button primary\"  style=\"border-radius:99px;\">\n    <span>conhe\u00e7a o plano<\/span>\n  <\/a>\n\n<a href=\"#simulacao-sao-cristovao-saude\" target=\"_self\" class=\"button secondary hide-for-small\"  style=\"border-radius:99px;\">\n    <span>simule agora<\/span>\n  <\/a>\n\n              <\/div>\n           <\/div>\n                            \n<style>\n#text-box-1238524458 {\n  width: 94%;\n}\n#text-box-1238524458 .text-box-content {\n  font-size: 156%;\n}\n@media (min-width:550px) {\n  #text-box-1238524458 {\n    width: 55%;\n  }\n  #text-box-1238524458 .text-box-content {\n    font-size: 100%;\n  }\n}\n<\/style>\n    <\/div>\n \n   <div id=\"text-box-1630878501\" class=\"text-box banner-layer hide-for-small x5 md-x100 lg-x100 y40 md-y50 lg-y50 res-text\">\n                                <div class=\"text-box-content text dark\">\n              \n              <div class=\"text-inner text-left\">\n                  \n<p><a href=\"#simulacao-sao-cristovao-saude\"><img decoding=\"async\" src=\"https:\/\/segurosaude.com.br\/sao-cristovao-saude\/wp-content\/uploads\/2024\/05\/simulador-sao-cristova-saude.png\" \/><\/a><\/p>\n              <\/div>\n           <\/div>\n                            \n<style>\n#text-box-1630878501 {\n  width: 91%;\n}\n#text-box-1630878501 .text-box-content {\n  font-size: 100%;\n}\n@media (min-width:550px) {\n  #text-box-1630878501 {\n    width: 45%;\n  }\n}\n<\/style>\n    <\/div>\n \n        <\/div>\n      <\/div>\n\n            \n<style>\n#banner-991079489 {\n  padding-top: 100%;\n}\n#banner-991079489 .bg.bg-loaded {\n  background-image: url(https:\/\/segurosaude.com.br\/sao-cristovao-saude\/wp-content\/uploads\/2024\/05\/Sao_Cristovao_-FACHADA-EM-2015-e1585839901918-1024x768.webp);\n}\n#banner-991079489 .overlay {\n  background-color: rgba(0, 0, 0, 0.628);\n}\n#banner-991079489 .bg {\n  background-position: 100% 100%;\n}\n@media (min-width:550px) {\n  #banner-991079489 {\n    padding-top: 630px;\n  }\n}\n<\/style>\n  <\/div>\n\n\n<span class=\"scroll-to\" data-label=\"Scroll to: #sobre\" data-bullet=\"false\" data-link=\"#sobre\" data-title=\"sobre\"><a name=\"sobre\"><\/a><\/span>\n\t<section class=\"section\" id=\"section_1251148657\">\n\t\t<div class=\"bg section-bg fill bg-fill  \" >\n\n\t\t\t\n\t\t\t<div class=\"section-bg-overlay absolute fill\"><\/div>\n\t\t\t\n\n\t\t<\/div>\n\n\t\t<div class=\"section-content relative\">\n\t\t\t\n<div class=\"row row-small align-middle\"  id=\"row-586989656\">\n\n\t<div id=\"col-2038164824\" class=\"col medium-4 small-12 large-4\"  >\n\t\t<div class=\"col-inner\"  >\n\t\t\t\n\t\t\t\n\n  <div class=\"banner has-hover\" id=\"banner-173964281\">\n          <div class=\"banner-inner fill\">\n        <div class=\"banner-bg fill\" >\n            <div class=\"bg fill bg-fill \"><\/div>\n                                    \n                    <\/div>\n        <div class=\"banner-layers container\">\n            <div class=\"fill banner-link\"><\/div>            \n        <\/div>\n      <\/div>\n\n            \n<style>\n#banner-173964281 {\n  padding-top: 372px;\n}\n#banner-173964281 .bg.bg-loaded {\n  background-image: url(https:\/\/segurosaude.com.br\/sao-cristovao-saude\/wp-content\/uploads\/2024\/05\/Sao-Cristovao-5.jpg);\n}\n#banner-173964281 .bg {\n  background-position: 44% 4%;\n}\n<\/style>\n  <\/div>\n\n\n\t\t<\/div>\n\t\t\t<\/div>\n\n\t\n\n\t<div id=\"col-1180128841\" class=\"col medium-8 small-12 large-8\"  >\n\t\t<div class=\"col-inner\"  >\n\t\t\t\n\t\t\t\n\t<div id=\"text-417350363\" class=\"text\">\n\t\t\n<h2 style=\"text-align: left;\"><span style=\"font-weight: bold; color: #00b0ab!important;\"><span style=\"color: #00b0ab;\">Conhe\u00e7a a <\/span><\/span><span style=\"font-weight: bold; color: #032346!important;\">S\u00e3o Crist\u00f3v\u00e3o Sa\u00fade<\/span><\/h2>\n<div><strong>O plano S\u00e3o Crist\u00f3v\u00e3o Sa\u00fade garante promo\u00e7\u00e3o \u00e0 sa\u00fade de maneira acess\u00edvel! Simule agora.<\/strong><\/div>\n<div>\u00a0<\/div>\n<div>O Plano de Sa\u00fade S\u00e3o Crist\u00f3v\u00e3o opera no segmento de sa\u00fade assistencial desde 1911 e possui certifica\u00e7\u00e3o ISO 9001 na unidade de Planos de Sa\u00fade desde 2009. Conta com uma vasta rede credenciada, abrangendo quase 300 pontos de atendimento, incluindo hospitais, laborat\u00f3rios, centros de diagn\u00f3sticos, cl\u00ednicas e consult\u00f3rios em S\u00e3o Paulo, Grande S\u00e3o Paulo, Litoral e Regi\u00e3o do ABC. Atualmente, oferece qualidade assistencial a 160 mil vidas no Plano de Sa\u00fade e 23 mil no Plano Odontol\u00f3gico.<\/div>\n<div>\u00a0<\/div>\n<div>Atualmente, o Grupo possui oito Unidades Ambulatoriais, oferecendo mais de 30 especialidades, que v\u00e3o desde centro pedi\u00e1trico e vacina\u00e7\u00e3o, at\u00e9 ortopedia, centro dermatol\u00f3gico e obstetr\u00edcia.<\/div>\n\t\t\n<style>\n#text-417350363 {\n  text-align: left;\n}\n<\/style>\n\t<\/div>\n\t\n\t\t<\/div>\n\t\t\t<\/div>\n\n\t\n<\/div>\n\t\t<\/div>\n\n\t\t\n<style>\n#section_1251148657 {\n  padding-top: 30px;\n  padding-bottom: 30px;\n}\n#section_1251148657 .section-bg-overlay {\n  background-color: rgba(255, 255, 255, 0.163);\n}\n#section_1251148657 .section-bg.bg-loaded {\n  background-image: url(https:\/\/segurosaude.com.br\/sao-cristovao-saude\/wp-content\/uploads\/2021\/04\/bg.png);\n}\n<\/style>\n\t<\/section>\n\t\n<span class=\"scroll-to\" data-label=\"Scroll to: #diferenciais\" data-bullet=\"false\" data-link=\"#diferenciais\" data-title=\"diferenciais\"><a name=\"diferenciais\"><\/a><\/span>\n\n\t<section class=\"section\" id=\"section_2082795209\">\n\t\t<div class=\"bg section-bg fill bg-fill  bg-loaded\" >\n\n\t\t\t\n\t\t\t\n\t\t\t\n\n\t\t<\/div>\n\n\t\t<div class=\"section-content relative\">\n\t\t\t\n\n<div class=\"row\"  id=\"row-253349654\">\n\n\n\t<div id=\"col-1219738130\" class=\"col small-12 large-12\"  >\n\t\t<div class=\"col-inner\"  >\n\t\t\t\n\t\t\t\n\n<h2 style=\"text-align: center;\"><span style=\"font-weight: bold; color: #00b0ab!important;\"><span style=\"color: #00b0ab;\">Diferenciais <\/span><\/span><span style=\"font-weight: bold; color: #032346!important;\">S\u00e3o Crist\u00f3v\u00e3o Sa\u00fade<\/span><\/h2>\n<p style=\"text-align: center;\">Confira alguns motivos para contratar um plano da S\u00e3o Crist\u00f3v\u00e3o Sa\u00fade.<\/p>\n\n\t\t<\/div>\n\t\t\t<\/div>\n\n\t\n\n<\/div>\n<div class=\"row\"  id=\"row-1886570290\">\n\n\n\t<div id=\"col-1436338608\" class=\"col medium-3 small-12 large-3\"  >\n\t\t<div class=\"col-inner\"  >\n\t\t\t\n\t\t\t\n\n\n\t\t<div class=\"icon-box featured-box icon-box-top text-left\"  >\n\t\t\t\t<div class=\"icon-box-text last-reset\">\n\t\t\t\t\t\t\t\t\t\n\n<h3 style=\"color: #032346;\">A melhor estrutura<\/h3>\n<p>Para voc\u00ea viver mais tranquilo! S\u00e3o 8 centros ambulatoriais, centro laboratorial, servi\u00e7os de vacina\u00e7\u00e3o e pronto-socorros adulto e infantil. Simule e confira a rede completa.<\/p>\n\n\t\t<\/div>\n\t<\/div>\n\t\n\t\n\n\t\t<\/div>\n\t\t\t<\/div>\n\n\t\n\n\t<div id=\"col-1336530626\" class=\"col medium-3 small-12 large-3\"  >\n\t\t<div class=\"col-inner\"  >\n\t\t\t\n\t\t\t\n\n\n\t\t<div class=\"icon-box featured-box icon-box-top text-left\"  >\n\t\t\t\t<div class=\"icon-box-text last-reset\">\n\t\t\t\t\t\t\t\t\t\n\n<h3 style=\"color: #032346;\">Centros Ambulatoriais<\/h3>\n<p>A S\u00e3o Crist\u00f3v\u00e3o Sa\u00fade oferece acesso \u00e0 diversos centros ambulatoriais com atendimento especializado, que garante o melhor cuidado com ampla estrutura.<\/p>\n\n\t\t<\/div>\n\t<\/div>\n\t\n\t\n\n\t\t<\/div>\n\t\t\t<\/div>\n\n\t\n\n\t<div id=\"col-1443549441\" class=\"col medium-3 small-12 large-3\"  >\n\t\t<div class=\"col-inner\"  >\n\t\t\t\n\t\t\t\n\n\n\t\t<div class=\"icon-box featured-box icon-box-top text-left\"  >\n\t\t\t\t<div class=\"icon-box-text last-reset\">\n\t\t\t\t\t\t\t\t\t\n\n<h3 style=\"color: #032346;\">Variedade de Planos<\/h3>\n<p>Escolha entre diversas op\u00e7\u00f5es de planos, que se diferenciam pelas op\u00e7\u00f5es de atendimento e mensalidades. Fa\u00e7a uma simula\u00e7\u00e3o e encontre o plano ideal!<\/p>\n\n\t\t<\/div>\n\t<\/div>\n\t\n\t\n\n\t\t<\/div>\n\t\t\t<\/div>\n\n\t\n\n\t<div id=\"col-102457185\" class=\"col medium-3 small-12 large-3\"  >\n\t\t<div class=\"col-inner\"  >\n\t\t\t\n\t\t\t\n\n\n\t\t<div class=\"icon-box featured-box icon-box-top text-left\"  >\n\t\t\t\t<div class=\"icon-box-text last-reset\">\n\t\t\t\t\t\t\t\t\t\n\n<h3 style=\"color: #032346;\">Sa\u00fade + Odonto<\/h3>\n<p>Na S\u00e3o Crist\u00f3v\u00e3o Sa\u00fade voc\u00ea pode contratar seu plano de sa\u00fade em conjunto com um plano odontol\u00f3gico, tudo isso com os melhores valores do mercado.<\/p>\n\n\t\t<\/div>\n\t<\/div>\n\t\n\t\n\n\t\t<\/div>\n\t\t\t<\/div>\n\n\t\n\n\t<div id=\"col-215382289\" class=\"col medium-3 small-12 large-3\"  >\n\t\t<div class=\"col-inner\"  >\n\t\t\t\n\t\t\t\n\n\n\t\t<div class=\"icon-box featured-box icon-box-top text-left\"  >\n\t\t\t\t<div class=\"icon-box-text last-reset\">\n\t\t\t\t\t\t\t\t\t\n\n<h3 style=\"color: #032346;\">Hotelaria Hospitalar<\/h3>\n<p>A S\u00e3o Crist\u00f3v\u00e3o Sa\u00fade conta com 275 leitos divididos entre apartamentos, enfermarias, unidades de apoio, terapia intensiva e tratamento de medula \u00f3ssea.<\/p>\n\n\t\t<\/div>\n\t<\/div>\n\t\n\t\n\n\t\t<\/div>\n\t\t\t<\/div>\n\n\t\n\n\t<div id=\"col-833368614\" class=\"col medium-3 small-12 large-3\"  >\n\t\t<div class=\"col-inner\"  >\n\t\t\t\n\t\t\t\n\n\n\t\t<div class=\"icon-box featured-box icon-box-top text-left\"  >\n\t\t\t\t<div class=\"icon-box-text last-reset\">\n\t\t\t\t\t\t\t\t\t\n\n<h3 style=\"color: #032346;\">Planos para melhor idade<\/h3>\n<p>A S\u00e3o Crist\u00f3v\u00e3o Sa\u00fade oferece duas op\u00e7\u00f5es de contrata\u00e7\u00e3o para pessoas com mais de 40 anos: O Plano Viva Melhor e o plano Bem-estar 40+. Simule agora mesmo!<\/p>\n\n\t\t<\/div>\n\t<\/div>\n\t\n\t\n\n\t\t<\/div>\n\t\t\t<\/div>\n\n\t\n\n\t<div id=\"col-242949661\" class=\"col medium-3 small-12 large-3\"  >\n\t\t<div class=\"col-inner\"  >\n\t\t\t\n\t\t\t\n\n\n\t\t<div class=\"icon-box featured-box icon-box-top text-left\"  >\n\t\t\t\t<div class=\"icon-box-text last-reset\">\n\t\t\t\t\t\t\t\t\t\n\n<h3 style=\"color: #032346;\">Telemedicina<\/h3>\n<p>Com a Telemedicina S\u00e3o Crist\u00f3v\u00e3o Sa\u00fade voc\u00ea \u00e9 atendido por uma equipe m\u00e9dica altamente capacitada para atendimento \u00e0 dist\u00e2ncia.<\/p>\n\n\t\t<\/div>\n\t<\/div>\n\t\n\t\n\n\t\t<\/div>\n\t\t\t<\/div>\n\n\t\n\n\t<div id=\"col-1053394707\" class=\"col medium-3 small-12 large-3\"  >\n\t\t<div class=\"col-inner\"  >\n\t\t\t\n\t\t\t\n\n\n\t\t<div class=\"icon-box featured-box icon-box-top text-left\"  >\n\t\t\t\t<div class=\"icon-box-text last-reset\">\n\t\t\t\t\t\t\t\t\t\n\n<h3 style=\"color: #032346;\">Plano Odonto<\/h3>\n<p>Os planos Odonto S\u00e3o Crist\u00f3v\u00e3o Sa\u00fade garantem as melhores coberturas por valores acess\u00edveis. Solicite uma cota\u00e7\u00e3o gratuitamente pelo site ou whatsapp.<\/p>\n\n\t\t<\/div>\n\t<\/div>\n\t\n\t\n\n\t\t<\/div>\n\t\t\t<\/div>\n\n\t\n\n<\/div>\n\n\t\t<\/div>\n\n\t\t\n<style>\n#section_2082795209 {\n  padding-top: 47px;\n  padding-bottom: 47px;\n}\n<\/style>\n\t<\/section>\n\t\n","protected":false},"excerpt":{"rendered":"","protected":false},"author":1,"featured_media":0,"parent":0,"menu_order":0,"comment_status":"closed","ping_status":"closed","template":"page-blank.php","meta":{"inline_featured_image":false,"footnotes":""},"class_list":["post-7","page","type-page","status-publish","hentry"],"_links":{"self":[{"href":"https:\/\/segurosaude.com.br\/sao-cristovao-saude\/wp-json\/wp\/v2\/pages\/7","targetHints":{"allow":["GET"]}}],"collection":[{"href":"https:\/\/segurosaude.com.br\/sao-cristovao-saude\/wp-json\/wp\/v2\/pages"}],"about":[{"href":"https:\/\/segurosaude.com.br\/sao-cristovao-saude\/wp-json\/wp\/v2\/types\/page"}],"author":[{"embeddable":true,"href":"https:\/\/segurosaude.com.br\/sao-cristovao-saude\/wp-json\/wp\/v2\/users\/1"}],"replies":[{"embeddable":true,"href":"https:\/\/segurosaude.com.br\/sao-cristovao-saude\/wp-json\/wp\/v2\/comments?post=7"}],"version-history":[{"count":96,"href":"https:\/\/segurosaude.com.br\/sao-cristovao-saude\/wp-json\/wp\/v2\/pages\/7\/revisions"}],"predecessor-version":[{"id":1371,"href":"https:\/\/segurosaude.com.br\/sao-cristovao-saude\/wp-json\/wp\/v2\/pages\/7\/revisions\/1371"}],"wp:attachment":[{"href":"https:\/\/segurosaude.com.br\/sao-cristovao-saude\/wp-json\/wp\/v2\/media?parent=7"}],"curies":[{"name":"wp","href":"https:\/\/api.w.org\/{rel}","templated":true}]}}