{"id":7,"date":"2021-04-30T18:13:08","date_gmt":"2021-04-30T18:13:08","guid":{"rendered":"https:\/\/segurosaude.com.br\/sao-camilo-saude\/?page_id=7"},"modified":"2025-01-15T19:15:59","modified_gmt":"2025-01-15T19:15:59","slug":"home","status":"publish","type":"page","link":"https:\/\/segurosaude.com.br\/sao-camilo-saude\/","title":{"rendered":"Home"},"content":{"rendered":"\n  <div class=\"banner has-hover\" id=\"banner-1127249163\">\n          <div class=\"banner-inner fill\">\n        <div class=\"banner-bg fill\" >\n            <div class=\"bg fill bg-fill \"><\/div>\n                        <div class=\"overlay\"><\/div>            \n                    <\/div>\n        <div class=\"banner-layers container\">\n            <div class=\"fill banner-link\"><\/div>            \n   <div id=\"text-box-543064584\" class=\"text-box banner-layer x5 md-x0 lg-x0 y50 md-y50 lg-y50 res-text\">\n                                <div class=\"text-box-content text dark\">\n              \n              <div class=\"text-inner text-left\">\n                  \n<h2 class=\"uppercase\"><strong>Seguro Sa\u00fade S\u00e3o Camilo Sa\u00fade<\/strong><\/h2>\n<h3>VOC\u00ca E SUA FAM\u00cdLIA SEMPRE SEGUROS<\/h3>\n<p>Desde o inicio das suas atividades, em 1992, a S\u00e3o Camilo Sa\u00fade oferece os melhores servi\u00e7os em assist\u00eancia m\u00e9dica para voc\u00ea, sua fam\u00edlia ou empresa.<\/p>\n<a href=\"#planos\" target=\"_self\" class=\"button primary\"  style=\"border-radius:99px;\">\n    <span>conhe\u00e7a o plano<\/span>\n  <\/a>\n\n<a href=\"#simulacao-sao-camilo-saude\" target=\"_self\" class=\"button secondary hide-for-small\"  style=\"border-radius:99px;\">\n    <span>simule agora<\/span>\n  <\/a>\n\n              <\/div>\n           <\/div>\n                            \n<style>\n#text-box-543064584 {\n  width: 90%;\n}\n#text-box-543064584 .text-box-content {\n  font-size: 156%;\n}\n@media (min-width:550px) {\n  #text-box-543064584 {\n    width: 43%;\n  }\n  #text-box-543064584 .text-box-content {\n    font-size: 100%;\n  }\n}\n<\/style>\n    <\/div>\n \n   <div id=\"text-box-1963796894\" class=\"text-box banner-layer hide-for-small x5 md-x100 lg-x100 y40 md-y50 lg-y50 res-text\">\n                                <div class=\"text-box-content text dark\">\n              \n              <div class=\"text-inner text-left\">\n                  \n<p><a href=\"#simulacao-sao-camilo-saude\"><img decoding=\"async\" src=\"https:\/\/segurosaude.com.br\/sao-camilo-saude\/wp-content\/uploads\/2024\/05\/simulador-sao-camilo-saude.png\" \/><\/a><\/p>\n              <\/div>\n           <\/div>\n                            \n<style>\n#text-box-1963796894 {\n  width: 91%;\n}\n#text-box-1963796894 .text-box-content {\n  font-size: 100%;\n}\n@media (min-width:550px) {\n  #text-box-1963796894 {\n    width: 45%;\n  }\n}\n<\/style>\n    <\/div>\n \n        <\/div>\n      <\/div>\n\n            \n<style>\n#banner-1127249163 {\n  padding-top: 100%;\n}\n#banner-1127249163 .bg.bg-loaded {\n  background-image: url(https:\/\/segurosaude.com.br\/sao-camilo-saude\/wp-content\/uploads\/2024\/05\/bannersagradafinal.png);\n}\n#banner-1127249163 .overlay {\n  background-color: rgba(0, 0, 0, 0.424);\n}\n#banner-1127249163 .bg {\n  background-position: 100% 0%;\n}\n@media (min-width:550px) {\n  #banner-1127249163 {\n    padding-top: 630px;\n  }\n}\n<\/style>\n  <\/div>\n\n\n<span class=\"scroll-to\" data-label=\"Scroll to: #sobre\" data-bullet=\"false\" data-link=\"#sobre\" data-title=\"sobre\"><a name=\"sobre\"><\/a><\/span>\n\t<section class=\"section\" id=\"section_1213883120\">\n\t\t<div class=\"bg section-bg fill bg-fill  \" >\n\n\t\t\t\n\t\t\t<div class=\"section-bg-overlay absolute fill\"><\/div>\n\t\t\t\n\n\t\t<\/div>\n\n\t\t<div class=\"section-content relative\">\n\t\t\t\n<div class=\"row row-small\"  id=\"row-839545023\">\n\n\t<div id=\"col-754184275\" class=\"col medium-4 small-12 large-4\"  >\n\t\t<div class=\"col-inner\"  >\n\t\t\t\n\t\t\t\n\n  <div class=\"banner has-hover\" id=\"banner-755182780\">\n          <div class=\"banner-inner fill\">\n        <div class=\"banner-bg fill\" >\n            <div class=\"bg fill bg-fill \"><\/div>\n                                    \n                    <\/div>\n        <div class=\"banner-layers container\">\n            <div class=\"fill banner-link\"><\/div>            \n        <\/div>\n      <\/div>\n\n            \n<style>\n#banner-755182780 {\n  padding-top: 298px;\n}\n#banner-755182780 .bg.bg-loaded {\n  background-image: url(https:\/\/segurosaude.com.br\/sao-camilo-saude\/wp-content\/uploads\/2024\/05\/sao-camilo-saude.jpg);\n}\n<\/style>\n  <\/div>\n\n\n\t\t<\/div>\n\t\t\t<\/div>\n\n\t\n\n\t<div id=\"col-982711758\" class=\"col medium-8 small-12 large-8\"  >\n\t\t<div class=\"col-inner\"  >\n\t\t\t\n\t\t\t\n\t<div id=\"text-1070724996\" class=\"text\">\n\t\t\n<h2 style=\"text-align: left;\"><span style=\"font-weight: bold; color: #333!important;\"><span style=\"color: #333;\">Conhe\u00e7a a <\/span><\/span><span style=\"font-weight: bold; color: #e30613!important;\">S\u00e3o Camilo Sa\u00fade<\/span><\/h2>\n<div><strong>O plano S\u00e3o Camilo Sa\u00fade garante promo\u00e7\u00e3o \u00e0 sa\u00fade de maneira acess\u00edvel! Simule agora.<\/strong><\/div>\n<div>\u00a0<\/div>\n<div>\n<p>Com o objetivo de fortalecer a estrutura dos Hospitais da Benefic\u00eancia Camiliana do Sul, o Plano de Sa\u00fade S\u00e3o Camilo foi estabelecido em 1992 em Conc\u00f3rdia \u2013 SC, destacando-se como uma refer\u00eancia em qualidade na presta\u00e7\u00e3o de servi\u00e7os de sa\u00fade.<\/p>\n<p>Por meio de uma parceria com o Hospital S\u00e3o Francisco de Conc\u00f3rdia \u2013 SC, o Plano de Sa\u00fade S\u00e3o Camilo expandiu seus servi\u00e7os para os Hospitais S\u00e3o Camilo em diversas localidades, como Ananindeua e Santar\u00e9m \u2013 PA, Macap\u00e1 \u2013 AP, Ponta Grossa e Uni\u00e3o da Vit\u00f3ria \u2013 PR, Formosa \u2013 GO, Encantado \u2013 RS, Tim\u00f3teo \u2013 MG, Fortaleza, Crato e Sobral \u2013 CE, Itu e Taubat\u00e9 \u2013 SP.<\/p>\n<\/div>\n\t\t\n<style>\n#text-1070724996 {\n  text-align: left;\n}\n<\/style>\n\t<\/div>\n\t\n\t\t<\/div>\n\t\t\t<\/div>\n\n\t\n<\/div>\n\t\t<\/div>\n\n\t\t\n<style>\n#section_1213883120 {\n  padding-top: 30px;\n  padding-bottom: 30px;\n}\n#section_1213883120 .section-bg-overlay {\n  background-color: rgba(255, 255, 255, 0.163);\n}\n#section_1213883120 .section-bg.bg-loaded {\n  background-image: url(https:\/\/segurosaude.com.br\/sao-camilo-saude\/wp-content\/uploads\/2021\/04\/bg.png);\n}\n<\/style>\n\t<\/section>\n\t\n<span class=\"scroll-to\" data-label=\"Scroll to: #diferenciais\" data-bullet=\"false\" data-link=\"#diferenciais\" data-title=\"diferenciais\"><a name=\"diferenciais\"><\/a><\/span>\n\n\t<section class=\"section\" id=\"section_1453380639\">\n\t\t<div class=\"bg section-bg fill bg-fill  bg-loaded\" >\n\n\t\t\t\n\t\t\t\n\t\t\t\n\n\t\t<\/div>\n\n\t\t<div class=\"section-content relative\">\n\t\t\t\n\n<div class=\"row\"  id=\"row-339580146\">\n\n\n\t<div id=\"col-1494137609\" class=\"col small-12 large-12\"  >\n\t\t<div class=\"col-inner\"  >\n\t\t\t\n\t\t\t\n\n<h2 style=\"text-align: center;\"><span style=\"font-weight: bold; color: #333 !important;\"><span style=\"color: #333;\">Diferenciais <\/span><\/span><span style=\"font-weight: bold; color: #E30613!important;\">S\u00e3o Camilo Sa\u00fade<\/span><\/h2>\n<p style=\"text-align: center;\">Confira alguns motivos para contratar um plano da S\u00e3o Camilo Sa\u00fade.<\/p>\n\n\t\t<\/div>\n\t\t\t<\/div>\n\n\t\n\n<\/div>\n<div class=\"row\"  id=\"row-1296990563\">\n\n\n\t<div id=\"col-1669893431\" class=\"col medium-3 small-12 large-3\"  >\n\t\t<div class=\"col-inner\"  >\n\t\t\t\n\t\t\t\n\n\n\t\t<div class=\"icon-box featured-box icon-box-top text-left\"  >\n\t\t\t\t<div class=\"icon-box-text last-reset\">\n\t\t\t\t\t\t\t\t\t\n\n<h3 style=\"color: #e30613;\">Variedade de Planos<\/h3>\n<p>A S\u00e3o Camilo Sa\u00fade oferece diversas op\u00e7\u00f5es de planos de sa\u00fade, incluindo empresariais e planos de sa\u00fade coletivos por ades\u00e3o pelo melhor pre\u00e7o.<\/p>\n\n\t\t<\/div>\n\t<\/div>\n\t\n\t\n\n\t\t<\/div>\n\t\t\t<\/div>\n\n\t\n\n\t<div id=\"col-2057620790\" class=\"col medium-3 small-12 large-3\"  >\n\t\t<div class=\"col-inner\"  >\n\t\t\t\n\t\t\t\n\n\n\t\t<div class=\"icon-box featured-box icon-box-top text-left\"  >\n\t\t\t\t<div class=\"icon-box-text last-reset\">\n\t\t\t\t\t\t\t\t\t\n\n<h3 style=\"color: #e30613;\">Planos por Ades\u00e3o<\/h3>\n<p>Contrate seu plano S\u00e3o Camilo Sa\u00fade com ainda mais facilidade caso voc\u00ea esteja vinculado ou associado a diversas entidades de classe.<\/p>\n\n\t\t<\/div>\n\t<\/div>\n\t\n\t\n\n\t\t<\/div>\n\t\t\t<\/div>\n\n\t\n\n\t<div id=\"col-874505989\" class=\"col medium-3 small-12 large-3\"  >\n\t\t<div class=\"col-inner\"  >\n\t\t\t\n\t\t\t\n\n\n\t\t<div class=\"icon-box featured-box icon-box-top text-left\"  >\n\t\t\t\t<div class=\"icon-box-text last-reset\">\n\t\t\t\t\t\t\t\t\t\n\n<h3 style=\"color: #e30613;\">Planos Empresariais<\/h3>\n<p>Em breve a S\u00e3o Camilo Sa\u00fade Empresarial estar\u00e1 dispon\u00edvel com as melhores condi\u00e7\u00f5es de contrata\u00e7\u00e3o do mercado. Simule gratuitamente pelo site!<\/p>\n\n\t\t<\/div>\n\t<\/div>\n\t\n\t\n\n\t\t<\/div>\n\t\t\t<\/div>\n\n\t\n\n\t<div id=\"col-1241599894\" class=\"col medium-3 small-12 large-3\"  >\n\t\t<div class=\"col-inner\"  >\n\t\t\t\n\t\t\t\n\n\n\t\t<div class=\"icon-box featured-box icon-box-top text-left\"  >\n\t\t\t\t<div class=\"icon-box-text last-reset\">\n\t\t\t\t\t\t\t\t\t\n\n<h3 style=\"color: #e30613;\">Acomoda\u00e7\u00f5es<\/h3>\n<p>Na hora de contratar o seu plano, voc\u00ea pode escolher entre interna\u00e7\u00e3o em quarto semiprivativo (com dois leitos) ou quarto privativo.<\/p>\n\n\t\t<\/div>\n\t<\/div>\n\t\n\t\n\n\t\t<\/div>\n\t\t\t<\/div>\n\n\t\n\n\t<div id=\"col-1506535671\" class=\"col medium-3 small-12 large-3\"  >\n\t\t<div class=\"col-inner\"  >\n\t\t\t\n\t\t\t\n\n\n\t\t<div class=\"icon-box featured-box icon-box-top text-left\"  >\n\t\t\t\t<div class=\"icon-box-text last-reset\">\n\t\t\t\t\t\t\t\t\t\n\n<h3 style=\"color: #e30613;\">Coparticipa\u00e7\u00e3o<\/h3>\n<p>Reduza os custos da mensalidade e assegura reajustes menores\u00a0 contratando seu plano S\u00e3o Camilo Sa\u00fade com coparticipa\u00e7\u00e3o!<\/p>\n\n\t\t<\/div>\n\t<\/div>\n\t\n\t\n\n\t\t<\/div>\n\t\t\t<\/div>\n\n\t\n\n\t<div id=\"col-362102100\" class=\"col medium-3 small-12 large-3\"  >\n\t\t<div class=\"col-inner\"  >\n\t\t\t\n\t\t\t\n\n\n\t\t<div class=\"icon-box featured-box icon-box-top text-left\"  >\n\t\t\t\t<div class=\"icon-box-text last-reset\">\n\t\t\t\t\t\t\t\t\t\n\n<h3 style=\"color: #e30613;\">Cobertura Completa<\/h3>\n<p>Na S\u00e3o Camilo Sa\u00fade voc\u00ea encontra planos com cobertura ambulatorial, ambulatorial + hospitalar com obstetr\u00edcia e Refer\u00eancia. Simule j\u00e1!<\/p>\n\n\t\t<\/div>\n\t<\/div>\n\t\n\t\n\n\t\t<\/div>\n\t\t\t<\/div>\n\n\t\n\n\t<div id=\"col-249894285\" class=\"col medium-3 small-12 large-3\"  >\n\t\t<div class=\"col-inner\"  >\n\t\t\t\n\t\t\t\n\n\n\t\t<div class=\"icon-box featured-box icon-box-top text-left\"  >\n\t\t\t\t<div class=\"icon-box-text last-reset\">\n\t\t\t\t\t\t\t\t\t\n\n<h3 style=\"color: #e30613;\">Melhores Valores<\/h3>\n<p>Garanta seu plano S\u00e3o Camilo Sa\u00fade pelos melhores pre\u00e7os! Seja atendido em uma \u00f3tima rede credenciada em S\u00e3o Paulo e regi\u00e3o por valores acess\u00edveis.<\/p>\n\n\t\t<\/div>\n\t<\/div>\n\t\n\t\n\n\t\t<\/div>\n\t\t\t<\/div>\n\n\t\n\n\t<div id=\"col-965694577\" class=\"col medium-3 small-12 large-3\"  >\n\t\t<div class=\"col-inner\"  >\n\t\t\t\n\t\t\t\n\n\n\t\t<div class=\"icon-box featured-box icon-box-top text-left\"  >\n\t\t\t\t<div class=\"icon-box-text last-reset\">\n\t\t\t\t\t\t\t\t\t\n\n<h3 style=\"color: #e30613;\">Ampla Rede Credenciada<\/h3>\n<p>Seja atendido nos hospitais S\u00e3o Camilo em S\u00e3o Paulo, al\u00e9m de diversas outras unidades em Osasco, Cotia, S\u00e3o Roque, Diadema e Santo Andr\u00e9.<\/p>\n\n\t\t<\/div>\n\t<\/div>\n\t\n\t\n\n\t\t<\/div>\n\t\t\t<\/div>\n\n\t\n\n<\/div>\n\n\t\t<\/div>\n\n\t\t\n<style>\n#section_1453380639 {\n  padding-top: 47px;\n  padding-bottom: 47px;\n}\n<\/style>\n\t<\/section>\n\t\n","protected":false},"excerpt":{"rendered":"","protected":false},"author":1,"featured_media":0,"parent":0,"menu_order":0,"comment_status":"closed","ping_status":"closed","template":"page-blank.php","meta":{"inline_featured_image":false,"footnotes":""},"class_list":["post-7","page","type-page","status-publish","hentry"],"_links":{"self":[{"href":"https:\/\/segurosaude.com.br\/sao-camilo-saude\/wp-json\/wp\/v2\/pages\/7","targetHints":{"allow":["GET"]}}],"collection":[{"href":"https:\/\/segurosaude.com.br\/sao-camilo-saude\/wp-json\/wp\/v2\/pages"}],"about":[{"href":"https:\/\/segurosaude.com.br\/sao-camilo-saude\/wp-json\/wp\/v2\/types\/page"}],"author":[{"embeddable":true,"href":"https:\/\/segurosaude.com.br\/sao-camilo-saude\/wp-json\/wp\/v2\/users\/1"}],"replies":[{"embeddable":true,"href":"https:\/\/segurosaude.com.br\/sao-camilo-saude\/wp-json\/wp\/v2\/comments?post=7"}],"version-history":[{"count":99,"href":"https:\/\/segurosaude.com.br\/sao-camilo-saude\/wp-json\/wp\/v2\/pages\/7\/revisions"}],"predecessor-version":[{"id":1363,"href":"https:\/\/segurosaude.com.br\/sao-camilo-saude\/wp-json\/wp\/v2\/pages\/7\/revisions\/1363"}],"wp:attachment":[{"href":"https:\/\/segurosaude.com.br\/sao-camilo-saude\/wp-json\/wp\/v2\/media?parent=7"}],"curies":[{"name":"wp","href":"https:\/\/api.w.org\/{rel}","templated":true}]}}