{"id":7,"date":"2021-04-30T18:13:08","date_gmt":"2021-04-30T18:13:08","guid":{"rendered":"https:\/\/segurosaude.com.br\/santa-helena-saude\/?page_id=7"},"modified":"2025-01-15T19:16:56","modified_gmt":"2025-01-15T19:16:56","slug":"home","status":"publish","type":"page","link":"https:\/\/segurosaude.com.br\/santa-helena-saude\/","title":{"rendered":"Home"},"content":{"rendered":"\n  <div class=\"banner has-hover\" id=\"banner-628330808\">\n          <div class=\"banner-inner fill\">\n        <div class=\"banner-bg fill\" >\n            <div class=\"bg fill bg-fill \"><\/div>\n                        <div class=\"overlay\"><\/div>            \n                    <\/div>\n        <div class=\"banner-layers container\">\n            <div class=\"fill banner-link\"><\/div>            \n   <div id=\"text-box-999028640\" class=\"text-box banner-layer x5 md-x0 lg-x0 y50 md-y50 lg-y50 res-text\">\n                                <div class=\"text-box-content text dark\">\n              \n              <div class=\"text-inner text-left\">\n                  \n<h2 class=\"uppercase\"><strong>SEGURO SA\u00daDE SANTA HELENA SA\u00daDE<\/strong><\/h2>\n<h3>SA\u00daDE E QUALIDADE A CUSTOS ACESS\u00cdVEIS<\/h3>\n<p>Com a Santa Helena Sa\u00fade voc\u00ea tem acesso a atendimento humanizado e de alta qualidade por valores que cabem no seu bolso.<\/p>\n<a href=\"#sobre\" target=\"_self\" class=\"button primary\"  style=\"border-radius:99px;\">\n    <span>conhe\u00e7a o plano<\/span>\n  <\/a>\n\n<a href=\"#simulacao-santa-helena-saude\" target=\"_self\" class=\"button secondary hide-for-small\"  style=\"border-radius:99px;\">\n    <span>simule agora<\/span>\n  <\/a>\n\n              <\/div>\n           <\/div>\n                            \n<style>\n#text-box-999028640 {\n  width: 94%;\n}\n#text-box-999028640 .text-box-content {\n  font-size: 156%;\n}\n@media (min-width:550px) {\n  #text-box-999028640 {\n    width: 48%;\n  }\n  #text-box-999028640 .text-box-content {\n    font-size: 100%;\n  }\n}\n<\/style>\n    <\/div>\n \n   <div id=\"text-box-649323241\" class=\"text-box banner-layer hide-for-small x5 md-x100 lg-x100 y40 md-y50 lg-y50 res-text\">\n                                <div class=\"text-box-content text dark\">\n              \n              <div class=\"text-inner text-left\">\n                  \n<p><a href=\"#simulacao-santa-helena-saude\"><img decoding=\"async\" data-src=\"https:\/\/segurosaude.com.br\/santa-helena-saude\/wp-content\/uploads\/2023\/05\/simulador-santa-helena-saude-1.png\" src=\"data:image\/svg+xml;base64,PHN2ZyB3aWR0aD0iMSIgaGVpZ2h0PSIxIiB4bWxucz0iaHR0cDovL3d3dy53My5vcmcvMjAwMC9zdmciPjwvc3ZnPg==\" class=\"lazyload\" style=\"--smush-placeholder-width: 486px; --smush-placeholder-aspect-ratio: 486\/348;\" \/><\/a><\/p>\n              <\/div>\n           <\/div>\n                            \n<style>\n#text-box-649323241 {\n  width: 91%;\n}\n#text-box-649323241 .text-box-content {\n  font-size: 100%;\n}\n@media (min-width:550px) {\n  #text-box-649323241 {\n    width: 45%;\n  }\n}\n<\/style>\n    <\/div>\n \n        <\/div>\n      <\/div>\n\n            \n<style>\n#banner-628330808 {\n  padding-top: 100%;\n}\n#banner-628330808 .bg.bg-loaded {\n  background-image: url(https:\/\/segurosaude.com.br\/santa-helena-saude\/wp-content\/uploads\/2022\/10\/br-empresarial-2-1024x577.jpg);\n}\n#banner-628330808 .overlay {\n  background-color: rgba(0, 0, 0, 0.424);\n}\n#banner-628330808 .bg {\n  background-position: 100% 100%;\n}\n@media (min-width:550px) {\n  #banner-628330808 {\n    padding-top: 630px;\n  }\n}\n<\/style>\n  <\/div>\n\n\n<span class=\"scroll-to\" data-label=\"Scroll to: #sobre\" data-bullet=\"false\" data-link=\"#sobre\" data-title=\"sobre\"><a name=\"sobre\"><\/a><\/span>\n\t<section class=\"section\" id=\"section_626384351\">\n\t\t<div class=\"bg section-bg fill bg-fill  \" >\n\n\t\t\t\n\t\t\t<div class=\"section-bg-overlay absolute fill\"><\/div>\n\t\t\t\n\n\t\t<\/div>\n\n\t\t<div class=\"section-content relative\">\n\t\t\t\n<div class=\"row row-small align-middle\"  id=\"row-460853459\">\n\n\t<div id=\"col-1560797607\" class=\"col medium-4 small-12 large-4\"  >\n\t\t<div class=\"col-inner\"  >\n\t\t\t\n\t\t\t\n\n  <div class=\"banner has-hover\" id=\"banner-1524407011\">\n          <div class=\"banner-inner fill\">\n        <div class=\"banner-bg fill\" >\n            <div class=\"bg fill bg-fill \"><\/div>\n                                    \n                    <\/div>\n        <div class=\"banner-layers container\">\n            <div class=\"fill banner-link\"><\/div>            \n        <\/div>\n      <\/div>\n\n            \n<style>\n#banner-1524407011 {\n  padding-top: 325px;\n}\n#banner-1524407011 .bg.bg-loaded {\n  background-image: url(https:\/\/segurosaude.com.br\/santa-helena-saude\/wp-content\/uploads\/2022\/10\/br-empresarial-2-1024x577.jpg);\n}\n<\/style>\n  <\/div>\n\n\n\t\t<\/div>\n\t\t\t<\/div>\n\n\t\n\n\t<div id=\"col-400270009\" class=\"col medium-8 small-12 large-8\"  >\n\t\t<div class=\"col-inner\"  >\n\t\t\t\n\t\t\t\n\t<div id=\"text-3746581687\" class=\"text\">\n\t\t\n<h2 style=\"text-align: left;\"><span style=\"font-weight: bold; color: #333!important;\"><span style=\"color: #333;\">Conhe\u00e7a a <\/span><\/span><span style=\"font-weight: bold; color: #da291c!important;\">Santa Helena Sa\u00fade<\/span><\/h2>\n<div><strong>A Santa Helena Sa\u00fade tem como miss\u00e3o trabalhar pela vida, investindo em infraestrutura, humaniza\u00e7\u00e3o e tecnologia com o intuito de garantir sa\u00fade e qualidade a valores acess\u00edveis<\/strong><\/div>\n<div><\/div>\n<div>Desde a sua cria\u00e7\u00e3o, em 11 de junho de 1980, a Santa Helena Sa\u00fade tem trazido atendimento humanizado e de alta qualidade para toda a regi\u00e3o de Santo Andr\u00e9, S\u00e3o Bernardo, e S\u00e3o Caetano. S\u00e3o diversas op\u00e7\u00f5es de planos m\u00e9dicos que garantem todo o cuidado que voc\u00ea, sua fam\u00edlia ou sua empresa precisa por mensalidades que cabem no seu bolso.<\/div>\n<div><\/div>\n<div>A Santa Helena integra o portf\u00f3lio de produtos comercializados pela Amil, e tamb\u00e9m faz parte da UnitedHealth Group, que \u00e9 a maior e mais diversificada empresa do setor de sa\u00fade do mundo, com sede nos Estados Unidos. Conhe\u00e7a abaixo as principais vantagens do plano e solicite uma cota\u00e7\u00e3o!<\/div>\n\t\t\n<style>\n#text-3746581687 {\n  text-align: left;\n}\n<\/style>\n\t<\/div>\n\t\n\t\t<\/div>\n\t\t\t<\/div>\n\n\t\n<\/div>\n\t\t<\/div>\n\n\t\t\n<style>\n#section_626384351 {\n  padding-top: 30px;\n  padding-bottom: 30px;\n}\n#section_626384351 .section-bg-overlay {\n  background-color: rgba(255, 255, 255, 0.163);\n}\n#section_626384351 .section-bg.bg-loaded {\n  background-image: url(https:\/\/segurosaude.com.br\/santa-helena-saude\/wp-content\/uploads\/2021\/04\/bg.png);\n}\n<\/style>\n\t<\/section>\n\t\n<span class=\"scroll-to\" data-label=\"Scroll to: #diferenciais\" data-bullet=\"false\" data-link=\"#diferenciais\" data-title=\"diferenciais\"><a name=\"diferenciais\"><\/a><\/span>\n\t<section class=\"section\" id=\"section_1712276167\">\n\t\t<div class=\"bg section-bg fill bg-fill  bg-loaded\" >\n\n\t\t\t\n\t\t\t\n\t\t\t\n\n\t\t<\/div>\n\n\t\t<div class=\"section-content relative\">\n\t\t\t\n<div class=\"row\"  id=\"row-948968799\">\n\n\t<div id=\"col-823448910\" class=\"col small-12 large-12\"  >\n\t\t<div class=\"col-inner\"  >\n\t\t\t\n\t\t\t\n<h2 style=\"text-align: center;\"><span style=\"font-weight: bold; color: #333 !important;\"><span style=\"color: #333;\">Diferenciais <\/span><\/span><span style=\"font-weight: bold; color: #da291c!important;\">Santa Helena Sa\u00fade<\/span><\/h2>\n<p style=\"text-align: center;\">Confira alguns motivos para contratar um plano da Santa Helena Sa\u00fade.<\/p>\n\t\t<\/div>\n\t\t\t<\/div>\n\n\t\n<\/div>\n<div class=\"row\"  id=\"row-1342098229\">\n\n\t<div id=\"col-1242067366\" class=\"col medium-3 small-12 large-3\"  >\n\t\t<div class=\"col-inner\"  >\n\t\t\t\n\t\t\t\n\n\t\t<div class=\"icon-box featured-box icon-box-top text-left\"  >\n\t\t\t\t<div class=\"icon-box-text last-reset\">\n\t\t\t\t\t\t\t\t\t\n<h3 style=\"color: #da291c;\">Valores Acess\u00edveis<\/h3>\n<p>As mensalidades dos planos da Santa Helena Sa\u00fade cabem no seu bolso! Fa\u00e7a uma simula\u00e7\u00e3o gratuitamente pelo site e confira todas informa\u00e7\u00f5es do plano.<\/p>\n\t\t<\/div>\n\t<\/div>\n\t\n\t\n\t\t<\/div>\n\t\t\t<\/div>\n\n\t\n\n\t<div id=\"col-517236319\" class=\"col medium-3 small-12 large-3\"  >\n\t\t<div class=\"col-inner\"  >\n\t\t\t\n\t\t\t\n\n\t\t<div class=\"icon-box featured-box icon-box-top text-left\"  >\n\t\t\t\t<div class=\"icon-box-text last-reset\">\n\t\t\t\t\t\t\t\t\t\n<h3 style=\"color: #da291c;\">+ de 200 mil benefici\u00e1rios<\/h3>\n<p>A Santa Helena garante sa\u00fade de qualidade para mais de 214 mil benefici\u00e1rios na regi\u00e3o de toda a grande ABC (Santo Andr\u00e9., S\u00e3o Bernardo, S\u00e3o Caetano e regi\u00e3o).<\/p>\n\t\t<\/div>\n\t<\/div>\n\t\n\t\n\t\t<\/div>\n\t\t\t<\/div>\n\n\t\n\n\t<div id=\"col-864317868\" class=\"col medium-3 small-12 large-3\"  >\n\t\t<div class=\"col-inner\"  >\n\t\t\t\n\t\t\t\n\n\t\t<div class=\"icon-box featured-box icon-box-top text-left\"  >\n\t\t\t\t<div class=\"icon-box-text last-reset\">\n\t\t\t\t\t\t\t\t\t\n<h3 style=\"color: #da291c;\">Santa Helena SHAM 50 PF<\/h3>\n<p>O Plano SHAM 50 pode ser contratado diretamente pelo seu CPF e garante acesso a uma ampla rede credenciada qualificada e diversos benef\u00edcios exclusivos.<\/p>\n\t\t<\/div>\n\t<\/div>\n\t\n\t\n\t\t<\/div>\n\t\t\t<\/div>\n\n\t\n\n\t<div id=\"col-1795623504\" class=\"col medium-3 small-12 large-3\"  >\n\t\t<div class=\"col-inner\"  >\n\t\t\t\n\t\t\t\n\n\t\t<div class=\"icon-box featured-box icon-box-top text-left\"  >\n\t\t\t\t<div class=\"icon-box-text last-reset\">\n\t\t\t\t\t\t\t\t\t\n<h3 style=\"color: #da291c;\">Com ou sem coparticipa\u00e7\u00e3o<\/h3>\n<p>Os planos de sa\u00fade da Santa Helena Sa\u00fade podem ser contratados com ou sem coparticipa\u00e7\u00e3o (o que torna o plano ainda mais econ\u00f4mico).<\/p>\n\t\t<\/div>\n\t<\/div>\n\t\n\t\n\t\t<\/div>\n\t\t\t<\/div>\n\n\t\n\n\t<div id=\"col-268705146\" class=\"col medium-3 small-12 large-3\"  >\n\t\t<div class=\"col-inner\"  >\n\t\t\t\n\t\t\t\n\n\t\t<div class=\"icon-box featured-box icon-box-top text-left\"  >\n\t\t\t\t<div class=\"icon-box-text last-reset\">\n\t\t\t\t\t\t\t\t\t\n<h3 style=\"color: #da291c;\">App Santa Helena Sa\u00fade<\/h3>\n<p>Agende suas consultas, confira a rede credenciada e tenha acesso \u00e0 sua carteirinha virtual na palma da sua m\u00e3o com o app Santa Helena Sa\u00fade. Muito mais praticidade!<\/p>\n\t\t<\/div>\n\t<\/div>\n\t\n\t\n\t\t<\/div>\n\t\t\t<\/div>\n\n\t\n\n\t<div id=\"col-1205821952\" class=\"col medium-3 small-12 large-3\"  >\n\t\t<div class=\"col-inner\"  >\n\t\t\t\n\t\t\t\n\n\t\t<div class=\"icon-box featured-box icon-box-top text-left\"  >\n\t\t\t\t<div class=\"icon-box-text last-reset\">\n\t\t\t\t\t\t\t\t\t\n<h3 style=\"color: #da291c;\">Planos Empresariais<\/h3>\n<p>Buscando por um conv\u00eanio m\u00e9dico para sua empresa? A Santa Helena Sa\u00fade oferece diversas op\u00e7\u00f5es de planos de sa\u00fade empresariais com a melhor rela\u00e7\u00e3o custo X benef\u00edcio.<\/p>\n\t\t<\/div>\n\t<\/div>\n\t\n\t\n\t\t<\/div>\n\t\t\t<\/div>\n\n\t\n\n\t<div id=\"col-902839942\" class=\"col medium-3 small-12 large-3\"  >\n\t\t<div class=\"col-inner\"  >\n\t\t\t\n\t\t\t\n\n\t\t<div class=\"icon-box featured-box icon-box-top text-left\"  >\n\t\t\t\t<div class=\"icon-box-text last-reset\">\n\t\t\t\t\t\t\t\t\t\n<h3 style=\"color: #da291c;\">Ampla Rede Pr\u00f3pria<\/h3>\n<p>Benefici\u00e1rios Santa Helena Sa\u00fade contam com acesso a 3 unidades hospitalares e 11 unidades ambulat\u00f3riais pr\u00f3prias da Santa Helena Sa\u00fade.<\/p>\n\t\t<\/div>\n\t<\/div>\n\t\n\t\n\t\t<\/div>\n\t\t\t<\/div>\n\n\t\n\n\t<div id=\"col-366106386\" class=\"col medium-3 small-12 large-3\"  >\n\t\t<div class=\"col-inner\"  >\n\t\t\t\n\t\t\t\n\n\t\t<div class=\"icon-box featured-box icon-box-top text-left\"  >\n\t\t\t\t<div class=\"icon-box-text last-reset\">\n\t\t\t\t\t\t\t\t\t\n<h3 style=\"color: #da291c;\">Amil Espa\u00e7o Sa\u00fade<\/h3>\n<p>Tenha acesso \u00e0s unidades Amil Espa\u00e7o Sa\u00fade, onde o atendimento \u00e9 prestado por uma equipe cl\u00ednica especializada em diversas \u00e1reas m\u00e9dicas de forma integral.<\/p>\n\t\t<\/div>\n\t<\/div>\n\t\n\t\n\t\t<\/div>\n\t\t\t<\/div>\n\n\t\n<\/div>\n\t\t<\/div>\n\n\t\t\n<style>\n#section_1712276167 {\n  padding-top: 47px;\n  padding-bottom: 47px;\n}\n<\/style>\n\t<\/section>\n\t\n<span class=\"scroll-to\" data-label=\"Scroll to: #rede-credenciada\" data-bullet=\"false\" data-link=\"#rede-credenciada\" data-title=\"rede-credenciada\"><a name=\"rede-credenciada\"><\/a><\/span>\n\t<section class=\"section\" id=\"section_93017209\">\n\t\t<div class=\"bg section-bg fill bg-fill  bg-loaded\" >\n\n\t\t\t\n\t\t\t<div class=\"section-bg-overlay absolute fill\"><\/div>\n\t\t\t\n\n\t\t<\/div>\n\n\t\t<div class=\"section-content relative\">\n\t\t\t\n<div class=\"row\"  id=\"row-1004461739\">\n\n\t<div id=\"col-1891284811\" class=\"col small-12 large-12\"  >\n\t\t<div class=\"col-inner\"  >\n\t\t\t\n\t\t\t\n<h2 style=\"text-align: center;\"><span style=\"font-weight: bold; color: #333!important;\"><span style=\"color: #333;\">Rede Credenciada <\/span><\/span><span style=\"font-weight: bold; color: #da291c!important;\">Santa Helena Sa\u00fade<\/span><\/h2>\n<p style=\"text-align: center;\">Saiba onde a Santa Helena Sa\u00fade atende.<\/p>\n<div class=\"accordion\" rel=\"\">\n<div class=\"accordion-item\"><a href=\"#\" class=\"accordion-title plain\"><button class=\"toggle\"><i class=\"icon-angle-down\"><\/i><\/button><span>Rede Santa Helena Sa\u00fade SHAM 50 PF ABC<\/span><\/a><div class=\"accordion-inner\">\n<table class=\"static small ta-c\">\n<tbody>\n<tr class=\"bgGray\">\n<td class=\"ta-c\" colspan=\"3\"><span class=\"fz-11\">SHAM 50 PF ABC<\/span><\/td>\n<\/tr>\n<tr class=\"bgGray\">\n<td class=\"ta-l\" colspan=\"3\"><strong>Hospitais<\/strong>\u00a0(4)<\/td>\n<\/tr>\n<tr>\n<td class=\"ta-l va-t\" colspan=\"1\">\n<div class=\"fz-7\"><strong>Santo Andr\u00e9 &#8211; ABCDM<\/strong><br \/>\nHOSPITAL SANTA HELENA &#8211; PSE<br \/>\n<strong>S\u00e3o Bernardo do Campo &#8211; ABCDM<\/strong><br \/>\nHOSPITAL E MATERNIDADE SANTA HELENA &#8211; H\/ M\/ PS\/ PSE<\/div>\n<\/td>\n<td class=\"ta-l va-t\" colspan=\"1\">\n<div class=\"fz-7\"><strong>S\u00e3o Bernardo do Campo &#8211; Outras Regi\u00f5es<\/strong><br \/>\nCM HOSPITALAR &#8211; PA<br \/>\n<strong>Diadema &#8211; ABCDM<\/strong><br \/>\nNEXT CL\u00cdNICA DIADEMA &#8211; PS<\/div>\n<\/td>\n<td colspan=\"1\"><\/td>\n<\/tr>\n<tr class=\"bgGray\">\n<td class=\"ta-l\" colspan=\"3\"><strong>Laborat\u00f3rios<\/strong>\u00a0(9)<\/td>\n<\/tr>\n<tr>\n<td class=\"ta-l va-t\" colspan=\"1\">\n<div class=\"fz-7\"><strong>S\u00e3o Paulo &#8211; Outras Regi\u00f5es<\/strong><br \/>\nTECNOLAB &#8211; MEDICINA DIAGN\u00d3STICA &#8211; OUTRAS REGI\u00d5ES<br \/>\n<strong>Santo Andr\u00e9 &#8211; Outras Regi\u00f5es<\/strong><br \/>\nCM ESPECIALIDADES &#8211; SANTO ANDR\u00c9 &#8211; Ambulat\u00f3rio.<br \/>\nCM ORTOPEDIA E ESPECIAL &#8211; SANTO ANDR\u00c9 &#8211; Ambulat\u00f3rio Com Especialidade.<br \/>\n<strong>S\u00e3o Bernardo do Campo &#8211; Outras Regi\u00f5es<\/strong><br \/>\nCM SHAM 29 &#8211; S\u00c3O BERNARDO DO CAMPO &#8211; Ambulat\u00f3rio.<\/div>\n<\/td>\n<td class=\"ta-l va-t\" colspan=\"1\">\n<div class=\"fz-7\"><strong>S\u00e3o Caetano do Sul &#8211; Outras Regi\u00f5es<\/strong><br \/>\nCM ESPECIALIDADES &#8211; S\u00c3O CAETANO DO SUL<br \/>\n<strong>Diadema &#8211; Outras Regi\u00f5es<\/strong><br \/>\nCM ESPECIALIDADES &#8211; Ambulat\u00f3rio.<br \/>\n<strong>Mau\u00e1 &#8211; Outras Regi\u00f5es<\/strong><br \/>\nCM ESPECIALIDADES &#8211; MAU\u00c1 &#8211; Ambulat\u00f3rio.<\/div>\n<\/td>\n<td class=\"ta-l va-t\" colspan=\"1\">\n<div class=\"fz-7\">CM HOSPITALAR AMIL &#8211; MAU\u00c1<br \/>\n<strong>Ribeir\u00e3o Pires &#8211; Outras Regi\u00f5es<\/strong><br \/>\nCM ESPECIALIDADES &#8211; RIBEIR\u00c3O PIRES &#8211; Ambulat\u00f3rio.<\/div>\n<\/td>\n<\/tr>\n<\/tbody>\n<\/table>\n<table class=\"static small\">\n<tbody>\n<tr class=\"bgGray\">\n<td class=\"ta-l\">Legendas<\/td>\n<\/tr>\n<tr>\n<td class=\"ta-l\">PA &#8211; Pronto Atendimento, PS &#8211; Pronto Socorro, H &#8211; Interna\u00e7\u00e3o Eletiva, M &#8211; Maternidade, PSE &#8211; Pronto Socorro Especializado<\/td>\n<\/tr>\n<\/tbody>\n<\/table>\n<\/div><\/div>\n<div class=\"accordion-item\"><a href=\"#\" class=\"accordion-title plain\"><button class=\"toggle\"><i class=\"icon-angle-down\"><\/i><\/button><span>Rede Santa Helena Sa\u00fade Diamante II<\/span><\/a><div class=\"accordion-inner\">\n<table class=\"static small ta-c\">\n<tbody>\n<tr class=\"bgGray\">\n<td class=\"ta-c\" colspan=\"3\"><span class=\"fz-11\">DIAMANTE II<\/span><\/td>\n<\/tr>\n<tr class=\"bgGray\">\n<td class=\"ta-l\" colspan=\"3\"><strong>Hospitais<\/strong>\u00a0(5)<\/td>\n<\/tr>\n<tr>\n<td class=\"ta-l va-t\" colspan=\"1\">\n<div class=\"fz-7\"><strong>Santo Andr\u00e9 &#8211; ABCDM<\/strong><br \/>\nHOSPITAL SANTA HELENA &#8211; H\/ PS<br \/>\nNEXT HOSP. STO. ANDR\u00c9 &#8211; PS<\/div>\n<\/td>\n<td class=\"ta-l va-t\" colspan=\"1\">\n<div class=\"fz-7\"><strong>S\u00e3o Bernardo do Campo &#8211; ABCDM<\/strong><br \/>\nHOSPITAL E MATERNIDADE SANTA HELENA &#8211; H\/ M\/ PS<br \/>\nHOSPITAL NEXT S\u00c3O BERNARDO DO CAMPO &#8211; H\/ PS<\/div>\n<\/td>\n<td class=\"ta-l va-t\" colspan=\"1\">\n<div class=\"fz-7\"><strong>Diadema &#8211; ABCDM<\/strong><br \/>\nHOSP. ABC &#8211; UNID. AVAN\u00c7ADA DIADEMA &#8211; PS<\/div>\n<\/td>\n<\/tr>\n<tr class=\"bgGray\">\n<td class=\"ta-l\" colspan=\"3\"><strong>Laborat\u00f3rios<\/strong>\u00a0(9)<\/td>\n<\/tr>\n<tr>\n<td class=\"ta-l va-t\" colspan=\"1\">\n<div class=\"fz-7\"><strong>Santo Andr\u00e9 &#8211; ABCDM<\/strong><br \/>\nDUNACOR MEDICINA DIAGN\u00d3STICA<br \/>\nGOBBO PAPADOPOLI<br \/>\nLABORATORIO NUCLEAR DIAGN\u00d3STICOS M\u00c9DICOS<\/div>\n<\/td>\n<td class=\"ta-l va-t\" colspan=\"1\">\n<div class=\"fz-7\">TECNOLAB &#8211; MEDICINA DIAGN\u00d3STICA &#8211; SANTO ANDR\u00c9<br \/>\n<strong>S\u00e3o Bernardo do Campo &#8211; ABCDM<\/strong><br \/>\nDUNACOR MEDICINA DIAGN\u00d3STICA<br \/>\nGOBBO PAPADOPOLI<\/div>\n<\/td>\n<td class=\"ta-l va-t\" colspan=\"1\">\n<div class=\"fz-7\">TECNOLAB &#8211; MEDICINA DIAGN\u00d3STICA &#8211; S\u00c3O BERNARDO DO CAMPO<br \/>\n<strong>S\u00e3o Caetano do Sul &#8211; ABCDM<\/strong><br \/>\nINST. RADIOLOGIA PLANIGRAFIA M\u00c9DICA<br \/>\nTECNOLAB &#8211; MEDICINA DIAGN\u00d3STICA &#8211; S\u00c3O CAETANO DO SUL<\/div>\n<\/td>\n<\/tr>\n<\/tbody>\n<\/table>\n<table class=\"static small\">\n<tbody>\n<tr class=\"bgGray\">\n<td class=\"ta-l\">Legendas<\/td>\n<\/tr>\n<tr>\n<td class=\"ta-l\">PS &#8211; Pronto Socorro, H &#8211; Interna\u00e7\u00e3o Eletiva, M &#8211; Maternidade<\/td>\n<\/tr>\n<\/tbody>\n<\/table>\n<\/div><\/div>\n<\/div>\n\t\t<\/div>\n\t\t\t<\/div>\n\n\t\n<\/div>\n\t\t<\/div>\n\n\t\t\n<style>\n#section_93017209 {\n  padding-top: 47px;\n  padding-bottom: 47px;\n}\n#section_93017209 .section-bg-overlay {\n  background-color: rgb(247, 247, 247);\n}\n<\/style>\n\t<\/section>\n\t\n","protected":false},"excerpt":{"rendered":"","protected":false},"author":1,"featured_media":0,"parent":0,"menu_order":0,"comment_status":"closed","ping_status":"closed","template":"page-blank.php","meta":{"inline_featured_image":false,"footnotes":""},"class_list":["post-7","page","type-page","status-publish","hentry"],"_links":{"self":[{"href":"https:\/\/segurosaude.com.br\/santa-helena-saude\/wp-json\/wp\/v2\/pages\/7","targetHints":{"allow":["GET"]}}],"collection":[{"href":"https:\/\/segurosaude.com.br\/santa-helena-saude\/wp-json\/wp\/v2\/pages"}],"about":[{"href":"https:\/\/segurosaude.com.br\/santa-helena-saude\/wp-json\/wp\/v2\/types\/page"}],"author":[{"embeddable":true,"href":"https:\/\/segurosaude.com.br\/santa-helena-saude\/wp-json\/wp\/v2\/users\/1"}],"replies":[{"embeddable":true,"href":"https:\/\/segurosaude.com.br\/santa-helena-saude\/wp-json\/wp\/v2\/comments?post=7"}],"version-history":[{"count":94,"href":"https:\/\/segurosaude.com.br\/santa-helena-saude\/wp-json\/wp\/v2\/pages\/7\/revisions"}],"predecessor-version":[{"id":1303,"href":"https:\/\/segurosaude.com.br\/santa-helena-saude\/wp-json\/wp\/v2\/pages\/7\/revisions\/1303"}],"wp:attachment":[{"href":"https:\/\/segurosaude.com.br\/santa-helena-saude\/wp-json\/wp\/v2\/media?parent=7"}],"curies":[{"name":"wp","href":"https:\/\/api.w.org\/{rel}","templated":true}]}}