{"id":7,"date":"2021-04-30T18:13:08","date_gmt":"2021-04-30T18:13:08","guid":{"rendered":"https:\/\/segurosaude.com.br\/policlin-saude\/?page_id=7"},"modified":"2025-01-15T19:15:43","modified_gmt":"2025-01-15T19:15:43","slug":"home","status":"publish","type":"page","link":"https:\/\/segurosaude.com.br\/policlin-saude\/","title":{"rendered":"Home"},"content":{"rendered":"\n  <div class=\"banner has-hover\" id=\"banner-136012790\">\n          <div class=\"banner-inner fill\">\n        <div class=\"banner-bg fill\" >\n            <div class=\"bg fill bg-fill \"><\/div>\n                        <div class=\"overlay\"><\/div>            \n                    <\/div>\n        <div class=\"banner-layers container\">\n            <div class=\"fill banner-link\"><\/div>            \n   <div id=\"text-box-343752085\" class=\"text-box banner-layer x5 md-x0 lg-x0 y50 md-y50 lg-y50 res-text\">\n                                <div class=\"text-box-content text dark\">\n              \n              <div class=\"text-inner text-left\">\n                  \n<h2 class=\"uppercase\"><strong>Seguro Sa\u00fade POLICLIN sa\u00fade<\/strong><\/h2>\n<h3>ASSIST\u00caNCIA M\u00c9DICA DE QUALIDADE<\/h3>\n<p>A PoliClin Sa\u00fade \u00e9 a melhor op\u00e7\u00e3o para voc\u00ea que mora em S\u00e3o Jos\u00e9 dos Campos e regi\u00e3o.<\/p>\n<a href=\"#planos\" target=\"_self\" class=\"button primary\"  style=\"border-radius:99px;\">\n    <span>conhe\u00e7a o plano<\/span>\n  <\/a>\n\n<a href=\"#simulacao-policlin-saude\" target=\"_self\" class=\"button secondary hide-for-small\"  style=\"border-radius:99px;\">\n    <span>simule agora<\/span>\n  <\/a>\n\n              <\/div>\n           <\/div>\n                            \n<style>\n#text-box-343752085 {\n  width: 93%;\n}\n#text-box-343752085 .text-box-content {\n  font-size: 156%;\n}\n@media (min-width:550px) {\n  #text-box-343752085 {\n    width: 47%;\n  }\n  #text-box-343752085 .text-box-content {\n    font-size: 100%;\n  }\n}\n<\/style>\n    <\/div>\n \n   <div id=\"text-box-740907973\" class=\"text-box banner-layer hide-for-small x5 md-x100 lg-x100 y40 md-y50 lg-y50 res-text\">\n                                <div class=\"text-box-content text dark\">\n              \n              <div class=\"text-inner text-left\">\n                  \n<p><a href=\"#simulacao-policlin-saude\"><img decoding=\"async\" src=\"https:\/\/segurosaude.com.br\/policlin-saude\/wp-content\/uploads\/2024\/08\/simulador-policlin.png\" \/><\/a><\/p>\n              <\/div>\n           <\/div>\n                            \n<style>\n#text-box-740907973 {\n  width: 91%;\n}\n#text-box-740907973 .text-box-content {\n  font-size: 100%;\n}\n@media (min-width:550px) {\n  #text-box-740907973 {\n    width: 45%;\n  }\n}\n<\/style>\n    <\/div>\n \n        <\/div>\n      <\/div>\n\n            \n<style>\n#banner-136012790 {\n  padding-top: 100%;\n}\n#banner-136012790 .bg.bg-loaded {\n  background-image: url(https:\/\/segurosaude.com.br\/policlin-saude\/wp-content\/uploads\/2024\/08\/b14.jpg);\n}\n#banner-136012790 .overlay {\n  background-color: rgba(0, 0, 0, 0.628);\n}\n#banner-136012790 .bg {\n  background-position: 67% 83%;\n}\n@media (min-width:550px) {\n  #banner-136012790 {\n    padding-top: 630px;\n  }\n}\n<\/style>\n  <\/div>\n\n\n<span class=\"scroll-to\" data-label=\"Scroll to: #sobre\" data-bullet=\"false\" data-link=\"#sobre\" data-title=\"sobre\"><a name=\"sobre\"><\/a><\/span>\n\t<section class=\"section\" id=\"section_290653789\">\n\t\t<div class=\"bg section-bg fill bg-fill  \" >\n\n\t\t\t\n\t\t\t<div class=\"section-bg-overlay absolute fill\"><\/div>\n\t\t\t\n\n\t\t<\/div>\n\n\t\t<div class=\"section-content relative\">\n\t\t\t\n<div class=\"row row-small align-middle\"  id=\"row-967295520\">\n\n\t<div id=\"col-675613480\" class=\"col medium-4 small-12 large-4\"  >\n\t\t<div class=\"col-inner\"  >\n\t\t\t\n\t\t\t\n\t<div class=\"img has-hover x md-x lg-x y md-y lg-y\" id=\"image_1214214344\">\n\t\t\t\t\t\t\t\t<div class=\"img-inner image-cover dark\" style=\"padding-top:338px;\">\n\t\t\t<img loading=\"lazy\" decoding=\"async\" width=\"700\" height=\"435\" src=\"https:\/\/segurosaude.com.br\/policlin-saude\/wp-content\/uploads\/2024\/08\/clinico_quatro-1.jpg\" class=\"attachment-large size-large\" alt=\"\" srcset=\"https:\/\/segurosaude.com.br\/policlin-saude\/wp-content\/uploads\/2024\/08\/clinico_quatro-1.jpg 700w, https:\/\/segurosaude.com.br\/policlin-saude\/wp-content\/uploads\/2024\/08\/clinico_quatro-1-300x186.jpg 300w\" sizes=\"auto, (max-width: 700px) 100vw, 700px\" \/>\t\t\t\t\t\t\n\t\t\t\t\t<\/div>\n\t\t\t\t\t\t\t\t\n<style>\n#image_1214214344 {\n  width: 100%;\n}\n<\/style>\n\t<\/div>\n\t\n\t\t<\/div>\n\t\t\t<\/div>\n\n\t\n\n\t<div id=\"col-82065145\" class=\"col medium-8 small-12 large-8\"  >\n\t\t<div class=\"col-inner\"  >\n\t\t\t\n\t\t\t\n\t<div id=\"text-2683772650\" class=\"text\">\n\t\t\n<h2 style=\"text-align: left;\"><span style=\"font-weight: bold; color: #333!important;\"><span style=\"color: #333;\">Conhe\u00e7a a <\/span><\/span><span style=\"font-weight: bold; color: #9d2a39!important;\">Policlin Sa\u00fade<\/span><\/h2>\n<div><strong>A Policlin Sa\u00fade acredita que a sa\u00fade deve estar ao alcance de todos.<\/strong><\/div>\n<div>\u00a0<\/div>\n<div>\n<p>Por isso, oferece planos acess\u00edveis e flex\u00edveis, adaptados \u00e0s necessidades de cada paciente, garantindo um cuidado cont\u00ednuo e de confian\u00e7a. Com unidades estrategicamente localizadas, sua miss\u00e3o \u00e9 cuidar da sa\u00fade de cada benefici\u00e1rio com dedica\u00e7\u00e3o, respeito e compromisso, promovendo uma vida mais saud\u00e1vel e plena.<\/p>\n<p>A Policlin Sa\u00fade \u00e9 um plano de sa\u00fade acess\u00edvel e de qualidade para voc\u00ea, sua fam\u00edlia ou colaboradores da sua empresa. Com cobertura para diversas especialidades m\u00e9dicas, a Policlin Sa\u00fade busca proporcionar cuidados integrados e personalizados, priorizando o bem-estar dos pacientes em cada consulta.<\/p>\n<\/div>\n\t\t\n<style>\n#text-2683772650 {\n  text-align: left;\n}\n<\/style>\n\t<\/div>\n\t\n\t\t<\/div>\n\t\t\t<\/div>\n\n\t\n<\/div>\n\t\t<\/div>\n\n\t\t\n<style>\n#section_290653789 {\n  padding-top: 30px;\n  padding-bottom: 30px;\n}\n#section_290653789 .section-bg-overlay {\n  background-color: rgba(255, 255, 255, 0.163);\n}\n#section_290653789 .section-bg.bg-loaded {\n  background-image: url(https:\/\/segurosaude.com.br\/policlin-saude\/wp-content\/uploads\/2021\/04\/bg.png);\n}\n<\/style>\n\t<\/section>\n\t\n<span class=\"scroll-to\" data-label=\"Scroll to: #diferenciais\" data-bullet=\"false\" data-link=\"#diferenciais\" data-title=\"diferenciais\"><a name=\"diferenciais\"><\/a><\/span>\n\n\t<section class=\"section\" id=\"section_1958356114\">\n\t\t<div class=\"bg section-bg fill bg-fill  bg-loaded\" >\n\n\t\t\t\n\t\t\t\n\t\t\t\n\n\t\t<\/div>\n\n\t\t<div class=\"section-content relative\">\n\t\t\t\n\n<div class=\"row\"  id=\"row-1215611305\">\n\n\n\t<div id=\"col-17588071\" class=\"col small-12 large-12\"  >\n\t\t<div class=\"col-inner\"  >\n\t\t\t\n\t\t\t\n\n<h2 style=\"text-align: center;\"><span style=\"font-weight: bold; color: #00b0ab!important;\"><span style=\"color: #333;\">Diferenciais <\/span><\/span><span style=\"font-weight: bold; color: #9d2a39!important;\">Policlin Sa\u00fade<\/span><\/h2>\n<p style=\"text-align: center;\">Confira alguns motivos para contratar um plano da Policlin Sa\u00fade.<\/p>\n\n\t\t<\/div>\n\t\t\t<\/div>\n\n\t\n\n<\/div>\n<div class=\"row\"  id=\"row-1354890853\">\n\n\n\t<div id=\"col-1727011189\" class=\"col medium-3 small-12 large-3\"  >\n\t\t<div class=\"col-inner\"  >\n\t\t\t\n\t\t\t\n\n\n\t\t<div class=\"icon-box featured-box icon-box-top text-left\"  >\n\t\t\t\t<div class=\"icon-box-text last-reset\">\n\t\t\t\t\t\t\t\t\t\n\n<h3 style=\"color: #9d2a39;\">Ampla Rede Credenciada<\/h3>\n<p>Conte com aproximadamente 1.000 m\u00e9dicos credenciados e 1.050 pontos de atendimento, garantindo cobertura extensa e especializada.<\/p>\n\n\t\t<\/div>\n\t<\/div>\n\t\n\t\n\n\t\t<\/div>\n\t\t\t<\/div>\n\n\t\n\n\t<div id=\"col-810174638\" class=\"col medium-3 small-12 large-3\"  >\n\t\t<div class=\"col-inner\"  >\n\t\t\t\n\t\t\t\n\n\n\t\t<div class=\"icon-box featured-box icon-box-top text-left\"  >\n\t\t\t\t<div class=\"icon-box-text last-reset\">\n\t\t\t\t\t\t\t\t\t\n\n<h3 style=\"color: #9d2a39;\">Ampla Rede Pr\u00f3pria<\/h3>\n<p>Possui a maior rede de servi\u00e7os m\u00e9dico-hospitalares do Vale do Para\u00edba e Regi\u00e3o, oferecendo atendimento completo e de alta qualidade.<\/p>\n\n\t\t<\/div>\n\t<\/div>\n\t\n\t\n\n\t\t<\/div>\n\t\t\t<\/div>\n\n\t\n\n\t<div id=\"col-1137190462\" class=\"col medium-3 small-12 large-3\"  >\n\t\t<div class=\"col-inner\"  >\n\t\t\t\n\t\t\t\n\n\n\t\t<div class=\"icon-box featured-box icon-box-top text-left\"  >\n\t\t\t\t<div class=\"icon-box-text last-reset\">\n\t\t\t\t\t\t\t\t\t\n\n<h3 style=\"color: #9d2a39;\">Atendimento Nacional<\/h3>\n<p>Cobertura em todo o pa\u00eds atrav\u00e9s do sistema ABRAMGE, proporcionando seguran\u00e7a e atendimento de sa\u00fade em qualquer lugar do Brasil.\n<\/p>\n\n\t\t<\/div>\n\t<\/div>\n\t\n\t\n\n\t\t<\/div>\n\t\t\t<\/div>\n\n\t\n\n\t<div id=\"col-1144745244\" class=\"col medium-3 small-12 large-3\"  >\n\t\t<div class=\"col-inner\"  >\n\t\t\t\n\t\t\t\n\n\n\t\t<div class=\"icon-box featured-box icon-box-top text-left\"  >\n\t\t\t\t<div class=\"icon-box-text last-reset\">\n\t\t\t\t\t\t\t\t\t\n\n<h3 style=\"color: #9d2a39;\">App Policlin Sa\u00fade<\/h3>\n<p>Acesse a rede credenciada, tenha sua carteirinha digital sempre \u00e0 m\u00e3o e receba notifica\u00e7\u00f5es importantes diretamente pelo aplicativo.<\/p>\n\n\t\t<\/div>\n\t<\/div>\n\t\n\t\n\n\t\t<\/div>\n\t\t\t<\/div>\n\n\t\n\n\t<div id=\"col-123176427\" class=\"col medium-3 small-12 large-3\"  >\n\t\t<div class=\"col-inner\"  >\n\t\t\t\n\t\t\t\n\n\n\t\t<div class=\"icon-box featured-box icon-box-top text-left\"  >\n\t\t\t\t<div class=\"icon-box-text last-reset\">\n\t\t\t\t\t\t\t\t\t\n\n<h3 style=\"color: #9d2a39;\">Autorizador de Exames<\/h3>\n<p>Solicite a autoriza\u00e7\u00e3o de exames de forma pr\u00e1tica e r\u00e1pida via aplicativo, site ou presencialmente, agilizando o seu atendimento.<\/p>\n\n\t\t<\/div>\n\t<\/div>\n\t\n\t\n\n\t\t<\/div>\n\t\t\t<\/div>\n\n\t\n\n\t<div id=\"col-1731124357\" class=\"col medium-3 small-12 large-3\"  >\n\t\t<div class=\"col-inner\"  >\n\t\t\t\n\t\t\t\n\n\n\t\t<div class=\"icon-box featured-box icon-box-top text-left\"  >\n\t\t\t\t<div class=\"icon-box-text last-reset\">\n\t\t\t\t\t\t\t\t\t\n\n<h3 style=\"color: #9d2a39;\">Relacionamento PJ<\/h3>\n<p>Equipe dedicada para facilitar a comunica\u00e7\u00e3o entre empresa e operadora, agilizando processos administrativos e t\u00e9cnicos do plano de sa\u00fade.<\/p>\n\n\t\t<\/div>\n\t<\/div>\n\t\n\t\n\n\t\t<\/div>\n\t\t\t<\/div>\n\n\t\n\n\t<div id=\"col-1610414915\" class=\"col medium-3 small-12 large-3\"  >\n\t\t<div class=\"col-inner\"  >\n\t\t\t\n\t\t\t\n\n\n\t\t<div class=\"icon-box featured-box icon-box-top text-left\"  >\n\t\t\t\t<div class=\"icon-box-text last-reset\">\n\t\t\t\t\t\t\t\t\t\n\n<h3 style=\"color: #9d2a39;\">Valores Acess\u00edveis<\/h3>\n<p>Contrate seu plano de sa\u00fade com valores acess\u00edveis, proporcionando cuidados m\u00e9dicos de qualidade ao alcance de todos.<\/p>\n\n\t\t<\/div>\n\t<\/div>\n\t\n\t\n\n\t\t<\/div>\n\t\t\t<\/div>\n\n\t\n\n\t<div id=\"col-279177290\" class=\"col medium-3 small-12 large-3\"  >\n\t\t<div class=\"col-inner\"  >\n\t\t\t\n\t\t\t\n\n\n\t\t<div class=\"icon-box featured-box icon-box-top text-left\"  >\n\t\t\t\t<div class=\"icon-box-text last-reset\">\n\t\t\t\t\t\t\t\t\t\n\n<h3 style=\"color: #9d2a39;\">Variedade de Planos<\/h3>\n<p>Diversas op\u00e7\u00f5es de planos de sa\u00fade, adapt\u00e1veis \u00e0s necessidades e or\u00e7amento de cada cliente, garantindo flexibilidade e escolha.<\/p>\n\n\t\t<\/div>\n\t<\/div>\n\t\n\t\n\n\t\t<\/div>\n\t\t\t<\/div>\n\n\t\n\n<\/div>\n\n\t\t<\/div>\n\n\t\t\n<style>\n#section_1958356114 {\n  padding-top: 47px;\n  padding-bottom: 47px;\n}\n<\/style>\n\t<\/section>\n\t\n","protected":false},"excerpt":{"rendered":"","protected":false},"author":1,"featured_media":0,"parent":0,"menu_order":0,"comment_status":"closed","ping_status":"closed","template":"page-blank.php","meta":{"inline_featured_image":false,"footnotes":""},"class_list":["post-7","page","type-page","status-publish","hentry"],"_links":{"self":[{"href":"https:\/\/segurosaude.com.br\/policlin-saude\/wp-json\/wp\/v2\/pages\/7","targetHints":{"allow":["GET"]}}],"collection":[{"href":"https:\/\/segurosaude.com.br\/policlin-saude\/wp-json\/wp\/v2\/pages"}],"about":[{"href":"https:\/\/segurosaude.com.br\/policlin-saude\/wp-json\/wp\/v2\/types\/page"}],"author":[{"embeddable":true,"href":"https:\/\/segurosaude.com.br\/policlin-saude\/wp-json\/wp\/v2\/users\/1"}],"replies":[{"embeddable":true,"href":"https:\/\/segurosaude.com.br\/policlin-saude\/wp-json\/wp\/v2\/comments?post=7"}],"version-history":[{"count":100,"href":"https:\/\/segurosaude.com.br\/policlin-saude\/wp-json\/wp\/v2\/pages\/7\/revisions"}],"predecessor-version":[{"id":1402,"href":"https:\/\/segurosaude.com.br\/policlin-saude\/wp-json\/wp\/v2\/pages\/7\/revisions\/1402"}],"wp:attachment":[{"href":"https:\/\/segurosaude.com.br\/policlin-saude\/wp-json\/wp\/v2\/media?parent=7"}],"curies":[{"name":"wp","href":"https:\/\/api.w.org\/{rel}","templated":true}]}}