{"id":7,"date":"2021-04-30T18:13:08","date_gmt":"2021-04-30T18:13:08","guid":{"rendered":"https:\/\/segurosaude.com.br\/humana-saude\/?page_id=7"},"modified":"2025-01-15T19:15:36","modified_gmt":"2025-01-15T19:15:36","slug":"home","status":"publish","type":"page","link":"https:\/\/segurosaude.com.br\/humana-saude\/","title":{"rendered":"Home"},"content":{"rendered":"\n  <div class=\"banner has-hover\" id=\"banner-748407716\">\n          <div class=\"banner-inner fill\">\n        <div class=\"banner-bg fill\" >\n            <div class=\"bg fill bg-fill \"><\/div>\n                        <div class=\"overlay\"><\/div>            \n                    <\/div>\n        <div class=\"banner-layers container\">\n            <div class=\"fill banner-link\"><\/div>            \n   <div id=\"text-box-16306788\" class=\"text-box banner-layer x5 md-x0 lg-x0 y50 md-y50 lg-y50 res-text\">\n                                <div class=\"text-box-content text dark\">\n              \n              <div class=\"text-inner text-left\">\n                  \n<h2 class=\"uppercase\"><strong>Seguro Sa\u00fade HUMANA SA\u00daDE<\/strong><\/h2>\n<h3>Simule e conhe\u00e7a planos com at\u00e9 30% de desconto nas 4 primeiras mensalidades<\/h3>\n<p>Na Humana Sa\u00fade voc\u00ea encontra planos de sa\u00fade do tamanho da sua necessidade, com \u00f3timo custo-benef\u00edcio e muitas vantagens.<\/p>\n<a href=\"#planos\" target=\"_self\" class=\"button primary\"  style=\"border-radius:99px;\">\n    <span>conhe\u00e7a o plano<\/span>\n  <\/a>\n\n<a href=\"#simulacao-humana-saude\" target=\"_self\" class=\"button secondary hide-for-small\"  style=\"border-radius:99px;\">\n    <span>simule agora<\/span>\n  <\/a>\n\n              <\/div>\n           <\/div>\n                            \n<style>\n#text-box-16306788 {\n  width: 95%;\n}\n#text-box-16306788 .text-box-content {\n  font-size: 156%;\n}\n@media (min-width:550px) {\n  #text-box-16306788 {\n    width: 45%;\n  }\n  #text-box-16306788 .text-box-content {\n    font-size: 100%;\n  }\n}\n<\/style>\n    <\/div>\n \n   <div id=\"text-box-1021394169\" class=\"text-box banner-layer hide-for-small x5 md-x100 lg-x100 y40 md-y50 lg-y50 res-text\">\n                                <div class=\"text-box-content text dark\">\n              \n              <div class=\"text-inner text-left\">\n                  \n<p><a href=\"#simulacao-humana-saude\"><img decoding=\"async\" data-src=\"https:\/\/segurosaude.com.br\/humana-saude\/wp-content\/uploads\/2024\/04\/simulador-humana-saude.png\" src=\"data:image\/svg+xml;base64,PHN2ZyB3aWR0aD0iMSIgaGVpZ2h0PSIxIiB4bWxucz0iaHR0cDovL3d3dy53My5vcmcvMjAwMC9zdmciPjwvc3ZnPg==\" class=\"lazyload\" style=\"--smush-placeholder-width: 486px; --smush-placeholder-aspect-ratio: 486\/348;\" \/><\/a><\/p>\n              <\/div>\n           <\/div>\n                            \n<style>\n#text-box-1021394169 {\n  width: 91%;\n}\n#text-box-1021394169 .text-box-content {\n  font-size: 100%;\n}\n@media (min-width:550px) {\n  #text-box-1021394169 {\n    width: 45%;\n  }\n}\n<\/style>\n    <\/div>\n \n        <\/div>\n      <\/div>\n\n            \n<style>\n#banner-748407716 {\n  padding-top: 100%;\n}\n#banner-748407716 .bg.bg-loaded {\n  background-image: url(https:\/\/segurosaude.com.br\/humana-saude\/wp-content\/uploads\/2024\/04\/fundohumana-1024x502.png);\n}\n#banner-748407716 .overlay {\n  background-color: rgba(0, 0, 0, 0.424);\n}\n#banner-748407716 .bg {\n  background-position: 100% 100%;\n}\n@media (min-width:550px) {\n  #banner-748407716 {\n    padding-top: 630px;\n  }\n}\n<\/style>\n  <\/div>\n\n\n<span class=\"scroll-to\" data-label=\"Scroll to: #sobre\" data-bullet=\"false\" data-link=\"#sobre\" data-title=\"sobre\"><a name=\"sobre\"><\/a><\/span>\n\t<section class=\"section\" id=\"section_2140195954\">\n\t\t<div class=\"bg section-bg fill bg-fill  \" >\n\n\t\t\t\n\t\t\t<div class=\"section-bg-overlay absolute fill\"><\/div>\n\t\t\t\n\n\t\t<\/div>\n\n\t\t<div class=\"section-content relative\">\n\t\t\t\n<div class=\"row row-small align-middle\"  id=\"row-560519610\">\n\n\t<div id=\"col-82908213\" class=\"col medium-4 small-12 large-4\"  >\n\t\t<div class=\"col-inner\"  >\n\t\t\t\n\t\t\t\n\n  <div class=\"banner has-hover\" id=\"banner-429787957\">\n          <div class=\"banner-inner fill\">\n        <div class=\"banner-bg fill\" >\n            <div class=\"bg fill bg-fill \"><\/div>\n                                    \n                    <\/div>\n        <div class=\"banner-layers container\">\n            <div class=\"fill banner-link\"><\/div>            \n        <\/div>\n      <\/div>\n\n            \n<style>\n#banner-429787957 {\n  padding-top: 315px;\n}\n#banner-429787957 .bg.bg-loaded {\n  background-image: url(https:\/\/segurosaude.com.br\/humana-saude\/wp-content\/uploads\/2022\/10\/br-empresarial-2-1024x577.jpg);\n}\n<\/style>\n  <\/div>\n\n\n\t\t<\/div>\n\t\t\t<\/div>\n\n\t\n\n\t<div id=\"col-733194875\" class=\"col medium-8 small-12 large-8\"  >\n\t\t<div class=\"col-inner\"  >\n\t\t\t\n\t\t\t\n\t<div id=\"text-4231628280\" class=\"text\">\n\t\t\n<h2 style=\"text-align: left;\"><span style=\"font-weight: bold; color: #333!important;\"><span style=\"color: #333;\">Conhe\u00e7a a <\/span><\/span><span style=\"font-weight: bold; color: #0a0a66!important;\">Humana Sa\u00fade<\/span><\/h2>\n<div><strong>H\u00e1 mais de 25 anos cuidando da sua sa\u00fade e de toda sua fam\u00edlia.<\/strong><\/div>\n<div>\u00a0<\/div>\n<div>A Humana Sa\u00fade \u00e9 reconhecida por sua excel\u00eancia e comprometimento em proporcionar cuidados de sa\u00fade de qualidade aos seus benefici\u00e1rios. Com uma abordagem centrada no paciente, a operadora se destaca por oferecer uma ampla gama de servi\u00e7os e benef\u00edcios que visam atender \u00e0s necessidades individuais de cada pessoa.<\/div>\n<div>\u00a0<\/div>\n<div>Com foco na excel\u00eancia dos servi\u00e7os e na qualidade do atendimento, a Humana Sa\u00fade disponibiliza suporte com equipes de resgate para situa\u00e7\u00f5es de urg\u00eancia e emerg\u00eancia, contando com profissionais capacitados e dedicados a fornecer assist\u00eancia em sa\u00fade nos momentos mais cr\u00edticos.<\/div>\n\t\t\n<style>\n#text-4231628280 {\n  text-align: left;\n}\n<\/style>\n\t<\/div>\n\t\n\t\t<\/div>\n\t\t\t<\/div>\n\n\t\n<\/div>\n\t\t<\/div>\n\n\t\t\n<style>\n#section_2140195954 {\n  padding-top: 30px;\n  padding-bottom: 30px;\n}\n#section_2140195954 .section-bg-overlay {\n  background-color: rgba(255, 255, 255, 0.163);\n}\n#section_2140195954 .section-bg.bg-loaded {\n  background-image: url(https:\/\/segurosaude.com.br\/humana-saude\/wp-content\/uploads\/2021\/04\/bg.png);\n}\n<\/style>\n\t<\/section>\n\t\n<span class=\"scroll-to\" data-label=\"Scroll to: #diferenciais\" data-bullet=\"false\" data-link=\"#diferenciais\" data-title=\"diferenciais\"><a name=\"diferenciais\"><\/a><\/span>\n\n\t<section class=\"section\" id=\"section_284321135\">\n\t\t<div class=\"bg section-bg fill bg-fill  bg-loaded\" >\n\n\t\t\t\n\t\t\t\n\t\t\t\n\n\t\t<\/div>\n\n\t\t<div class=\"section-content relative\">\n\t\t\t\n\n<div class=\"row\"  id=\"row-1085036574\">\n\n\n\t<div id=\"col-216964232\" class=\"col small-12 large-12\"  >\n\t\t<div class=\"col-inner\"  >\n\t\t\t\n\t\t\t\n\n<h2 style=\"text-align: center;\"><span style=\"font-weight: bold; color: #333 !important;\"><span style=\"color: #333;\">Diferenciais <\/span><\/span><span style=\"font-weight: bold; color: #0a0a66!important;\">Humana Sa\u00fade<\/span><\/h2>\n<p style=\"text-align: center;\">Confira alguns motivos para contratar um plano da Humana Sa\u00fade.<\/p>\n\n\t\t<\/div>\n\t\t\t<\/div>\n\n\t\n\n<\/div>\n<div class=\"row\"  id=\"row-870286120\">\n\n\n\t<div id=\"col-1849038854\" class=\"col medium-3 small-12 large-3\"  >\n\t\t<div class=\"col-inner\"  >\n\t\t\t\n\t\t\t\n\n\n\t\t<div class=\"icon-box featured-box icon-box-top text-left\"  >\n\t\t\t\t<div class=\"icon-box-text last-reset\">\n\t\t\t\t\t\t\t\t\t\n\n<h3 style=\"color: #0a0a66;\">Ampla Rede de Atendimento<\/h3>\n<p>Na Humana Sa\u00fade voc\u00ea conta com mais de 2900 m\u00e9dicos credenciados e 500 prestadores de servi\u00e7os em diversas regi\u00f5es do pa\u00eds! Simule agora mesmo<\/p>\n\n\t\t<\/div>\n\t<\/div>\n\t\n\t\n\n\t\t<\/div>\n\t\t\t<\/div>\n\n\t\n\n\t<div id=\"col-1844751870\" class=\"col medium-3 small-12 large-3\"  >\n\t\t<div class=\"col-inner\"  >\n\t\t\t\n\t\t\t\n\n\n\t\t<div class=\"icon-box featured-box icon-box-top text-left\"  >\n\t\t\t\t<div class=\"icon-box-text last-reset\">\n\t\t\t\t\t\t\t\t\t\n\n<h3 style=\"color: #0a0a66;\">Telemedicina<\/h3>\n<p>A Telemedicina da Humana Sa\u00fade permite que voc\u00ea realize consultas de onde voc\u00ea estiver, a hora que precisar com especialistas altamente capacitados.<\/p>\n\n\t\t<\/div>\n\t<\/div>\n\t\n\t\n\n\t\t<\/div>\n\t\t\t<\/div>\n\n\t\n\n\t<div id=\"col-1643621644\" class=\"col medium-3 small-12 large-3\"  >\n\t\t<div class=\"col-inner\"  >\n\t\t\t\n\t\t\t\n\n\n\t\t<div class=\"icon-box featured-box icon-box-top text-left\"  >\n\t\t\t\t<div class=\"icon-box-text last-reset\">\n\t\t\t\t\t\t\t\t\t\n\n<h3 style=\"color: #0a0a66;\">Desconto em Farm\u00e1cias<\/h3>\n<p>Benefici\u00e1rios Humana Sa\u00fade contam com descontos em medicamentos e diversos outros \u00edtens em uma ampla rede de farm\u00e1cias e drogarias.<\/p>\n\n\t\t<\/div>\n\t<\/div>\n\t\n\t\n\n\t\t<\/div>\n\t\t\t<\/div>\n\n\t\n\n\t<div id=\"col-1466384604\" class=\"col medium-3 small-12 large-3\"  >\n\t\t<div class=\"col-inner\"  >\n\t\t\t\n\t\t\t\n\n\n\t\t<div class=\"icon-box featured-box icon-box-top text-left\"  >\n\t\t\t\t<div class=\"icon-box-text last-reset\">\n\t\t\t\t\t\t\t\t\t\n\n<h3 style=\"color: #0a0a66;\">Coparticipa\u00e7\u00e3o<\/h3>\n<p>Reduza as mensalidades do seu plano de sa\u00fade ao contratar um plano Humana Sa\u00fade com coparticipa\u00e7\u00e3o. Entre em contato conosco e saiba mais!<\/p>\n\n\t\t<\/div>\n\t<\/div>\n\t\n\t\n\n\t\t<\/div>\n\t\t\t<\/div>\n\n\t\n\n\t<div id=\"col-182277577\" class=\"col medium-3 small-12 large-3\"  >\n\t\t<div class=\"col-inner\"  >\n\t\t\t\n\t\t\t\n\n\n\t\t<div class=\"icon-box featured-box icon-box-top text-left\"  >\n\t\t\t\t<div class=\"icon-box-text last-reset\">\n\t\t\t\t\t\t\t\t\t\n\n<h3 style=\"color: #0a0a66;\">Planos Individuais<\/h3>\n<p>Na Humana Sa\u00fade voc\u00ea encontra diversas op\u00e7\u00f5es de planos (com contrata\u00e7\u00e3o via CPF) com descontos de at\u00e9 15% nas 6 primeiras parcelas.<\/p>\n\n\t\t<\/div>\n\t<\/div>\n\t\n\t\n\n\t\t<\/div>\n\t\t\t<\/div>\n\n\t\n\n\t<div id=\"col-1637303337\" class=\"col medium-3 small-12 large-3\"  >\n\t\t<div class=\"col-inner\"  >\n\t\t\t\n\t\t\t\n\n\n\t\t<div class=\"icon-box featured-box icon-box-top text-left\"  >\n\t\t\t\t<div class=\"icon-box-text last-reset\">\n\t\t\t\t\t\t\t\t\t\n\n<h3 style=\"color: #0a0a66;\">Planos Empresariais<\/h3>\n<p>Os planos Empresariais da Humana Sa\u00fade garantem as melhores condi\u00e7\u00f5es de contrata\u00e7\u00e3o para empresas de todos os segmentos. Simule seu plano pelo site!<\/p>\n\n\t\t<\/div>\n\t<\/div>\n\t\n\t\n\n\t\t<\/div>\n\t\t\t<\/div>\n\n\t\n\n\t<div id=\"col-1883467219\" class=\"col medium-3 small-12 large-3\"  >\n\t\t<div class=\"col-inner\"  >\n\t\t\t\n\t\t\t\n\n\n\t\t<div class=\"icon-box featured-box icon-box-top text-left\"  >\n\t\t\t\t<div class=\"icon-box-text last-reset\">\n\t\t\t\t\t\t\t\t\t\n\n<h3 style=\"color: #0a0a66;\">Atendimento Especializado<\/h3>\n<p>Ao contratar seu plano Humana Sa\u00fade voc\u00ea conta com milhares de profissionais altamente qualificados, prontos para cuidar da sua sa\u00fade. Fa\u00e7a uma cota\u00e7\u00e3o pelo site.<\/p>\n\n\t\t<\/div>\n\t<\/div>\n\t\n\t\n\n\t\t<\/div>\n\t\t\t<\/div>\n\n\t\n\n\t<div id=\"col-1020871646\" class=\"col medium-3 small-12 large-3\"  >\n\t\t<div class=\"col-inner\"  >\n\t\t\t\n\t\t\t\n\n\n\t\t<div class=\"icon-box featured-box icon-box-top text-left\"  >\n\t\t\t\t<div class=\"icon-box-text last-reset\">\n\t\t\t\t\t\t\t\t\t\n\n<h3 style=\"color: #0a0a66;\">Variedade de Planos<\/h3>\n<p>Escolha entre diversas op\u00e7\u00f5es de planos, que v\u00e3o desde os mais simples at\u00e9 os mais completos, al\u00e9m de op\u00e7\u00e3o de contrata\u00e7\u00e3o conjugada com plano dental.<\/p>\n\n\t\t<\/div>\n\t<\/div>\n\t\n\t\n\n\t\t<\/div>\n\t\t\t<\/div>\n\n\t\n\n<\/div>\n\n\t\t<\/div>\n\n\t\t\n<style>\n#section_284321135 {\n  padding-top: 47px;\n  padding-bottom: 47px;\n}\n<\/style>\n\t<\/section>\n\t\n\n","protected":false},"excerpt":{"rendered":"","protected":false},"author":1,"featured_media":0,"parent":0,"menu_order":0,"comment_status":"closed","ping_status":"closed","template":"page-blank.php","meta":{"inline_featured_image":false,"footnotes":""},"class_list":["post-7","page","type-page","status-publish","hentry"],"_links":{"self":[{"href":"https:\/\/segurosaude.com.br\/humana-saude\/wp-json\/wp\/v2\/pages\/7","targetHints":{"allow":["GET"]}}],"collection":[{"href":"https:\/\/segurosaude.com.br\/humana-saude\/wp-json\/wp\/v2\/pages"}],"about":[{"href":"https:\/\/segurosaude.com.br\/humana-saude\/wp-json\/wp\/v2\/types\/page"}],"author":[{"embeddable":true,"href":"https:\/\/segurosaude.com.br\/humana-saude\/wp-json\/wp\/v2\/users\/1"}],"replies":[{"embeddable":true,"href":"https:\/\/segurosaude.com.br\/humana-saude\/wp-json\/wp\/v2\/comments?post=7"}],"version-history":[{"count":90,"href":"https:\/\/segurosaude.com.br\/humana-saude\/wp-json\/wp\/v2\/pages\/7\/revisions"}],"predecessor-version":[{"id":1333,"href":"https:\/\/segurosaude.com.br\/humana-saude\/wp-json\/wp\/v2\/pages\/7\/revisions\/1333"}],"wp:attachment":[{"href":"https:\/\/segurosaude.com.br\/humana-saude\/wp-json\/wp\/v2\/media?parent=7"}],"curies":[{"name":"wp","href":"https:\/\/api.w.org\/{rel}","templated":true}]}}