{"id":7,"date":"2021-04-30T18:13:08","date_gmt":"2021-04-30T18:13:08","guid":{"rendered":"https:\/\/segurosaude.com.br\/hapvida-saude\/?page_id=7"},"modified":"2025-01-15T19:16:20","modified_gmt":"2025-01-15T19:16:20","slug":"home","status":"publish","type":"page","link":"https:\/\/segurosaude.com.br\/hapvida-saude\/","title":{"rendered":"Home"},"content":{"rendered":"\n  <div class=\"banner has-hover\" id=\"banner-1823693330\">\n          <div class=\"banner-inner fill\">\n        <div class=\"banner-bg fill\" >\n            <div class=\"bg fill bg-fill \"><\/div>\n                        <div class=\"overlay\"><\/div>            \n                    <\/div>\n        <div class=\"banner-layers container\">\n            <div class=\"fill banner-link\"><\/div>            \n   <div id=\"text-box-1892775272\" class=\"text-box banner-layer x5 md-x0 lg-x0 y50 md-y50 lg-y50 res-text\">\n                                <div class=\"text-box-content text dark\">\n              \n              <div class=\"text-inner text-left\">\n                  \n<h2 class=\"uppercase\"><strong>SEGURO SA\u00daDE HAPVIDA Sa\u00fade<\/strong><\/h2>\n<h3>Sa\u00fade integrada de qualidade e acess\u00edvel para voc\u00ea e sua fam\u00edlia<\/h3>\n<p>Com a Hapvida Sa\u00fade voc\u00ea tem acesso as principais especialidades m\u00e9dicas, desde consultas at\u00e9 cirurgias.<\/p>\n<a href=\"#planos\" target=\"_self\" class=\"button primary\"  style=\"border-radius:99px;\">\n    <span>conhe\u00e7a o plano<\/span>\n  <\/a>\n\n<a href=\"#simulacao-hapvida-saude\" target=\"_self\" class=\"button secondary hide-for-small\"  style=\"border-radius:99px;\">\n    <span>simule agora<\/span>\n  <\/a>\n\n              <\/div>\n           <\/div>\n                            \n<style>\n#text-box-1892775272 {\n  width: 84%;\n}\n#text-box-1892775272 .text-box-content {\n  font-size: 156%;\n}\n@media (min-width:550px) {\n  #text-box-1892775272 {\n    width: 44%;\n  }\n  #text-box-1892775272 .text-box-content {\n    font-size: 100%;\n  }\n}\n<\/style>\n    <\/div>\n \n   <div id=\"text-box-1384096445\" class=\"text-box banner-layer hide-for-small x5 md-x100 lg-x100 y40 md-y50 lg-y50 res-text\">\n                                <div class=\"text-box-content text dark\">\n              \n              <div class=\"text-inner text-left\">\n                  \n<p><a href=\"#simulacao-hapvida-saude\"><img decoding=\"async\" data-src=\"https:\/\/segurosaude.com.br\/hapvida-saude\/wp-content\/uploads\/2023\/05\/simulador-hapvida-saude.png\" src=\"data:image\/svg+xml;base64,PHN2ZyB3aWR0aD0iMSIgaGVpZ2h0PSIxIiB4bWxucz0iaHR0cDovL3d3dy53My5vcmcvMjAwMC9zdmciPjwvc3ZnPg==\" class=\"lazyload\" style=\"--smush-placeholder-width: 486px; --smush-placeholder-aspect-ratio: 486\/348;\" \/><\/a><\/p>\n              <\/div>\n           <\/div>\n                            \n<style>\n#text-box-1384096445 {\n  width: 91%;\n}\n#text-box-1384096445 .text-box-content {\n  font-size: 100%;\n}\n@media (min-width:550px) {\n  #text-box-1384096445 {\n    width: 45%;\n  }\n}\n<\/style>\n    <\/div>\n \n        <\/div>\n      <\/div>\n\n            \n<style>\n#banner-1823693330 {\n  padding-top: 100%;\n}\n#banner-1823693330 .bg.bg-loaded {\n  background-image: url(https:\/\/segurosaude.com.br\/hapvida-saude\/wp-content\/uploads\/2023\/05\/hospital-rio-amazonas_-1.jpg);\n}\n#banner-1823693330 .overlay {\n  background-color: rgba(0, 0, 0, 0.424);\n}\n#banner-1823693330 .bg {\n  background-position: 3% 100%;\n}\n@media (min-width:550px) {\n  #banner-1823693330 {\n    padding-top: 630px;\n  }\n}\n<\/style>\n  <\/div>\n\n\n<span class=\"scroll-to\" data-label=\"Scroll to: #sobre\" data-bullet=\"false\" data-link=\"#sobre\" data-title=\"sobre\"><a name=\"sobre\"><\/a><\/span>\n\t<section class=\"section\" id=\"section_101188710\">\n\t\t<div class=\"bg section-bg fill bg-fill  \" >\n\n\t\t\t\n\t\t\t<div class=\"section-bg-overlay absolute fill\"><\/div>\n\t\t\t\n\n\t\t<\/div>\n\n\t\t<div class=\"section-content relative\">\n\t\t\t\n<div class=\"row row-small align-middle\"  id=\"row-306355467\">\n\n\t<div id=\"col-1462358685\" class=\"col medium-4 small-12 large-4\"  >\n\t\t<div class=\"col-inner\"  >\n\t\t\t\n\t\t\t\n\n  <div class=\"banner has-hover\" id=\"banner-1817659758\">\n          <div class=\"banner-inner fill\">\n        <div class=\"banner-bg fill\" >\n            <div class=\"bg fill bg-fill \"><\/div>\n                                    \n                    <\/div>\n        <div class=\"banner-layers container\">\n            <div class=\"fill banner-link\"><\/div>            \n        <\/div>\n      <\/div>\n\n            \n<style>\n#banner-1817659758 {\n  padding-top: 369px;\n}\n#banner-1817659758 .bg.bg-loaded {\n  background-image: url(https:\/\/segurosaude.com.br\/hapvida-saude\/wp-content\/uploads\/2023\/05\/hapvida-fecha-parceria-com-a-science-valley-para-ampliar-sua-atuacao-na-pesquisa-clinica-1024x566.jpg);\n}\n#banner-1817659758 .bg {\n  background-position: 55% 26%;\n}\n<\/style>\n  <\/div>\n\n\n\t\t<\/div>\n\t\t\t<\/div>\n\n\t\n\n\t<div id=\"col-565960950\" class=\"col medium-8 small-12 large-8\"  >\n\t\t<div class=\"col-inner\"  >\n\t\t\t\n\t\t\t\n\t<div id=\"text-3586754167\" class=\"text\">\n\t\t\n<h2 style=\"text-align: left;\"><span style=\"font-weight: bold; color: #333!important;\"><span style=\"color: #0054b7;\">Conhe\u00e7a a <\/span><\/span><span style=\"font-weight: bold; color: #ef402d!important;\">Hapvida Sa\u00fade<\/span><\/h2>\n<div><strong>Benefici\u00e1rios Hapvida Sa\u00fade contam com uma das maiores redes pr\u00f3prias de atendimento do pa\u00eds, com \u00f3timos hospitais, laborat\u00f3rios e cl\u00ednicas espalhados por diversos estados do pa\u00eds.<\/strong><\/div>\n<div><\/div>\n<div>Com uma rede assistencial pr\u00f3pria composta por 87 hospitais, 76 prontos atendimentos e 323 cl\u00ednicas m\u00e9dicas, a Hapvida \u00e9 uma das maiores e melhores op\u00e7\u00f5es de operadoras de planos de sa\u00fade do pa\u00eds. Hoje, a Hapvida Sa\u00fade faz parte do Grupo NotreDame Interm\u00e9dica, destaque entre os principais planos de sa\u00fade do pa\u00eds. S\u00e3o diversas op\u00e7\u00f5es de planos desenvolvidos para trazer atendimento m\u00e9dico-hospitalar de qualidade para cada um dos seus benefici\u00e1rios.<\/div>\n<div><\/div>\n<div>Na Hapvida Sa\u00fade voc\u00ea encontra tudo que precisa para cuidar da sua sa\u00fade com mais tranquilidade: facilidade no agendamento de consultas, atendimento humanizado, Medicina Preventiva e acesso a diversos programas de sa\u00fade e bem-estar. Conhe\u00e7a mais sobre o plano e fa\u00e7a uma cota\u00e7\u00e3o online!<\/div>\n\t\t\n<style>\n#text-3586754167 {\n  text-align: left;\n}\n<\/style>\n\t<\/div>\n\t\n\t\t<\/div>\n\t\t\t<\/div>\n\n\t\n<\/div>\n\t\t<\/div>\n\n\t\t\n<style>\n#section_101188710 {\n  padding-top: 30px;\n  padding-bottom: 30px;\n}\n#section_101188710 .section-bg-overlay {\n  background-color: rgba(255, 255, 255, 0.163);\n}\n#section_101188710 .section-bg.bg-loaded {\n  background-image: url(https:\/\/segurosaude.com.br\/hapvida-saude\/wp-content\/uploads\/2021\/04\/bg.png);\n}\n<\/style>\n\t<\/section>\n\t\n<span class=\"scroll-to\" data-label=\"Scroll to: #diferenciais\" data-bullet=\"false\" data-link=\"#diferenciais\" data-title=\"diferenciais\"><a name=\"diferenciais\"><\/a><\/span>\n\t<section class=\"section\" id=\"section_2041889989\">\n\t\t<div class=\"bg section-bg fill bg-fill  bg-loaded\" >\n\n\t\t\t\n\t\t\t\n\t\t\t\n\n\t\t<\/div>\n\n\t\t<div class=\"section-content relative\">\n\t\t\t\n<div class=\"row\"  id=\"row-589355455\">\n\n\t<div id=\"col-1510624221\" class=\"col small-12 large-12\"  >\n\t\t<div class=\"col-inner\"  >\n\t\t\t\n\t\t\t\n<h2 style=\"text-align: center;\"><span style=\"font-weight: bold; color: #0054b7!important;\"><span style=\"color: #0054b7;\">Diferenciais <\/span><\/span><span style=\"font-weight: bold; color: #ef402d!important;\">Hapvida Sa\u00fade<\/span><\/h2>\n<p style=\"text-align: center;\">Confira alguns motivos para contratar um plano da Hapvida Sa\u00fade.<\/p>\n\t\t<\/div>\n\t\t\t<\/div>\n\n\t\n<\/div>\n<div class=\"row\"  id=\"row-1667736997\">\n\n\t<div id=\"col-660098242\" class=\"col medium-3 small-12 large-3\"  >\n\t\t<div class=\"col-inner\"  >\n\t\t\t\n\t\t\t\n\n\t\t<div class=\"icon-box featured-box icon-box-top text-left\"  >\n\t\t\t\t<div class=\"icon-box-text last-reset\">\n\t\t\t\t\t\t\t\t\t\n<h3 style=\"color: #0054b7;\">Ampla Rede Pr\u00f3pria<\/h3>\n<p>A Hapvida tem uma das maiores redes pr\u00f3prias do pa\u00eds! S\u00e3o diversos hospitais, prontos atendimentos, cl\u00ednicas e centros de diagn\u00f3stico por imagem e coleta laboratorial.<\/p>\n\t\t<\/div>\n\t<\/div>\n\t\n\t\n\t\t<\/div>\n\t\t\t<\/div>\n\n\t\n\n\t<div id=\"col-460947519\" class=\"col medium-3 small-12 large-3\"  >\n\t\t<div class=\"col-inner\"  >\n\t\t\t\n\t\t\t\n\n\t\t<div class=\"icon-box featured-box icon-box-top text-left\"  >\n\t\t\t\t<div class=\"icon-box-text last-reset\">\n\t\t\t\t\t\t\t\t\t\n<h3 style=\"color: #0054b7;\">Hapvida GNDI<\/h3>\n<p>A Hapvida Sa\u00fade faz parte do Grupo NotreDame Interm\u00e9dica, uma das mais conceituadas empresas do segmento de sa\u00fade assistencial do pa\u00eds! Simule agora mesmo.<\/p>\n\t\t<\/div>\n\t<\/div>\n\t\n\t\n\t\t<\/div>\n\t\t\t<\/div>\n\n\t\n\n\t<div id=\"col-1656531989\" class=\"col medium-3 small-12 large-3\"  >\n\t\t<div class=\"col-inner\"  >\n\t\t\t\n\t\t\t\n\n\t\t<div class=\"icon-box featured-box icon-box-top text-left\"  >\n\t\t\t\t<div class=\"icon-box-text last-reset\">\n\t\t\t\t\t\t\t\t\t\n<h3 style=\"color: #0054b7;\">Variedade de Planos<\/h3>\n<p>Na Hapvida Sa\u00fade voc\u00ea encontra diversas op\u00e7\u00f5es de planos que variam de acordo com a rede credenciada, valores das mensalidades e benef\u00edcios.<\/p>\n\t\t<\/div>\n\t<\/div>\n\t\n\t\n\t\t<\/div>\n\t\t\t<\/div>\n\n\t\n\n\t<div id=\"col-1211488272\" class=\"col medium-3 small-12 large-3\"  >\n\t\t<div class=\"col-inner\"  >\n\t\t\t\n\t\t\t\n\n\t\t<div class=\"icon-box featured-box icon-box-top text-left\"  >\n\t\t\t\t<div class=\"icon-box-text last-reset\">\n\t\t\t\t\t\t\t\t\t\n<h3 style=\"color: #0054b7;\">Plano Odontol\u00f3gico<\/h3>\n<p>Com mais de 20 anos de experi\u00eancia no mercado de planos odontol\u00f3gicos, a Hapvida oferece diversas op\u00e7\u00f5es de planos dentais com valores bastante acess\u00edveis!<\/p>\n\t\t<\/div>\n\t<\/div>\n\t\n\t\n\t\t<\/div>\n\t\t\t<\/div>\n\n\t\n\n\t<div id=\"col-1542864698\" class=\"col medium-3 small-12 large-3\"  >\n\t\t<div class=\"col-inner\"  >\n\t\t\t\n\t\t\t\n\n\t\t<div class=\"icon-box featured-box icon-box-top text-left\"  >\n\t\t\t\t<div class=\"icon-box-text last-reset\">\n\t\t\t\t\t\t\t\t\t\n<h3 style=\"color: #0054b7;\">Medicina Preventiva<\/h3>\n<p>Conte com diversos programas de sa\u00fade e bem-estar que ajudam a levar uma vida mais saud\u00e1vel, previnindo doen\u00e7as e melhorando a qualidade de vida.<\/p>\n\t\t<\/div>\n\t<\/div>\n\t\n\t\n\t\t<\/div>\n\t\t\t<\/div>\n\n\t\n\n\t<div id=\"col-281779892\" class=\"col medium-3 small-12 large-3\"  >\n\t\t<div class=\"col-inner\"  >\n\t\t\t\n\t\t\t\n\n\t\t<div class=\"icon-box featured-box icon-box-top text-left\"  >\n\t\t\t\t<div class=\"icon-box-text last-reset\">\n\t\t\t\t\t\t\t\t\t\n<h3 style=\"color: #0054b7;\">Rede Pedi\u00e1trica Exclusiva<\/h3>\n<p>Tenha acesso a maior rede de atendimento infantil do pa\u00eds, com infraestrutura moderna e especializada, UTI neonatal e acompanhamento pedi\u00e1trico.<\/p>\n\t\t<\/div>\n\t<\/div>\n\t\n\t\n\t\t<\/div>\n\t\t\t<\/div>\n\n\t\n\n\t<div id=\"col-1222311148\" class=\"col medium-3 small-12 large-3\"  >\n\t\t<div class=\"col-inner\"  >\n\t\t\t\n\t\t\t\n\n\t\t<div class=\"icon-box featured-box icon-box-top text-left\"  >\n\t\t\t\t<div class=\"icon-box-text last-reset\">\n\t\t\t\t\t\t\t\t\t\n<h3 style=\"color: #0054b7;\">Cobertura Completa<\/h3>\n<p>Os planos da Hapvida cobrem consultas, exames, interna\u00e7\u00f5es e podem ser contratados juntamente ao plano Hapvida Dental. Consulte-nos para maiores informa\u00e7\u00f5es.<\/p>\n\t\t<\/div>\n\t<\/div>\n\t\n\t\n\t\t<\/div>\n\t\t\t<\/div>\n\n\t\n\n\t<div id=\"col-2066281462\" class=\"col medium-3 small-12 large-3\"  >\n\t\t<div class=\"col-inner\"  >\n\t\t\t\n\t\t\t\n\n\t\t<div class=\"icon-box featured-box icon-box-top text-left\"  >\n\t\t\t\t<div class=\"icon-box-text last-reset\">\n\t\t\t\t\t\t\t\t\t\n<h3 style=\"color: #0054b7;\">Solu\u00e7\u00f5es sob medida<\/h3>\n<p>A Hapvida Sa\u00fade tem o conv\u00eanio m\u00e9dico ideal para voc\u00ea, sua fam\u00edlia ou para os colaboradores e dependentes da sua empresa. Fa\u00e7a uma cota\u00e7\u00e3o online e saiba mais.<\/p>\n\t\t<\/div>\n\t<\/div>\n\t\n\t\n\t\t<\/div>\n\t\t\t<\/div>\n\n\t\n<\/div>\n\t\t<\/div>\n\n\t\t\n<style>\n#section_2041889989 {\n  padding-top: 47px;\n  padding-bottom: 47px;\n}\n<\/style>\n\t<\/section>\n\t\n<span class=\"scroll-to\" data-label=\"Scroll to: #rede-credenciada\" data-bullet=\"false\" data-link=\"#rede-credenciada\" data-title=\"rede-credenciada\"><a name=\"rede-credenciada\"><\/a><\/span>\n\t<section class=\"section\" id=\"section_1038699063\">\n\t\t<div class=\"bg section-bg fill bg-fill  bg-loaded\" >\n\n\t\t\t\n\t\t\t<div class=\"section-bg-overlay absolute fill\"><\/div>\n\t\t\t\n\n\t\t<\/div>\n\n\t\t<div class=\"section-content relative\">\n\t\t\t\n<div class=\"row\"  id=\"row-34037610\">\n\n\t<div id=\"col-56227649\" class=\"col small-12 large-12\"  >\n\t\t<div class=\"col-inner\"  >\n\t\t\t\n\t\t\t\n<h2 style=\"text-align: center;\"><span style=\"font-weight: bold; color: #333!important;\"><span style=\"color: #0054b7;\">Rede Credenciada <\/span><\/span><span style=\"font-weight: bold; color: #ef402d!important;\">Hapvida<\/span><\/h2>\n<p style=\"text-align: center;\">Conhe\u00e7a alguns n\u00fameros da Hapvida<\/p>\n<div class=\"row\"  id=\"row-213976103\">\n\n\t<div id=\"col-198995676\" class=\"col medium-3 small-6 large-3\"  >\n\t\t<div class=\"col-inner\"  >\n\t\t\t\n\t\t\t\n\t<div id=\"text-2240647660\" class=\"text\">\n\t\t\n<h3 style=\"text-align: center; margin-bottom: 0px;\"><strong>87<\/strong><\/h3>\n\t\t\n<style>\n#text-2240647660 {\n  font-size: 2.5rem;\n  color: #0054b7;\n}\n#text-2240647660 > * {\n  color: #0054b7;\n}\n<\/style>\n\t<\/div>\n\t\n<p style=\"text-align: center; margin-bottom: 0px;\"><strong>Hospitais<\/strong><\/p>\n\t\t<\/div>\n\t\t\t<\/div>\n\n\t\n\n\t<div id=\"col-1649962074\" class=\"col medium-3 small-6 large-3\"  >\n\t\t<div class=\"col-inner\"  >\n\t\t\t\n\t\t\t\n\t<div id=\"text-2314398326\" class=\"text\">\n\t\t\n<h3 style=\"text-align: center; margin-bottom: 0px;\"><strong>75<\/strong><\/h3>\n\t\t\n<style>\n#text-2314398326 {\n  font-size: 2.5rem;\n  color: #0054b7;\n}\n#text-2314398326 > * {\n  color: #0054b7;\n}\n<\/style>\n\t<\/div>\n\t\n<p style=\"text-align: center; margin-bottom: 0px;\"><strong>Prontos Atedimentos<\/strong><\/p>\n\t\t<\/div>\n\t\t\t<\/div>\n\n\t\n\n\t<div id=\"col-2002748004\" class=\"col medium-3 small-6 large-3\"  >\n\t\t<div class=\"col-inner\"  >\n\t\t\t\n\t\t\t\n\t<div id=\"text-494084476\" class=\"text\">\n\t\t\n<h3 style=\"text-align: center; margin-bottom: 0px;\"><strong>328<\/strong><\/h3>\n\t\t\n<style>\n#text-494084476 {\n  font-size: 2.5rem;\n  color: #0054b7;\n}\n#text-494084476 > * {\n  color: #0054b7;\n}\n<\/style>\n\t<\/div>\n\t\n<p style=\"text-align: center; margin-bottom: 0px;\"><strong>Cl\u00ednicas<\/strong><\/p>\n\t\t<\/div>\n\t\t\t<\/div>\n\n\t\n\n\t<div id=\"col-214862688\" class=\"col medium-3 small-6 large-3\"  >\n\t\t<div class=\"col-inner\"  >\n\t\t\t\n\t\t\t\n\t<div id=\"text-2924141381\" class=\"text\">\n\t\t\n<h3 style=\"text-align: center; margin-bottom: 0px;\"><strong>271<\/strong><\/h3>\n\t\t\n<style>\n#text-2924141381 {\n  font-size: 2.5rem;\n  color: #0054b7;\n}\n#text-2924141381 > * {\n  color: #0054b7;\n}\n<\/style>\n\t<\/div>\n\t\n<p style=\"text-align: center; margin-bottom: 0px;\"><strong>Centros de Diagn\u00f3stico por imagem e Coleta Laboratorial<\/strong><\/p>\n\t\t<\/div>\n\t\t\t<\/div>\n\n\t\n<\/div>\n\t\t<\/div>\n\t\t\t<\/div>\n\n\t\n<\/div>\n\t\t<\/div>\n\n\t\t\n<style>\n#section_1038699063 {\n  padding-top: 47px;\n  padding-bottom: 47px;\n}\n#section_1038699063 .section-bg-overlay {\n  background-color: rgb(247, 247, 247);\n}\n<\/style>\n\t<\/section>\n\t\n","protected":false},"excerpt":{"rendered":"","protected":false},"author":1,"featured_media":0,"parent":0,"menu_order":0,"comment_status":"closed","ping_status":"closed","template":"page-blank.php","meta":{"inline_featured_image":false,"footnotes":""},"class_list":["post-7","page","type-page","status-publish","hentry"],"_links":{"self":[{"href":"https:\/\/segurosaude.com.br\/hapvida-saude\/wp-json\/wp\/v2\/pages\/7","targetHints":{"allow":["GET"]}}],"collection":[{"href":"https:\/\/segurosaude.com.br\/hapvida-saude\/wp-json\/wp\/v2\/pages"}],"about":[{"href":"https:\/\/segurosaude.com.br\/hapvida-saude\/wp-json\/wp\/v2\/types\/page"}],"author":[{"embeddable":true,"href":"https:\/\/segurosaude.com.br\/hapvida-saude\/wp-json\/wp\/v2\/users\/1"}],"replies":[{"embeddable":true,"href":"https:\/\/segurosaude.com.br\/hapvida-saude\/wp-json\/wp\/v2\/comments?post=7"}],"version-history":[{"count":95,"href":"https:\/\/segurosaude.com.br\/hapvida-saude\/wp-json\/wp\/v2\/pages\/7\/revisions"}],"predecessor-version":[{"id":1308,"href":"https:\/\/segurosaude.com.br\/hapvida-saude\/wp-json\/wp\/v2\/pages\/7\/revisions\/1308"}],"wp:attachment":[{"href":"https:\/\/segurosaude.com.br\/hapvida-saude\/wp-json\/wp\/v2\/media?parent=7"}],"curies":[{"name":"wp","href":"https:\/\/api.w.org\/{rel}","templated":true}]}}