{"id":7,"date":"2021-04-30T18:13:08","date_gmt":"2021-04-30T18:13:08","guid":{"rendered":"https:\/\/segurosaude.com.br\/careplus-saude\/?page_id=7"},"modified":"2025-01-15T19:15:13","modified_gmt":"2025-01-15T19:15:13","slug":"home","status":"publish","type":"page","link":"https:\/\/segurosaude.com.br\/careplus-saude\/","title":{"rendered":"Home"},"content":{"rendered":"\n  <div class=\"banner has-hover\" id=\"banner-1614564151\">\n          <div class=\"banner-inner fill\">\n        <div class=\"banner-bg fill\" >\n            <div class=\"bg fill bg-fill \"><\/div>\n                        <div class=\"overlay\"><\/div>            \n                    <\/div>\n        <div class=\"banner-layers container\">\n            <div class=\"fill banner-link\"><\/div>            \n   <div id=\"text-box-1967500158\" class=\"text-box banner-layer x50 md-x0 lg-x0 y95 md-y50 lg-y50 res-text\">\n                                <div class=\"text-box-content text dark\">\n              \n              <div class=\"text-inner text-left\">\n                  \n\t<div id=\"text-4160234230\" class=\"text\">\n\t\t\n<h2 class=\"uppercase\"><strong>Seguro Sa\u00fade <br \/>CARE PLUS<\/strong><\/h2>\n<h3>Solu\u00e7\u00f5es personalizadas<br \/> em sa\u00fade<\/h3>\n<p style=\"font-size: 1.3rem !important;\">Humaniza\u00e7\u00e3o, qualidade de vida e experi\u00eancia com a melhor rela\u00e7\u00e3o custo-benef\u00edcio.<\/p>\n\t\t\n<style>\n#text-4160234230 {\n  font-size: 1.15rem;\n}\n@media (min-width:550px) {\n  #text-4160234230 {\n    font-size: 1rem;\n  }\n}\n<\/style>\n\t<\/div>\n\t\n<a href=\"#planos\" target=\"_self\" class=\"button secondary is-larger y3llow\"  style=\"border-radius:99px;\">\n    <span>conhe\u00e7a o plano<\/span>\n  <\/a>\n\n<a href=\"#cotacao\" target=\"_self\" class=\"button secondary is-larger show-for-small\"  style=\"border-radius:99px;\">\n    <span>simule agora<\/span>\n  <\/a>\n\n              <\/div>\n           <\/div>\n                            \n<style>\n#text-box-1967500158 {\n  width: 97%;\n}\n#text-box-1967500158 .text-box-content {\n  font-size: 111%;\n}\n@media (min-width:550px) {\n  #text-box-1967500158 {\n    width: 45%;\n  }\n  #text-box-1967500158 .text-box-content {\n    font-size: 100%;\n  }\n}\n<\/style>\n    <\/div>\n \n   <div id=\"text-box-1340278684\" class=\"text-box banner-layer hide-for-small x50 md-x100 lg-x100 y50 md-y50 lg-y50 res-text\">\n                                <div class=\"text-box-content text dark\">\n              \n              <div class=\"text-inner text-left\">\n                  \n<p><a href=\"#cotacao\"><img decoding=\"async\" data-src=\"https:\/\/segurosaude.com.br\/careplus-saude\/wp-content\/uploads\/2023\/07\/simulador-careplus.png\" src=\"data:image\/svg+xml;base64,PHN2ZyB3aWR0aD0iMSIgaGVpZ2h0PSIxIiB4bWxucz0iaHR0cDovL3d3dy53My5vcmcvMjAwMC9zdmciPjwvc3ZnPg==\" class=\"lazyload\" style=\"--smush-placeholder-width: 486px; --smush-placeholder-aspect-ratio: 486\/348;\" \/><\/a><\/p>\n              <\/div>\n           <\/div>\n                            \n<style>\n#text-box-1340278684 {\n  width: 89%;\n}\n#text-box-1340278684 .text-box-content {\n  font-size: 100%;\n}\n@media (min-width:550px) {\n  #text-box-1340278684 {\n    width: 45%;\n  }\n}\n<\/style>\n    <\/div>\n \n        <\/div>\n      <\/div>\n\n            \n<style>\n#banner-1614564151 {\n  padding-top: 100%;\n}\n#banner-1614564151 .bg.bg-loaded {\n  background-image: url(https:\/\/segurosaude.com.br\/careplus-saude\/wp-content\/uploads\/2022\/04\/fundo-careplus-1024x563.jpg);\n}\n#banner-1614564151 .overlay {\n  background-color: rgba(0, 0, 0, 0.424);\n}\n#banner-1614564151 .bg {\n  background-position: 100% 45%;\n}\n@media (min-width:550px) {\n  #banner-1614564151 {\n    padding-top: 630px;\n  }\n}\n<\/style>\n  <\/div>\n\n\n<span class=\"scroll-to\" data-label=\"Scroll to: #planos\" data-bullet=\"false\" data-link=\"#planos\" data-title=\"planos\"><a name=\"planos\"><\/a><\/span>\n\t<section class=\"section\" id=\"section_1697506328\">\n\t\t<div class=\"bg section-bg fill bg-fill  \" >\n\n\t\t\t\n\t\t\t<div class=\"section-bg-overlay absolute fill\"><\/div>\n\t\t\t\n\n\t\t<\/div>\n\n\t\t<div class=\"section-content relative\">\n\t\t\t\n<div class=\"row\"  id=\"row-1876278458\">\n\n\t<div id=\"col-589359401\" class=\"col medium-4 small-12 large-4\"  >\n\t\t<div class=\"col-inner\"  >\n\t\t\t\n\t\t\t\n\t<div class=\"img has-hover x md-x lg-x y md-y lg-y\" id=\"image_1798363957\">\n\t\t\t\t\t\t\t\t<div class=\"img-inner image-cover dark\" style=\"padding-top:273px;\">\n\t\t\t<img decoding=\"async\" width=\"1020\" height=\"680\" data-src=\"https:\/\/segurosaude.com.br\/careplus-saude\/wp-content\/uploads\/2022\/04\/empreender-1024x683.jpg\" class=\"attachment-large size-large lazyload\" alt=\"\" data-srcset=\"https:\/\/segurosaude.com.br\/careplus-saude\/wp-content\/uploads\/2022\/04\/empreender-1024x683.jpg 1024w, https:\/\/segurosaude.com.br\/careplus-saude\/wp-content\/uploads\/2022\/04\/empreender-300x200.jpg 300w, https:\/\/segurosaude.com.br\/careplus-saude\/wp-content\/uploads\/2022\/04\/empreender-768x513.jpg 768w, https:\/\/segurosaude.com.br\/careplus-saude\/wp-content\/uploads\/2022\/04\/empreender.jpg 1254w\" data-sizes=\"(max-width: 1020px) 100vw, 1020px\" src=\"data:image\/svg+xml;base64,PHN2ZyB3aWR0aD0iMSIgaGVpZ2h0PSIxIiB4bWxucz0iaHR0cDovL3d3dy53My5vcmcvMjAwMC9zdmciPjwvc3ZnPg==\" style=\"--smush-placeholder-width: 1020px; --smush-placeholder-aspect-ratio: 1020\/680;\" \/>\t\t\t\t\t\t\n\t\t\t\t\t<\/div>\n\t\t\t\t\t\t\t\t\n<style>\n#image_1798363957 {\n  width: 100%;\n}\n<\/style>\n\t<\/div>\n\t\n\t\t<\/div>\n\t\t\t<\/div>\n\n\t\n\n\t<div id=\"col-1102181587\" class=\"col medium-7 small-12 large-7\"  >\n\t\t<div class=\"col-inner\"  >\n\t\t\t\n\t\t\t\n<h2 style=\"text-align: left;\"><span style=\"font-weight: bold; color: #df562f!important;\"><span style=\"color: #002260;\">Conhe\u00e7a o Plano <\/span><\/span><span style=\"font-weight: bold; color: #2962a7!important;\">Care Plus<\/span><\/h2>\n<div>\n<p>H\u00e1 quase 30 anos a Care Plus vem cuidando da sa\u00fade dos seus benefici\u00e1rios com solu\u00e7\u00f5es inovadoras dentro de uma ampla rede credenciada de hospitais qualificados, al\u00e9m de oferecer uma ampla variedade de vantagens e benef\u00edcios exclusivos.<\/p>\n<p>Al\u00e9m da rede credenciada altamente qualificada, a Care Plus oferece mais de 15 programas de sa\u00fade, iniciativas e servi\u00e7os que proporcionam mais qualidade de vida e bem-estar aos benefici\u00e1rios dos planos.<\/p>\n<\/div>\n\t\t<\/div>\n\t\t\t<\/div>\n\n\t\n<\/div>\n<div class=\"row\"  id=\"row-1300079194\">\n\n\t<div id=\"col-1433458097\" class=\"col medium-4 small-12 large-4\"  >\n\t\t<div class=\"col-inner\"  >\n\t\t\t\n\t\t\t\n<h2 style=\"color: #00335b;\">Care Plus Soho<\/h2>\n<h4 style=\"margin-top: -15px;\">De 2 a 29 vidas<\/h4>\n<p>No Care Plus SoHo voc\u00ea encontra duas op\u00e7\u00f5es de planos voltados exclusivamente para empresas que tenham entre 2 a 29 vidas. \u00c9 a op\u00e7\u00e3o ideal para voc\u00ea que trabalha em home office ou tem uma empresa mais enxuta.<\/p>\n\t\t<\/div>\n\t\t\t<\/div>\n\n\t\n\n\t<div id=\"col-1356353200\" class=\"col medium-4 small-12 large-4\"  >\n\t\t<div class=\"col-inner\"  >\n\t\t\t\n\t\t\t\n<h2 style=\"color: #00335b;\">Clube Care Plus<\/h2>\n<h4 style=\"margin-top: -15px;\">De 30 a 200 vidas<\/h4>\n<p>Se sua empresa tem entre 30 a 200 vidas, os planos do Clube Care Plus s\u00e3o a escolha perfeita! S\u00e3o 5 op\u00e7\u00f5es de planos que se diferenciam pela rede credenciada e diferenciais. Ainda h\u00e1 a possibilidade de contratar diversas coberturas adicionais!<\/p>\n\t\t<\/div>\n\t\t\t<\/div>\n\n\t\n\n\t<div id=\"col-157312695\" class=\"col medium-4 small-12 large-4\"  >\n\t\t<div class=\"col-inner\"  >\n\t\t\t\n\t\t\t\n<h2 style=\"color: #00335b;\">Care Plus Empresarial<\/h2>\n<h4 style=\"margin-top: -15px;\">Para mais de 200 vidas<\/h4>\n<p>E que tenham mais de 200 vidas podem escolher entre 6 op\u00e7\u00f5es de planos. Assim como no Clube Care Plus, voc\u00ea pode contratar diversas coberturas adicionais como medicina reprodutiva, dermatologia est\u00e9tica e cirurgia pl\u00e1stica.<\/p>\n\t\t<\/div>\n\t\t\t<\/div>\n\n\t\n<\/div>\n\t\t<\/div>\n\n\t\t\n<style>\n#section_1697506328 {\n  padding-top: 30px;\n  padding-bottom: 30px;\n}\n#section_1697506328 .section-bg-overlay {\n  background-color: rgba(255, 255, 255, 0.163);\n}\n#section_1697506328 .section-bg.bg-loaded {\n  background-image: url(https:\/\/segurosaude.com.br\/careplus-saude\/wp-content\/uploads\/2021\/04\/bg.png);\n}\n<\/style>\n\t<\/section>\n\t\n<span class=\"scroll-to\" data-label=\"Scroll to: #diferenciais\" data-bullet=\"false\" data-link=\"#diferenciais\" data-title=\"diferenciais\"><a name=\"diferenciais\"><\/a><\/span>\n\t<section class=\"section\" id=\"section_1116053740\">\n\t\t<div class=\"bg section-bg fill bg-fill  bg-loaded\" >\n\n\t\t\t\n\t\t\t\n\t\t\t\n\n\t\t<\/div>\n\n\t\t<div class=\"section-content relative\">\n\t\t\t\n<div class=\"row\"  id=\"row-653120643\">\n\n\t<div id=\"col-704598325\" class=\"col small-12 large-12\"  >\n\t\t<div class=\"col-inner\"  >\n\t\t\t\n\t\t\t\n<h2 style=\"text-align: center;\"><span style=\"font-weight: bold; color: #df562f!important;\"><span style=\"color: #002260;\">Diferenciais <\/span><\/span><span style=\"font-weight: bold; color: #2962a7!important;\">Care Plus<\/span><\/h2>\n<p style=\"text-align: center;\">A Care Plus \u00e9 uma operadora diferenciada e se destaca de todas que existem no mercado. S\u00e3o diversos programas exclusivos, somados \u00e0 uma ampla rede credenciada e diversas facilidades digitais para facilitar a sua vida.<\/p>\n\t\t<\/div>\n\t\t\t<\/div>\n\n\t\n<\/div>\n<div class=\"row\"  id=\"row-43815113\">\n\n\t<div id=\"col-107498638\" class=\"col medium-4 small-12 large-4\"  >\n\t\t<div class=\"col-inner\"  >\n\t\t\t\n\t\t\t\n\n\t\t<div class=\"icon-box featured-box icon-box-top text-left\"  >\n\t\t\t\t<div class=\"icon-box-text last-reset\">\n\t\t\t\t\t\t\t\t\t\n<h3 style=\"color: #162a6b;\">Consulta Garantida<\/h3>\n<p>Algumas das op\u00e7\u00f5es de planos garantem aos benefici\u00e1rios consultas em determinadas especialidades em at\u00e9 72 horas, sob pena de multa em caso de descumprimento.<\/p>\n\t\t<\/div>\n\t<\/div>\n\t\n\t\n\t\t<\/div>\n\t\t\t<\/div>\n\n\t\n\n\t<div id=\"col-1067226832\" class=\"col medium-4 small-12 large-4\"  >\n\t\t<div class=\"col-inner\"  >\n\t\t\t\n\t\t\t\n\n\t\t<div class=\"icon-box featured-box icon-box-top text-left\"  >\n\t\t\t\t<div class=\"icon-box-text last-reset\">\n\t\t\t\t\t\t\t\t\t\n<h3 style=\"color: #162a6b;\">Rede de Suporte<\/h3>\n<p>Outro diferencial exclusivo em algumas das op\u00e7\u00f5es de planos, disponibiliza uma equipe m\u00e9dica dedicada para atendimento em algumas especialidades no hospital Albert Einstein.<\/p>\n\t\t<\/div>\n\t<\/div>\n\t\n\t\n\t\t<\/div>\n\t\t\t<\/div>\n\n\t\n\n\t<div id=\"col-501863871\" class=\"col medium-4 small-12 large-4\"  >\n\t\t<div class=\"col-inner\"  >\n\t\t\t\n\t\t\t\n\n\t\t<div class=\"icon-box featured-box icon-box-top text-left\"  >\n\t\t\t\t<div class=\"icon-box-text last-reset\">\n\t\t\t\t\t\t\t\t\t\n<h3 style=\"color: #162a6b;\">Care Plus Travel<\/h3>\n<p>O Care Plus Travel \u00e9 a Assist\u00eancia Viagem Internacional da Care Plus. Conta com prote\u00e7\u00e3o de at\u00e9 US$ 300mil para atendimento aos benefici\u00e1rios em viagem pelo exterior.<\/p>\n\t\t<\/div>\n\t<\/div>\n\t\n\t\n\t\t<\/div>\n\t\t\t<\/div>\n\n\t\n\n\t<div id=\"col-313951822\" class=\"col medium-4 small-12 large-4\"  >\n\t\t<div class=\"col-inner\"  >\n\t\t\t\n\t\t\t\n\n\t\t<div class=\"icon-box featured-box icon-box-top text-left\"  >\n\t\t\t\t<div class=\"icon-box-text last-reset\">\n\t\t\t\t\t\t\t\t\t\n<h3 style=\"color: #162a6b;\">Mental Health<\/h3>\n<p>Esse \u00e9 um programa de atendimento psicol\u00f3gico exclusivo para benefici\u00e1rios Care Plus. Funciona 24&#215;7 e \u00e9 prestado por uma equipe de profissionais altamente qualificados.<\/p>\n\t\t<\/div>\n\t<\/div>\n\t\n\t\n\t\t<\/div>\n\t\t\t<\/div>\n\n\t\n\n\t<div id=\"col-33770914\" class=\"col medium-4 small-12 large-4\"  >\n\t\t<div class=\"col-inner\"  >\n\t\t\t\n\t\t\t\n\n\t\t<div class=\"icon-box featured-box icon-box-top text-left\"  >\n\t\t\t\t<div class=\"icon-box-text last-reset\">\n\t\t\t\t\t\t\t\t\t\n<h3 style=\"color: #162a6b;\">Cobertura de Vacinas<\/h3>\n<p>Algumas das op\u00e7\u00f5es de planos possuem cobertura de vacinas, garantindo imuniza\u00e7\u00e3o para os benefici\u00e1rios dentro de cl\u00ednicas particulares para as aplica\u00e7\u00f5es das doses, quando necess\u00e1rio.<\/p>\n\t\t<\/div>\n\t<\/div>\n\t\n\t\n\t\t<\/div>\n\t\t\t<\/div>\n\n\t\n\n\t<div id=\"col-1367232152\" class=\"col medium-4 small-12 large-4\"  >\n\t\t<div class=\"col-inner\"  >\n\t\t\t\n\t\t\t\n\n\t\t<div class=\"icon-box featured-box icon-box-top text-left\"  >\n\t\t\t\t<div class=\"icon-box-text last-reset\">\n\t\t\t\t\t\t\t\t\t\n<h3 style=\"color: #162a6b;\">Mommy Care<\/h3>\n<p>O Mommy Care \u00e9 um programa de sa\u00fade exclusivo da Care Plus voltado exclusivamente para as gestantes, garantindo acompanhamento personalizado durante toda a gravidez.<\/p>\n\t\t<\/div>\n\t<\/div>\n\t\n\t\n\t\t<\/div>\n\t\t\t<\/div>\n\n\t\n\n\t<div id=\"col-945908480\" class=\"col medium-4 small-12 large-4\"  >\n\t\t<div class=\"col-inner\"  >\n\t\t\t\n\t\t\t\n\n\t\t<div class=\"icon-box featured-box icon-box-top text-left\"  >\n\t\t\t\t<div class=\"icon-box-text last-reset\">\n\t\t\t\t\t\t\t\t\t\n<h3 style=\"color: #162a6b;\">Personal System<\/h3>\n<p>O Personal System \u00e9 um programa composto por uma equipe m\u00e9dica multidisciplinar especializada na promo\u00e7\u00e3o de sa\u00fade e na preven\u00e7\u00e3o de doen\u00e7as com atendimento presencial e indivudalizado.<\/p>\n\t\t<\/div>\n\t<\/div>\n\t\n\t\n\t\t<\/div>\n\t\t\t<\/div>\n\n\t\n\n\t<div id=\"col-84233272\" class=\"col medium-4 small-12 large-4\"  >\n\t\t<div class=\"col-inner\"  >\n\t\t\t\n\t\t\t\n\n\t\t<div class=\"icon-box featured-box icon-box-top text-left\"  >\n\t\t\t\t<div class=\"icon-box-text last-reset\">\n\t\t\t\t\t\t\t\t\t\n<h3 style=\"color: #162a6b;\">Aten\u00e7\u00e3o Prim\u00e1ria<\/h3>\n<p>Esse programa \u00e9 exclusivo para o plano Master I, onde o benefici\u00e1rio encontra um programa de cuidado exclusivo levando em considera\u00e7\u00e3o seu hist\u00f3rico m\u00e9dico (em parceria com o Hospital Albert Einstein)<\/p>\n\t\t<\/div>\n\t<\/div>\n\t\n\t\n\t\t<\/div>\n\t\t\t<\/div>\n\n\t\n\n\t<div id=\"col-527125991\" class=\"col medium-4 small-12 large-4\"  >\n\t\t<div class=\"col-inner\"  >\n\t\t\t\n\t\t\t\n\n\t\t<div class=\"icon-box featured-box icon-box-top text-left\"  >\n\t\t\t\t<div class=\"icon-box-text last-reset\">\n\t\t\t\t\t\t\t\t\t\n<h3 style=\"color: #162a6b;\">Sa\u00fade em Casa<\/h3>\n<p>Com o programa Sa\u00fade em Casa, da Care Plus, os benefici\u00e1rios contam com consultas domiciliares no conforto do seu lar dentro das especialidades de pediatria e cl\u00ednico geral.\u00a0<\/p>\n\t\t<\/div>\n\t<\/div>\n\t\n\t\n\t\t<\/div>\n\t\t\t<\/div>\n\n\t\n\n\t<div id=\"col-881490208\" class=\"col medium-4 small-12 large-4\"  >\n\t\t<div class=\"col-inner\"  >\n\t\t\t\n\t\t\t\n\n\t\t<div class=\"icon-box featured-box icon-box-top text-left\"  >\n\t\t\t\t<div class=\"icon-box-text last-reset\">\n\t\t\t\t\t\t\t\t\t\n<h3 style=\"color: #162a6b;\">Nutri Mais<\/h3>\n<p>O Nutri Mais vai al\u00e9m de ser um programa de nutri\u00e7\u00e3o para sua empresa. Esse programa estende os cuidados com a alimenta\u00e7\u00e3o dos benefici\u00e1rios, al\u00e9m de ajudar os gestores a encontrarem solu\u00e7\u00f5es para criar um ambiente mais saud\u00e1vel.<\/p>\n\t\t<\/div>\n\t<\/div>\n\t\n\t\n\t\t<\/div>\n\t\t\t<\/div>\n\n\t\n\n\t<div id=\"col-925845522\" class=\"col medium-4 small-12 large-4\"  >\n\t\t<div class=\"col-inner\"  >\n\t\t\t\n\t\t\t\n\n\t\t<div class=\"icon-box featured-box icon-box-top text-left\"  >\n\t\t\t\t<div class=\"icon-box-text last-reset\">\n\t\t\t\t\t\t\t\t\t\n<h3 style=\"color: #162a6b;\">Coleta de Exames<\/h3>\n<p>O servi\u00e7o de coleta domiciliar de exames traz muito mais comodidade aos benefici\u00e1rios, e pode ser solicitado para a coleta de material para diversos tipos de\u00a0 exames laboratoriais no conforto do seu lar. Consulte-nos e saiba mais.<\/p>\n\t\t<\/div>\n\t<\/div>\n\t\n\t\n\t\t<\/div>\n\t\t\t<\/div>\n\n\t\n<\/div>\n\t\t<\/div>\n\n\t\t\n<style>\n#section_1116053740 {\n  padding-top: 47px;\n  padding-bottom: 47px;\n}\n<\/style>\n\t<\/section>\n\t\n\t<section class=\"section\" id=\"section_605740261\">\n\t\t<div class=\"bg section-bg fill bg-fill  bg-loaded\" >\n\n\t\t\t\n\t\t\t\n\t\t\t\n\n\t\t<\/div>\n\n\t\t<div class=\"section-content relative\">\n\t\t\t\n<div class=\"row\"  id=\"row-1983847565\">\n\n\t<div id=\"col-1604534234\" class=\"col small-12 large-12\"  >\n\t\t<div class=\"col-inner\"  >\n\t\t\t\n\t\t\t\n<div class=\"row\"  id=\"row-606950298\">\n\n\t<div id=\"col-1037884568\" class=\"col small-12 large-12\"  >\n\t\t<div class=\"col-inner\"  >\n\t\t\t\n\t\t\t\n<h2 style=\"margin-bottom:0px\">D\u00favidas Frequentes<\/h2>\n\t\t<\/div>\n\t\t\t<\/div>\n\n\t\n\n\t<div id=\"col-1466719873\" class=\"col small-12 large-12\"  >\n\t\t<div class=\"col-inner\"  >\n\t\t\t\n\t\t\t\n<div class=\"accordion\" rel=\"\">\n<div class=\"accordion-item\"><a href=\"#\" class=\"accordion-title plain\"><button class=\"toggle\"><i class=\"icon-angle-down\"><\/i><\/button><span>Quais as coberturas do planos planos Care Plus?<\/span><\/a><div class=\"accordion-inner\">\n<p>Confira abaixo as principais coberturas dos planos da Care Plus. Elas podem variar de acordo com o plano contratado.<\/p>\n<ul>\n<li>Interna\u00e7\u00f5es, Pronto Atendimento, consultas m\u00e9dicas eletivas e exames complementares<\/li>\n<li>Reembolso em 24 horas \u00fateis<\/li>\n<li>Exames sem autoriza\u00e7\u00e3o pr\u00e9via em diversos laborat\u00f3rios selecionados<\/li>\n<li>Transplantes de rins, c\u00f3rneas e medula \u00f3ssea<\/li>\n<li>Desconto em medicamentos (Desconto Farm\u00e1cia Care Plus)<\/li>\n<li>Fisioterapia, RPG, fonoaudi\u00f3loga de acordo com os limites do seu contrato<\/li>\n<li>Acupuntura, se realizada por um m\u00e9dico detentor de CRM e de acordo com os limites do seu contrato<\/li>\n<li>Psicoterapia (de acordo com as diretrizes da ANS)<\/li>\n<li>Terapia ocupacional (de acordo com as diretrizes da ANS)<\/li>\n<li>Nutri\u00e7\u00e3o (de acordo com as diretrizes da ANS)<\/li>\n<li>Radioterapia \/ Quimioterapia<\/li>\n<li>Di\u00e1lise \/ hemodi\u00e1lise<\/li>\n<li>Cirurgia refrativa de 5 a 10 graus<\/li>\n<li>Orienta\u00e7\u00e3o m\u00e9dica por telefone<\/li>\n<\/ul>\n<\/div><\/div>\n<\/div>\n\t\t<\/div>\n\t\t\t<\/div>\n\n\t\n<\/div>\n\t\t<\/div>\n\t\t\t<\/div>\n\n\t\n<\/div>\n\t\t<\/div>\n\n\t\t\n<style>\n#section_605740261 {\n  padding-top: 30px;\n  padding-bottom: 30px;\n}\n<\/style>\n\t<\/section>\n\t\n<span class=\"scroll-to\" data-label=\"Scroll to: #cotacao\" data-bullet=\"false\" data-link=\"#cotacao\" data-title=\"cotacao\"><a name=\"cotacao\"><\/a><\/span>\n\t<section class=\"section dark show-for-small\" id=\"section_1152874709\">\n\t\t<div class=\"bg section-bg fill bg-fill  bg-loaded\" >\n\n\t\t\t\n\t\t\t<div class=\"section-bg-overlay absolute fill\"><\/div>\n\t\t\t\n\n\t\t<\/div>\n\n\t\t<div class=\"section-content relative\">\n\t\t\t\n<div class=\"row align-center\"  id=\"row-172356190\">\n\n\t<div id=\"col-303586408\" class=\"col medium-8 small-12 large-8\"  >\n\t\t<div class=\"col-inner\"  >\n\t\t\t\n\t\t\t\n<h2 style=\"text-align: center;\">COTA\u00c7\u00c3O NOTRELIFE UP 50+<\/h2>\n<p style=\"text-align: center;margin-bottom:-20px\">Receba a tabela de pre\u00e7os atualizada e a rede credenciada completa pelo seu e-mail ou whatsapp.<\/p>\n\t\t<\/div>\n\t\t\t<\/div>\n\n\t\n\n\t<div id=\"col-611015493\" class=\"col small-12 large-12\"  >\n\t\t<div class=\"col-inner\"  >\n\t\t\t\n\t\t\t\n\t<div id=\"text-3204102595\" class=\"text\">\n\t\t\n[gravityform id=&#8221;1&#8243; title=&#8221;true&#8221; description=&#8221;false&#8221;]\n\t\t\n<style>\n#text-3204102595 {\n  text-align: center;\n}\n<\/style>\n\t<\/div>\n\t\n\t\t<\/div>\n\t\t\t<\/div>\n\n\t\n<\/div>\n\t\t<\/div>\n\n\t\t\n<style>\n#section_1152874709 {\n  padding-top: 30px;\n  padding-bottom: 30px;\n}\n#section_1152874709 .section-bg-overlay {\n  background-color: rgb(52, 52, 52);\n}\n<\/style>\n\t<\/section>\n\t\n\t<section class=\"section\" id=\"section_197694635\">\n\t\t<div class=\"bg section-bg fill bg-fill  bg-loaded\" >\n\n\t\t\t\n\t\t\t\n\t\t\t\n\n\t\t<\/div>\n\n\t\t<div class=\"section-content relative\">\n\t\t\t\n\t<section class=\"section home-hero dark\" id=\"section_1471017504\">\n\t\t<div class=\"bg section-bg fill bg-fill  bg-loaded\" >\n\n\t\t\t\n\t\t\t\n\t\t\t\n\n\t\t<\/div>\n\n\t\t<div class=\"section-content relative\">\n\t\t\t\r\n\r\n<iframe id=\"my-iframe\" data-src=\"https:\/\/tabelasdeplanosdesaude.com.br\/funil\/form-seguro-careplus\/\" width=\"100%\" height=\"650px\" frameborder=\"0\" scrolling=\"no\" src=\"data:image\/svg+xml;base64,PHN2ZyB3aWR0aD0iMSIgaGVpZ2h0PSIxIiB4bWxucz0iaHR0cDovL3d3dy53My5vcmcvMjAwMC9zdmciPjwvc3ZnPg==\" class=\"lazyload\" data-load-mode=\"1\"><\/iframe>\r\n\r\n\t\t<\/div>\n\n\t\t\n<style>\n#section_1471017504 {\n  padding-top: 0px;\n  padding-bottom: 0px;\n  background-color: rgb(0, 121, 200);\n}\n<\/style>\n\t<\/section>\n\t\n\t\t<\/div>\n\n\t\t\n<style>\n#section_197694635 {\n  padding-top: 30px;\n  padding-bottom: 30px;\n}\n<\/style>\n\t<\/section>\n\t\n","protected":false},"excerpt":{"rendered":"","protected":false},"author":1,"featured_media":0,"parent":0,"menu_order":0,"comment_status":"closed","ping_status":"closed","template":"page-blank.php","meta":{"footnotes":""},"class_list":["post-7","page","type-page","status-publish","hentry"],"_links":{"self":[{"href":"https:\/\/segurosaude.com.br\/careplus-saude\/wp-json\/wp\/v2\/pages\/7","targetHints":{"allow":["GET"]}}],"collection":[{"href":"https:\/\/segurosaude.com.br\/careplus-saude\/wp-json\/wp\/v2\/pages"}],"about":[{"href":"https:\/\/segurosaude.com.br\/careplus-saude\/wp-json\/wp\/v2\/types\/page"}],"author":[{"embeddable":true,"href":"https:\/\/segurosaude.com.br\/careplus-saude\/wp-json\/wp\/v2\/users\/1"}],"replies":[{"embeddable":true,"href":"https:\/\/segurosaude.com.br\/careplus-saude\/wp-json\/wp\/v2\/comments?post=7"}],"version-history":[{"count":70,"href":"https:\/\/segurosaude.com.br\/careplus-saude\/wp-json\/wp\/v2\/pages\/7\/revisions"}],"predecessor-version":[{"id":531,"href":"https:\/\/segurosaude.com.br\/careplus-saude\/wp-json\/wp\/v2\/pages\/7\/revisions\/531"}],"wp:attachment":[{"href":"https:\/\/segurosaude.com.br\/careplus-saude\/wp-json\/wp\/v2\/media?parent=7"}],"curies":[{"name":"wp","href":"https:\/\/api.w.org\/{rel}","templated":true}]}}