{"id":7,"date":"2021-04-30T18:13:08","date_gmt":"2021-04-30T18:13:08","guid":{"rendered":"https:\/\/segurosaude.com.br\/blue-saude\/?page_id=7"},"modified":"2025-01-15T19:15:12","modified_gmt":"2025-01-15T19:15:12","slug":"home","status":"publish","type":"page","link":"https:\/\/segurosaude.com.br\/blue-saude\/","title":{"rendered":"Home"},"content":{"rendered":"\n  <div class=\"banner has-hover\" id=\"banner-1398932533\">\n          <div class=\"banner-inner fill\">\n        <div class=\"banner-bg fill\" >\n            <div class=\"bg fill bg-fill \"><\/div>\n                        <div class=\"overlay\"><\/div>            \n                    <\/div>\n        <div class=\"banner-layers container\">\n            <div class=\"fill banner-link\"><\/div>            \n   <div id=\"text-box-991741946\" class=\"text-box banner-layer x5 md-x0 lg-x0 y50 md-y50 lg-y50 res-text\">\n                                <div class=\"text-box-content text dark\">\n              \n              <div class=\"text-inner text-left\">\n                  \n<h2 class=\"uppercase\"><strong>Seguro Sa\u00fade BLUE sa\u00fade<\/strong><\/h2>\n<h3>Tecnologia, Cuidado e Personaliza\u00e7\u00e3o<\/h3>\n<p>A Blue Sa\u00fade reconhece que cada pessoa \u00e9 \u00fanica e merece um cuidado de sa\u00fade personalizado. Conte com uma equipe de profissionais de sa\u00fade est\u00e1 dispon\u00edvel 24\/7, pronta para oferecer a aten\u00e7\u00e3o necess\u00e1ria, quando necess\u00e1rio.<\/p>\n<a href=\"#planos\" target=\"_self\" class=\"button primary\"  style=\"border-radius:99px;\">\n    <span>conhe\u00e7a o plano<\/span>\n  <\/a>\n\n<a href=\"#simulacao-blue-saude\" target=\"_self\" class=\"button secondary hide-for-small\"  style=\"border-radius:99px;\">\n    <span>simule agora<\/span>\n  <\/a>\n\n              <\/div>\n           <\/div>\n                            \n<style>\n#text-box-991741946 {\n  width: 93%;\n}\n#text-box-991741946 .text-box-content {\n  font-size: 156%;\n}\n@media (min-width:550px) {\n  #text-box-991741946 {\n    width: 42%;\n  }\n  #text-box-991741946 .text-box-content {\n    font-size: 100%;\n  }\n}\n<\/style>\n    <\/div>\n \n   <div id=\"text-box-1639365505\" class=\"text-box banner-layer hide-for-small x5 md-x100 lg-x100 y40 md-y50 lg-y50 res-text\">\n                                <div class=\"text-box-content text dark\">\n              \n              <div class=\"text-inner text-left\">\n                  \n<p><a href=\"#simulacao-blue-saude\"><img decoding=\"async\" data-src=\"https:\/\/segurosaude.com.br\/blue-saude\/wp-content\/uploads\/2024\/04\/simulacao-blue-saude.png\" src=\"data:image\/svg+xml;base64,PHN2ZyB3aWR0aD0iMSIgaGVpZ2h0PSIxIiB4bWxucz0iaHR0cDovL3d3dy53My5vcmcvMjAwMC9zdmciPjwvc3ZnPg==\" class=\"lazyload\" style=\"--smush-placeholder-width: 486px; --smush-placeholder-aspect-ratio: 486\/348;\" \/><\/a><\/p>\n              <\/div>\n           <\/div>\n                            \n<style>\n#text-box-1639365505 {\n  width: 91%;\n}\n#text-box-1639365505 .text-box-content {\n  font-size: 100%;\n}\n@media (min-width:550px) {\n  #text-box-1639365505 {\n    width: 45%;\n  }\n}\n<\/style>\n    <\/div>\n \n        <\/div>\n      <\/div>\n\n            \n<style>\n#banner-1398932533 {\n  padding-top: 100%;\n}\n#banner-1398932533 .bg.bg-loaded {\n  background-image: url(https:\/\/segurosaude.com.br\/blue-saude\/wp-content\/uploads\/2024\/04\/ELEMENTO-1-1024x679.png);\n}\n#banner-1398932533 .overlay {\n  background-color: rgba(0, 0, 0, 0.424);\n}\n#banner-1398932533 .bg {\n  background-position: 80% 18%;\n}\n@media (min-width:550px) {\n  #banner-1398932533 {\n    padding-top: 630px;\n  }\n}\n<\/style>\n  <\/div>\n\n\n<span class=\"scroll-to\" data-label=\"Scroll to: #sobre\" data-bullet=\"false\" data-link=\"#sobre\" data-title=\"sobre\"><a name=\"sobre\"><\/a><\/span>\n\t<section class=\"section\" id=\"section_1142636550\">\n\t\t<div class=\"bg section-bg fill bg-fill  \" >\n\n\t\t\t\n\t\t\t<div class=\"section-bg-overlay absolute fill\"><\/div>\n\t\t\t\n\n\t\t<\/div>\n\n\t\t<div class=\"section-content relative\">\n\t\t\t\n<div class=\"row row-small align-middle\"  id=\"row-730089198\">\n\n\t<div id=\"col-1435221192\" class=\"col medium-4 small-12 large-4\"  >\n\t\t<div class=\"col-inner\"  >\n\t\t\t\n\t\t\t\n\n  <div class=\"banner has-hover\" id=\"banner-133415147\">\n          <div class=\"banner-inner fill\">\n        <div class=\"banner-bg fill\" >\n            <div class=\"bg fill bg-fill \"><\/div>\n                                    \n                    <\/div>\n        <div class=\"banner-layers container\">\n            <div class=\"fill banner-link\"><\/div>            \n        <\/div>\n      <\/div>\n\n            \n<style>\n#banner-133415147 {\n  padding-top: 297px;\n}\n#banner-133415147 .bg.bg-loaded {\n  background-image: url(https:\/\/segurosaude.com.br\/blue-saude\/wp-content\/uploads\/2024\/04\/banner-head-1-1-1024x437.jpg);\n}\n#banner-133415147 .bg {\n  background-position: 70% 21%;\n}\n<\/style>\n  <\/div>\n\n\n\t\t<\/div>\n\t\t\t<\/div>\n\n\t\n\n\t<div id=\"col-1349745474\" class=\"col medium-8 small-12 large-8\"  >\n\t\t<div class=\"col-inner\"  >\n\t\t\t\n\t\t\t\n\t<div id=\"text-2655106758\" class=\"text\">\n\t\t\n<h2 style=\"text-align: left;\"><span style=\"font-weight: bold; color: #333!important;\"><span style=\"color: #333;\">Conhe\u00e7a a <\/span><\/span><span style=\"font-weight: bold; color: #0035da!important;\">Blue Sa\u00fade<\/span><\/h2>\n<div><strong>Mais do que um Plano de Sa\u00fade: Tecnologia, Cuidado e Personaliza\u00e7\u00e3o em Escala Nacional<\/strong><\/div>\n<div>\u00a0<\/div>\n<div>Com a Blue, \u00e9 poss\u00edvel acessar cuidados de sa\u00fade de alta qualidade em todo o Brasil. Sua tecnologia avan\u00e7ada possibilita um atendimento imediato e uma gest\u00e3o de sa\u00fade eficiente, enquanto uma equipe dedicada est\u00e1 dispon\u00edvel 24\/7 para oferecer o cuidado personalizado que cada pessoa merece.<\/div>\n<div>\u00a0<\/div>\n<div>Com mais de 30 linhas de cuidado, o time dedicado da Blue Sa\u00fade est\u00e1 100% focado em voc\u00ea. Na Blue Sa\u00fade voc\u00ea encontra uma variedade de servi\u00e7os, incluindo: M\u00e9dico da Fam\u00edlia, Telemedicina, Acompanhamento Nutricional, Sa\u00fade Mental e Preparador F\u00edsico.<\/div>\n\t\t\n<style>\n#text-2655106758 {\n  text-align: left;\n}\n<\/style>\n\t<\/div>\n\t\n\t\t<\/div>\n\t\t\t<\/div>\n\n\t\n<\/div>\n\t\t<\/div>\n\n\t\t\n<style>\n#section_1142636550 {\n  padding-top: 30px;\n  padding-bottom: 30px;\n}\n#section_1142636550 .section-bg-overlay {\n  background-color: rgba(255, 255, 255, 0.163);\n}\n#section_1142636550 .section-bg.bg-loaded {\n  background-image: url(https:\/\/segurosaude.com.br\/blue-saude\/wp-content\/uploads\/2021\/04\/bg.png);\n}\n<\/style>\n\t<\/section>\n\t\n<span class=\"scroll-to\" data-label=\"Scroll to: #diferenciais\" data-bullet=\"false\" data-link=\"#diferenciais\" data-title=\"diferenciais\"><a name=\"diferenciais\"><\/a><\/span>\n\n\t<section class=\"section\" id=\"section_407405265\">\n\t\t<div class=\"bg section-bg fill bg-fill  bg-loaded\" >\n\n\t\t\t\n\t\t\t\n\t\t\t\n\n\t\t<\/div>\n\n\t\t<div class=\"section-content relative\">\n\t\t\t\n\n<div class=\"row\"  id=\"row-1339803074\">\n\n\n\t<div id=\"col-1604224585\" class=\"col small-12 large-12\"  >\n\t\t<div class=\"col-inner\"  >\n\t\t\t\n\t\t\t\n\n<h2 style=\"text-align: center;\"><span style=\"font-weight: bold; color: #333 !important;\"><span style=\"color: #333;\">Diferenciais <\/span><\/span><span style=\"font-weight: bold; color: #0035da!important;\">Blue Sa\u00fade<\/span><\/h2>\n<p style=\"text-align: center;\">Confira alguns motivos para contratar um plano da Blue Sa\u00fade.<\/p>\n\n\t\t<\/div>\n\t\t\t<\/div>\n\n\t\n\n<\/div>\n<div class=\"row align-center\"  id=\"row-1509798096\">\n\n\n\t<div id=\"col-311425435\" class=\"col medium-3 small-12 large-3\"  >\n\t\t<div class=\"col-inner\"  >\n\t\t\t\n\t\t\t\n\n\n\t\t<div class=\"icon-box featured-box icon-box-top text-left\"  >\n\t\t\t\t<div class=\"icon-box-text last-reset\">\n\t\t\t\t\t\t\t\t\t\n\n<h3 style=\"color: #0035da;\">Atendimento Imediato<\/h3>\n<p>Com a Blue Sa\u00fade voc\u00ea conta com\u00a0 atendimento imediato para que voc\u00ea possa receber o cuidado que precisa, quando precisa.<\/p>\n\n\t\t<\/div>\n\t<\/div>\n\t\n\t\n\n\t\t<\/div>\n\t\t\t<\/div>\n\n\t\n\n\t<div id=\"col-3826717\" class=\"col medium-3 small-12 large-3\"  >\n\t\t<div class=\"col-inner\"  >\n\t\t\t\n\t\t\t\n\n\n\t\t<div class=\"icon-box featured-box icon-box-top text-left\"  >\n\t\t\t\t<div class=\"icon-box-text last-reset\">\n\t\t\t\t\t\t\t\t\t\n\n<h3 style=\"color: #0035da;\">Gest\u00e3o de Sa\u00fade<\/h3>\n<p>O time da Blue Sa\u00fade gere a sua sa\u00fade de forma eficiente e personalizada, garantindo que voc\u00ea receba o melhor cuidado poss\u00edvel.<\/p>\n\n\t\t<\/div>\n\t<\/div>\n\t\n\t\n\n\t\t<\/div>\n\t\t\t<\/div>\n\n\t\n\n\t<div id=\"col-589401274\" class=\"col medium-3 small-12 large-3\"  >\n\t\t<div class=\"col-inner\"  >\n\t\t\t\n\t\t\t\n\n\n\t\t<div class=\"icon-box featured-box icon-box-top text-left\"  >\n\t\t\t\t<div class=\"icon-box-text last-reset\">\n\t\t\t\t\t\t\t\t\t\n\n<h3 style=\"color: #0035da;\">Time 24\/7<\/h3>\n<p>A equipe de cuidado da Blue Sa\u00fade est\u00e1 dispon\u00edvel 24\/7, pronta para oferecer toda a aten\u00e7\u00e3o necess\u00e1ria a voc\u00ea cuidar melhor da sa\u00fade.<\/p>\n\n\t\t<\/div>\n\t<\/div>\n\t\n\t\n\n\t\t<\/div>\n\t\t\t<\/div>\n\n\t\n\n\t<div id=\"col-1242359218\" class=\"col medium-3 small-12 large-3\"  >\n\t\t<div class=\"col-inner\"  >\n\t\t\t\n\t\t\t\n\n\n\t\t<div class=\"icon-box featured-box icon-box-top text-left\"  >\n\t\t\t\t<div class=\"icon-box-text last-reset\">\n\t\t\t\t\t\t\t\t\t\n\n<h3 style=\"color: #0035da;\">Monitoramento Remoto<\/h3>\n<p>Com o servi\u00e7o de monitoramento remoto da Blue Sa\u00fade, os especialistas acompanham a sua sa\u00fade de perto, mesmo \u00e0 dist\u00e2ncia.<\/p>\n\n\t\t<\/div>\n\t<\/div>\n\t\n\t\n\n\t\t<\/div>\n\t\t\t<\/div>\n\n\t\n\n\t<div id=\"col-1932674390\" class=\"col medium-3 small-12 large-3\"  >\n\t\t<div class=\"col-inner\"  >\n\t\t\t\n\t\t\t\n\n\n\t\t<div class=\"icon-box featured-box icon-box-top text-left\"  >\n\t\t\t\t<div class=\"icon-box-text last-reset\">\n\t\t\t\t\t\t\t\t\t\n\n<h3 style=\"color: #0035da;\">Plano Pet<\/h3>\n<p>Benef\u00edcio exclusivo da Blue Sa\u00fade, garante que seu companheiro peludo tamb\u00e9m receba o cuidado que merece.<\/p>\n\n\t\t<\/div>\n\t<\/div>\n\t\n\t\n\n\t\t<\/div>\n\t\t\t<\/div>\n\n\t\n\n\t<div id=\"col-1767125986\" class=\"col medium-3 small-12 large-3\"  >\n\t\t<div class=\"col-inner\"  >\n\t\t\t\n\t\t\t\n\n\n\t\t<div class=\"icon-box featured-box icon-box-top text-left\"  >\n\t\t\t\t<div class=\"icon-box-text last-reset\">\n\t\t\t\t\t\t\t\t\t\n\n<h3 style=\"color: #0035da;\" data-animate-delay=\"1000\">Telemedicina<\/h3>\n<p>Com a op\u00e7\u00e3o de telemedicina da Blue Sa\u00fade, voc\u00ea pode consultar um m\u00e9dico de qualquer lugar, a qualquer momento.<\/p>\n\n\t\t<\/div>\n\t<\/div>\n\t\n\t\n\n\t\t<\/div>\n\t\t\t<\/div>\n\n\t\n\n\t<div id=\"col-1209341142\" class=\"col medium-3 small-12 large-3\"  >\n\t\t<div class=\"col-inner\"  >\n\t\t\t\n\t\t\t\n\n\n\t\t<div class=\"icon-box featured-box icon-box-top text-left\"  >\n\t\t\t\t<div class=\"icon-box-text last-reset\">\n\t\t\t\t\t\t\t\t\t\n\n<h3 style=\"color: #0035da;\">Desconto em Farm\u00e1cias<\/h3>\n<p>Conte com descontos em farm\u00e1cias, tornando os medicamentos mais acess\u00edveis para voc\u00ea.<\/p>\n\n\t\t<\/div>\n\t<\/div>\n\t\n\t\n\n\t\t<\/div>\n\t\t\t<\/div>\n\n\t\n\n<\/div>\n\n\t\t<\/div>\n\n\t\t\n<style>\n#section_407405265 {\n  padding-top: 47px;\n  padding-bottom: 47px;\n}\n<\/style>\n\t<\/section>\n\t\n\n","protected":false},"excerpt":{"rendered":"","protected":false},"author":1,"featured_media":0,"parent":0,"menu_order":0,"comment_status":"closed","ping_status":"closed","template":"page-blank.php","meta":{"inline_featured_image":false,"footnotes":""},"class_list":["post-7","page","type-page","status-publish","hentry"],"_links":{"self":[{"href":"https:\/\/segurosaude.com.br\/blue-saude\/wp-json\/wp\/v2\/pages\/7","targetHints":{"allow":["GET"]}}],"collection":[{"href":"https:\/\/segurosaude.com.br\/blue-saude\/wp-json\/wp\/v2\/pages"}],"about":[{"href":"https:\/\/segurosaude.com.br\/blue-saude\/wp-json\/wp\/v2\/types\/page"}],"author":[{"embeddable":true,"href":"https:\/\/segurosaude.com.br\/blue-saude\/wp-json\/wp\/v2\/users\/1"}],"replies":[{"embeddable":true,"href":"https:\/\/segurosaude.com.br\/blue-saude\/wp-json\/wp\/v2\/comments?post=7"}],"version-history":[{"count":91,"href":"https:\/\/segurosaude.com.br\/blue-saude\/wp-json\/wp\/v2\/pages\/7\/revisions"}],"predecessor-version":[{"id":1341,"href":"https:\/\/segurosaude.com.br\/blue-saude\/wp-json\/wp\/v2\/pages\/7\/revisions\/1341"}],"wp:attachment":[{"href":"https:\/\/segurosaude.com.br\/blue-saude\/wp-json\/wp\/v2\/media?parent=7"}],"curies":[{"name":"wp","href":"https:\/\/api.w.org\/{rel}","templated":true}]}}