{"id":7,"date":"2021-04-30T18:13:08","date_gmt":"2021-04-30T18:13:08","guid":{"rendered":"https:\/\/segurosaude.com.br\/biosaude\/?page_id=7"},"modified":"2025-01-15T19:15:11","modified_gmt":"2025-01-15T19:15:11","slug":"home","status":"publish","type":"page","link":"https:\/\/segurosaude.com.br\/biosaude\/","title":{"rendered":"Home"},"content":{"rendered":"\n  <div class=\"banner has-hover\" id=\"banner-722483958\">\n          <div class=\"banner-inner fill\">\n        <div class=\"banner-bg fill\" >\n            <img decoding=\"async\" width=\"640\" height=\"340\" data-src=\"https:\/\/segurosaude.com.br\/biosaude\/wp-content\/uploads\/2023\/05\/hospital-portinari.webp\" class=\"bg attachment-large size-large lazyload\" alt=\"\" src=\"data:image\/svg+xml;base64,PHN2ZyB3aWR0aD0iMSIgaGVpZ2h0PSIxIiB4bWxucz0iaHR0cDovL3d3dy53My5vcmcvMjAwMC9zdmciPjwvc3ZnPg==\" style=\"--smush-placeholder-width: 640px; --smush-placeholder-aspect-ratio: 640\/340;\" \/>                        <div class=\"overlay\"><\/div>            \n                    <\/div>\n\t\t\n        <div class=\"banner-layers container\">\n            <div class=\"fill banner-link\"><\/div>            \n   <div id=\"text-box-502350103\" class=\"text-box banner-layer x5 md-x0 lg-x0 y50 md-y50 lg-y50 res-text\">\n                                <div class=\"text-box-content text dark\">\n              \n              <div class=\"text-inner text-left\">\n                  \n<h2 class=\"uppercase\"><strong>Seguro Sa\u00fade BIOSA\u00daDE<\/strong><\/h2>\n<h3>Planos de sa\u00fade com valores acess\u00edveis e qualidade Interm\u00e9dica<\/h3>\n<p>Na BioSa\u00fade voc\u00ea encontra diversas op\u00e7\u00f5es de planos de sa\u00fade com valores acess\u00edveis e rede credenciada selecionada!<\/p>\n<a href=\"#planos\" class=\"button primary\"  style=\"border-radius:99px;\">\n\t\t<span>conhe\u00e7a o plano<\/span>\n\t<\/a>\n\n<a href=\"#simulacao-biosaude-saude\" class=\"button secondary hide-for-small\"  style=\"border-radius:99px;\">\n\t\t<span>simule agora<\/span>\n\t<\/a>\n\n              <\/div>\n           <\/div>\n                            \n<style>\n#text-box-502350103 {\n  width: 91%;\n}\n#text-box-502350103 .text-box-content {\n  font-size: 156%;\n}\n@media (min-width:550px) {\n  #text-box-502350103 {\n    width: 44%;\n  }\n  #text-box-502350103 .text-box-content {\n    font-size: 100%;\n  }\n}\n<\/style>\n    <\/div>\n \n   <div id=\"text-box-1554840354\" class=\"text-box banner-layer hide-for-small x5 md-x100 lg-x100 y40 md-y50 lg-y50 res-text\">\n                                <div class=\"text-box-content text dark\">\n              \n              <div class=\"text-inner text-left\">\n                  \n<p><a href=\"#simulacao-biosaude-saude\"><img decoding=\"async\" data-src=\"https:\/\/segurosaude.com.br\/biosaude\/wp-content\/uploads\/2023\/05\/simulacao-biosaude-1.png\" src=\"data:image\/svg+xml;base64,PHN2ZyB3aWR0aD0iMSIgaGVpZ2h0PSIxIiB4bWxucz0iaHR0cDovL3d3dy53My5vcmcvMjAwMC9zdmciPjwvc3ZnPg==\" class=\"lazyload\" style=\"--smush-placeholder-width: 486px; --smush-placeholder-aspect-ratio: 486\/348;\" \/><\/a><\/p>\n              <\/div>\n           <\/div>\n                            \n<style>\n#text-box-1554840354 {\n  width: 91%;\n}\n#text-box-1554840354 .text-box-content {\n  font-size: 100%;\n}\n@media (min-width:550px) {\n  #text-box-1554840354 {\n    width: 45%;\n  }\n}\n<\/style>\n    <\/div>\n \n        <\/div>\n      <\/div>\n\n            \n<style>\n#banner-722483958 {\n  padding-top: 100%;\n}\n#banner-722483958 .overlay {\n  background-color: rgba(0, 0, 0, 0.424);\n}\n#banner-722483958 .banner-bg img {\n  object-position: 3% 100%;\n}\n@media (min-width:550px) {\n  #banner-722483958 {\n    padding-top: 630px;\n  }\n}\n<\/style>\n  <\/div>\n\n\n<span class=\"scroll-to\" data-label=\"Scroll to: #sobre\" data-bullet=\"false\" data-link=\"#sobre\" data-title=\"sobre\" ><a name=\"sobre\"><\/a><\/span>\n\n\t<section class=\"section\" id=\"section_848735194\">\n\t\t<div class=\"section-bg fill\" >\n\t\t\t<img decoding=\"async\" width=\"1921\" height=\"1784\" data-src=\"https:\/\/segurosaude.com.br\/biosaude\/wp-content\/uploads\/2021\/04\/bg.png\" class=\"bg attachment- size- lazyload\" alt=\"\" src=\"data:image\/svg+xml;base64,PHN2ZyB3aWR0aD0iMSIgaGVpZ2h0PSIxIiB4bWxucz0iaHR0cDovL3d3dy53My5vcmcvMjAwMC9zdmciPjwvc3ZnPg==\" style=\"--smush-placeholder-width: 1921px; --smush-placeholder-aspect-ratio: 1921\/1784;\" \/>\t\t\t\t\t\t<div class=\"section-bg-overlay absolute fill\"><\/div>\n\t\t\t\n\n\t\t<\/div>\n\n\t\t\n\n\t\t<div class=\"section-content relative\">\n\t\t\t\n<div class=\"row row-small align-middle\"  id=\"row-577527178\">\n\n\t<div id=\"col-614741945\" class=\"col medium-4 small-12 large-4\"  >\n\t\t\t\t<div class=\"col-inner\"  >\n\t\t\t\n\t\t\t\n\n  <div class=\"banner has-hover\" id=\"banner-2017713397\">\n          <div class=\"banner-inner fill\">\n        <div class=\"banner-bg fill\" >\n            <img decoding=\"async\" width=\"1020\" height=\"574\" data-src=\"https:\/\/segurosaude.com.br\/biosaude\/wp-content\/uploads\/2023\/05\/Saiba-mais-sobre-os-planos-de-saude-individuais-da-Bio-Saude-1024x576.png\" class=\"bg attachment-large size-large lazyload\" alt=\"\" src=\"data:image\/svg+xml;base64,PHN2ZyB3aWR0aD0iMSIgaGVpZ2h0PSIxIiB4bWxucz0iaHR0cDovL3d3dy53My5vcmcvMjAwMC9zdmciPjwvc3ZnPg==\" style=\"--smush-placeholder-width: 1020px; --smush-placeholder-aspect-ratio: 1020\/574;\" \/>                                    \n                    <\/div>\n\t\t\n        <div class=\"banner-layers container\">\n            <div class=\"fill banner-link\"><\/div>            \n        <\/div>\n      <\/div>\n\n            \n<style>\n#banner-2017713397 {\n  padding-top: 369px;\n}\n#banner-2017713397 .banner-bg img {\n  object-position: 54% 32%;\n}\n<\/style>\n  <\/div>\n\n\n\t\t<\/div>\n\t\t\t\t\t<\/div>\n\n\t\n\n\t<div id=\"col-1303097364\" class=\"col medium-8 small-12 large-8\"  >\n\t\t\t\t<div class=\"col-inner\"  >\n\t\t\t\n\t\t\t\n\t<div id=\"text-3832304198\" class=\"text\">\n\t\t\n<h2 style=\"text-align: left;\"><span style=\"font-weight: bold; color: #333!important;\"><span style=\"color: #333;\">Conhe\u00e7a o <\/span><\/span><span style=\"font-weight: bold; color: #26944f!important;\">Plano BioSa\u00fade<\/span><\/h2>\n<div><strong>A BioSa\u00fade hoje integra o portf\u00f3lio de produtos do Grupo NotreDame Interm\u00e9dica. Conhe\u00e7a mais detalhes sobre o Plano BioSa\u00fade e solicite uma cota\u00e7\u00e3o gratuitamente pelo site.<\/strong><\/div>\n<div>\u00a0<\/div>\n<div>Fundada em 1999, a BioSa\u00fade chegou no mercado para trazer planos de sa\u00fade com valores acess\u00edveis para o p\u00fablico de S\u00e3o Paulo e regi\u00e3o metropolitana. S\u00e3o diversas op\u00e7\u00f5es de planos que garantem atendimento em hospitais como o Hospital Portinaria, Hospital Itaquera, Hospital Santa Casa de Santo Amaro entre muitas outras unidades!<\/div>\n<div>\u00a0<\/div>\n<div>Hoje a operadora \u00e9 administrada pelo Grupo NotreDame Interm\u00e9dica, uma das maiores refer\u00eancias no mercado de sa\u00fade suplementar e pioneira em Medicina Preventiva do Pa\u00eds. Se voc\u00ea mora em S\u00e3o Paulo ou regi\u00e3o metropolitana e deseja economizar ao cuidar da sua sa\u00fade, a BioSa\u00fade \u00e9 a escolha perfeita.<\/div>\n\t\t\n<style>\n#text-3832304198 {\n  text-align: left;\n}\n<\/style>\n\t<\/div>\n\t\n\t\t<\/div>\n\t\t\t\t\t<\/div>\n\n\t\n<\/div>\n\t\t<\/div>\n\n\t\t\n<style>\n#section_848735194 {\n  padding-top: 30px;\n  padding-bottom: 30px;\n}\n#section_848735194 .section-bg-overlay {\n  background-color: rgba(255, 255, 255, 0.163);\n}\n<\/style>\n\t<\/section>\n\t\n<span class=\"scroll-to\" data-label=\"Scroll to: #diferenciais\" data-bullet=\"false\" data-link=\"#diferenciais\" data-title=\"diferenciais\" ><a name=\"diferenciais\"><\/a><\/span>\n\n\t<section class=\"section\" id=\"section_2018121299\">\n\t\t<div class=\"section-bg fill\" >\n\t\t\t\t\t\t\t\t\t\n\t\t\t\n\n\t\t<\/div>\n\n\t\t\n\n\t\t<div class=\"section-content relative\">\n\t\t\t\n<div class=\"row\"  id=\"row-169736423\">\n\n\t<div id=\"col-1616128211\" class=\"col small-12 large-12\"  >\n\t\t\t\t<div class=\"col-inner\"  >\n\t\t\t\n\t\t\t\n<h2 style=\"text-align: center;\"><span style=\"font-weight: bold; color: #0054b7!important;\"><span style=\"color: #333;\">Diferenciais <\/span><\/span><span style=\"font-weight: bold; color: #26944f!important;\">BioSa\u00fade<\/span><\/h2>\n<p style=\"text-align: center;\">Conhe\u00e7a as principais vantagens e benef\u00edcios dos planos BioSa\u00fade.<\/p>\n\t\t<\/div>\n\t\t\t\t\t<\/div>\n\n\t\n<\/div>\n<div class=\"row\"  id=\"row-336889084\">\n\n\t<div id=\"col-1395202460\" class=\"col medium-3 small-12 large-3\"  >\n\t\t\t\t<div class=\"col-inner\"  >\n\t\t\t\n\t\t\t\n\n\t\t<div class=\"icon-box featured-box icon-box-top text-left\"  >\n\t\t\t\t<div class=\"icon-box-text last-reset\">\n\t\t\t\t\t\t\t\t\t\n<h3 style=\"color: #26944f;\">Atendimento Agilizado<\/h3>\n<p>Conte com diversos canais de atendimento para resolver todas as quest\u00f5es relacionadas ao plano, como agendamento de consultas, 2a via de boletos, etc.<\/p>\n\t\t<\/div>\n\t<\/div>\n\t\n\t\n\t\t<\/div>\n\t\t\t\t\t<\/div>\n\n\t\n\n\t<div id=\"col-968476849\" class=\"col medium-3 small-12 large-3\"  >\n\t\t\t\t<div class=\"col-inner\"  >\n\t\t\t\n\t\t\t\n\n\t\t<div class=\"icon-box featured-box icon-box-top text-left\"  >\n\t\t\t\t<div class=\"icon-box-text last-reset\">\n\t\t\t\t\t\t\t\t\t\n<h3 style=\"color: #26944f;\">Custo X Benef\u00edcio<\/h3>\n<p>Se voc\u00ea busca por atendimento qualificado por mensalidades que cabem no seu bolso, a BioSa\u00fade \u00e9 o plano ideal! Simule seu plano gratuitamente pelo site.<\/p>\n\t\t<\/div>\n\t<\/div>\n\t\n\t\n\t\t<\/div>\n\t\t\t\t\t<\/div>\n\n\t\n\n\t<div id=\"col-1107841464\" class=\"col medium-3 small-12 large-3\"  >\n\t\t\t\t<div class=\"col-inner\"  >\n\t\t\t\n\t\t\t\n\n\t\t<div class=\"icon-box featured-box icon-box-top text-left\"  >\n\t\t\t\t<div class=\"icon-box-text last-reset\">\n\t\t\t\t\t\t\t\t\t\n<h3 style=\"color: #26944f;\">Cobertura Completa<\/h3>\n<p>Os planos da BioSa\u00fade s\u00e3o de segmenta\u00e7\u00e3o Ambulatorial + Hospitalar com Obstetr\u00edcia, o que garante acesso a consultas, exames, interna\u00e7\u00f5es e muito mais.<\/p>\n\t\t<\/div>\n\t<\/div>\n\t\n\t\n\t\t<\/div>\n\t\t\t\t\t<\/div>\n\n\t\n\n\t<div id=\"col-1954381073\" class=\"col medium-3 small-12 large-3\"  >\n\t\t\t\t<div class=\"col-inner\"  >\n\t\t\t\n\t\t\t\n\n\t\t<div class=\"icon-box featured-box icon-box-top text-left\"  >\n\t\t\t\t<div class=\"icon-box-text last-reset\">\n\t\t\t\t\t\t\t\t\t\n<h3 style=\"color: #26944f;\">Variedade de Planos<\/h3>\n<p>Na BioSa\u00fade voc\u00ea encontra diversas op\u00e7\u00f5es de planos, que se diferenciam pela rede credenciada, padr\u00e3o de acomoda\u00e7\u00e3o e valor das mensalidades.<\/p>\n\t\t<\/div>\n\t<\/div>\n\t\n\t\n\t\t<\/div>\n\t\t\t\t\t<\/div>\n\n\t\n\n\t<div id=\"col-1829082347\" class=\"col medium-3 small-12 large-3\"  >\n\t\t\t\t<div class=\"col-inner\"  >\n\t\t\t\n\t\t\t\n\n\t\t<div class=\"icon-box featured-box icon-box-top text-left\"  >\n\t\t\t\t<div class=\"icon-box-text last-reset\">\n\t\t\t\t\t\t\t\t\t\n<h3 style=\"color: #26944f;\">\u00c1rea de Abrang\u00eancia<\/h3>\n<p>Os planos da BioSa\u00fade podem ser contratados por quem mora ou trabalha em S\u00e3o Paulo e regi\u00e3o metropolitana. Entre em contato conosco e saiba mais.<\/p>\n\t\t<\/div>\n\t<\/div>\n\t\n\t\n\t\t<\/div>\n\t\t\t\t\t<\/div>\n\n\t\n\n\t<div id=\"col-1311783607\" class=\"col medium-3 small-12 large-3\"  >\n\t\t\t\t<div class=\"col-inner\"  >\n\t\t\t\n\t\t\t\n\n\t\t<div class=\"icon-box featured-box icon-box-top text-left\"  >\n\t\t\t\t<div class=\"icon-box-text last-reset\">\n\t\t\t\t\t\t\t\t\t\n<h3 style=\"color: #26944f;\">Desconto Farm\u00e1cia<\/h3>\n<p>Com a BioSa\u00fade voc\u00ea conta com descontos em medicamentos nas maiores redes de farm\u00e1cias do pa\u00eds, como a Drogaria S\u00e3o Paulo, Drogarias Pacheco, entre outras.<\/p>\n\t\t<\/div>\n\t<\/div>\n\t\n\t\n\t\t<\/div>\n\t\t\t\t\t<\/div>\n\n\t\n\n\t<div id=\"col-1966155491\" class=\"col medium-3 small-12 large-3\"  >\n\t\t\t\t<div class=\"col-inner\"  >\n\t\t\t\n\t\t\t\n\n\t\t<div class=\"icon-box featured-box icon-box-top text-left\"  >\n\t\t\t\t<div class=\"icon-box-text last-reset\">\n\t\t\t\t\t\t\t\t\t\n<h3 style=\"color: #26944f;\">Clube de Vantagens GNDI<\/h3>\n<p>Clientes GNDI tem acesso ao Interclube, um clube de vantagens e benef\u00edcios cheio de descontos em viagens, restaurantes, compras online e muito mais!<\/p>\n\t\t<\/div>\n\t<\/div>\n\t\n\t\n\t\t<\/div>\n\t\t\t\t\t<\/div>\n\n\t\n\n\t<div id=\"col-1774550127\" class=\"col medium-3 small-12 large-3\"  >\n\t\t\t\t<div class=\"col-inner\"  >\n\t\t\t\n\t\t\t\n\n\t\t<div class=\"icon-box featured-box icon-box-top text-left\"  >\n\t\t\t\t<div class=\"icon-box-text last-reset\">\n\t\t\t\t\t\t\t\t\t\n<h3 style=\"color: #26944f;\">Coparticipa\u00e7\u00e3o<\/h3>\n<p>Contratando seu plano BioSa\u00fade com coparticipa\u00e7\u00e3o as mensalidades do plano ficam ainda mais em conta! Solicite uma cota\u00e7\u00e3o pelo site agora mesmo.<\/p>\n\t\t<\/div>\n\t<\/div>\n\t\n\t\n\t\t<\/div>\n\t\t\t\t\t<\/div>\n\n\t\n<\/div>\n\t\t<\/div>\n\n\t\t\n<style>\n#section_2018121299 {\n  padding-top: 47px;\n  padding-bottom: 47px;\n}\n<\/style>\n\t<\/section>\n\t\n","protected":false},"excerpt":{"rendered":"","protected":false},"author":1,"featured_media":0,"parent":0,"menu_order":0,"comment_status":"closed","ping_status":"closed","template":"page-blank.php","meta":{"inline_featured_image":false,"footnotes":""},"class_list":["post-7","page","type-page","status-publish","hentry"],"_links":{"self":[{"href":"https:\/\/segurosaude.com.br\/biosaude\/wp-json\/wp\/v2\/pages\/7","targetHints":{"allow":["GET"]}}],"collection":[{"href":"https:\/\/segurosaude.com.br\/biosaude\/wp-json\/wp\/v2\/pages"}],"about":[{"href":"https:\/\/segurosaude.com.br\/biosaude\/wp-json\/wp\/v2\/types\/page"}],"author":[{"embeddable":true,"href":"https:\/\/segurosaude.com.br\/biosaude\/wp-json\/wp\/v2\/users\/1"}],"replies":[{"embeddable":true,"href":"https:\/\/segurosaude.com.br\/biosaude\/wp-json\/wp\/v2\/comments?post=7"}],"version-history":[{"count":0,"href":"https:\/\/segurosaude.com.br\/biosaude\/wp-json\/wp\/v2\/pages\/7\/revisions"}],"wp:attachment":[{"href":"https:\/\/segurosaude.com.br\/biosaude\/wp-json\/wp\/v2\/media?parent=7"}],"curies":[{"name":"wp","href":"https:\/\/api.w.org\/{rel}","templated":true}]}}