{"id":7,"date":"2021-04-30T18:13:08","date_gmt":"2021-04-30T18:13:08","guid":{"rendered":"https:\/\/segurosaude.com.br\/ativia-saude\/?page_id=7"},"modified":"2025-01-15T19:15:08","modified_gmt":"2025-01-15T19:15:08","slug":"home","status":"publish","type":"page","link":"https:\/\/segurosaude.com.br\/ativia-saude\/","title":{"rendered":"Home"},"content":{"rendered":"\n  <div class=\"banner has-hover\" id=\"banner-1214604499\">\n          <div class=\"banner-inner fill\">\n        <div class=\"banner-bg fill\" >\n            <div class=\"bg fill bg-fill \"><\/div>\n                        <div class=\"overlay\"><\/div>            \n                    <\/div>\n        <div class=\"banner-layers container\">\n            <div class=\"fill banner-link\"><\/div>            \n   <div id=\"text-box-773734599\" class=\"text-box banner-layer x5 md-x0 lg-x0 y50 md-y50 lg-y50 res-text\">\n                                <div class=\"text-box-content text dark\">\n              \n              <div class=\"text-inner text-left\">\n                  \n<h2 class=\"uppercase\"><strong>Seguro Sa\u00fade ATIVIA Sa\u00fade<\/strong><\/h2>\n<h3>A Ativia \u00e9 a operadora com maior crescimento no Vale da Para\u00edba<\/h3>\n<p>A At\u00edvia Sa\u00fade oferece \u00f3timas solu\u00e7\u00f5es de planos de sa\u00fade para voc\u00ea, sua fam\u00edlia ou empresa.<\/p>\n<a href=\"#planos\" target=\"_self\" class=\"button primary\"  style=\"border-radius:99px;\">\n    <span>conhe\u00e7a o plano<\/span>\n  <\/a>\n\n<a href=\"#simulacao-ativia-saude\" target=\"_self\" class=\"button secondary hide-for-small\"  style=\"border-radius:99px;\">\n    <span>simule agora<\/span>\n  <\/a>\n\n              <\/div>\n           <\/div>\n                            \n<style>\n#text-box-773734599 {\n  width: 96%;\n}\n#text-box-773734599 .text-box-content {\n  font-size: 156%;\n}\n@media (min-width:550px) {\n  #text-box-773734599 {\n    width: 44%;\n  }\n  #text-box-773734599 .text-box-content {\n    font-size: 100%;\n  }\n}\n<\/style>\n    <\/div>\n \n   <div id=\"text-box-1242336792\" class=\"text-box banner-layer hide-for-small x5 md-x100 lg-x100 y40 md-y50 lg-y50 res-text\">\n                                <div class=\"text-box-content text dark\">\n              \n              <div class=\"text-inner text-left\">\n                  \n<p><a href=\"#simulacao-ativia-saude\"><img decoding=\"async\" data-src=\"https:\/\/segurosaude.com.br\/ativia-saude\/wp-content\/uploads\/2023\/05\/simulador-ativia-saude.png\" src=\"data:image\/svg+xml;base64,PHN2ZyB3aWR0aD0iMSIgaGVpZ2h0PSIxIiB4bWxucz0iaHR0cDovL3d3dy53My5vcmcvMjAwMC9zdmciPjwvc3ZnPg==\" class=\"lazyload\" style=\"--smush-placeholder-width: 486px; --smush-placeholder-aspect-ratio: 486\/348;\" \/><\/a><\/p>\n              <\/div>\n           <\/div>\n                            \n<style>\n#text-box-1242336792 {\n  width: 91%;\n}\n#text-box-1242336792 .text-box-content {\n  font-size: 100%;\n}\n@media (min-width:550px) {\n  #text-box-1242336792 {\n    width: 45%;\n  }\n}\n<\/style>\n    <\/div>\n \n        <\/div>\n      <\/div>\n\n            \n<style>\n#banner-1214604499 {\n  padding-top: 100%;\n}\n#banner-1214604499 .bg.bg-loaded {\n  background-image: url(https:\/\/segurosaude.com.br\/ativia-saude\/wp-content\/uploads\/2023\/05\/321622652_1200x563-1024x480.webp);\n}\n#banner-1214604499 .overlay {\n  background-color: rgba(0, 0, 0, 0.366);\n}\n#banner-1214604499 .bg {\n  background-position: 0% 38%;\n}\n@media (min-width:550px) {\n  #banner-1214604499 {\n    padding-top: 630px;\n  }\n}\n<\/style>\n  <\/div>\n\n\n<span class=\"scroll-to\" data-label=\"Scroll to: #sobre\" data-bullet=\"false\" data-link=\"#sobre\" data-title=\"sobre\"><a name=\"sobre\"><\/a><\/span>\n\t<section class=\"section\" id=\"section_1691846883\">\n\t\t<div class=\"bg section-bg fill bg-fill  \" >\n\n\t\t\t\n\t\t\t<div class=\"section-bg-overlay absolute fill\"><\/div>\n\t\t\t\n\n\t\t<\/div>\n\n\t\t<div class=\"section-content relative\">\n\t\t\t\n<div class=\"row row-small align-middle\"  id=\"row-885728149\">\n\n\t<div id=\"col-621743561\" class=\"col medium-4 small-12 large-4\"  >\n\t\t<div class=\"col-inner\"  >\n\t\t\t\n\t\t\t\n\n  <div class=\"banner has-hover\" id=\"banner-178851335\">\n          <div class=\"banner-inner fill\">\n        <div class=\"banner-bg fill\" >\n            <div class=\"bg fill bg-fill \"><\/div>\n                                    \n                    <\/div>\n        <div class=\"banner-layers container\">\n            <div class=\"fill banner-link\"><\/div>            \n        <\/div>\n      <\/div>\n\n            \n<style>\n#banner-178851335 {\n  padding-top: 369px;\n}\n#banner-178851335 .bg.bg-loaded {\n  background-image: url(https:\/\/segurosaude.com.br\/ativia-saude\/wp-content\/uploads\/2023\/05\/1909110730jacarei.jpg);\n}\n#banner-178851335 .bg {\n  background-position: 61% 15%;\n}\n<\/style>\n  <\/div>\n\n\n\t\t<\/div>\n\t\t\t<\/div>\n\n\t\n\n\t<div id=\"col-502779686\" class=\"col medium-8 small-12 large-8\"  >\n\t\t<div class=\"col-inner\"  >\n\t\t\t\n\t\t\t\n\t<div id=\"text-93931816\" class=\"text\">\n\t\t\n<h2 style=\"text-align: left;\"><span style=\"font-weight: bold; color: #333!important;\"><span style=\"color: #333;\">Conhe\u00e7a a <\/span><\/span><span style=\"font-weight: bold; color: #a11638!important;\">Ativia Sa\u00fade<\/span><\/h2>\n<div><strong>Com cerca de 25 mil benefici\u00e1rios, a Ativia Sa\u00fade \u00e9 uma das melhores op\u00e7\u00f5es de planos de sa\u00fade na regi\u00e3o do Vale da Para\u00edba.\u00a0<\/strong><\/div>\n<div>\u00a0<\/div>\n<div>A Ativia Sa\u00fade est\u00e1 presente no mercado de sa\u00fade suplementar h\u00e1 mais de 20 anos. Durante todo seu trajeto, vem oferecido uma rede credenciada selecionada, com \u00f3timos hospitais, m\u00e9dicos e profissionais de diversas \u00e1reas da sa\u00fade na regi\u00e3o do Vale do Para\u00edba. Com foco na humaniza\u00e7\u00e3o e satisfa\u00e7\u00e3o dos seus benefici\u00e1rios, a Ativia Sa\u00fade tem se destacado dentre as op\u00e7\u00f5es de planos de sa\u00fade, sendo a operadora com maior crescimento no Vale do Para\u00edba &#8211; segundo levantamento da ANS em 2022.<\/div>\n<div>\u00a0<\/div>\n<div>Com a Ativia Sa\u00fade, voc\u00ea que mora em diversas regi\u00f5es do interior de S\u00e3o Paulo e na regi\u00e3o do Vale do Para\u00edba t\u00eam acesso a uma \u00f3tima rede de atendimento por valores bastante acess\u00edveis.<\/div>\n\t\t\n<style>\n#text-93931816 {\n  text-align: left;\n}\n<\/style>\n\t<\/div>\n\t\n\t\t<\/div>\n\t\t\t<\/div>\n\n\t\n<\/div>\n\t\t<\/div>\n\n\t\t\n<style>\n#section_1691846883 {\n  padding-top: 30px;\n  padding-bottom: 30px;\n}\n#section_1691846883 .section-bg-overlay {\n  background-color: rgba(255, 255, 255, 0.163);\n}\n#section_1691846883 .section-bg.bg-loaded {\n  background-image: url(https:\/\/segurosaude.com.br\/ativia-saude\/wp-content\/uploads\/2021\/04\/bg.png);\n}\n<\/style>\n\t<\/section>\n\t\n<span class=\"scroll-to\" data-label=\"Scroll to: #diferenciais\" data-bullet=\"false\" data-link=\"#diferenciais\" data-title=\"diferenciais\"><a name=\"diferenciais\"><\/a><\/span>\n\t<section class=\"section\" id=\"section_835439011\">\n\t\t<div class=\"bg section-bg fill bg-fill  bg-loaded\" >\n\n\t\t\t\n\t\t\t\n\t\t\t\n\n\t\t<\/div>\n\n\t\t<div class=\"section-content relative\">\n\t\t\t\n<div class=\"row\"  id=\"row-1335052863\">\n\n\t<div id=\"col-440279500\" class=\"col small-12 large-12\"  >\n\t\t<div class=\"col-inner\"  >\n\t\t\t\n\t\t\t\n<h2 style=\"text-align: center;\"><span style=\"font-weight: bold; color: #d1681a!important;\"><span style=\"color: #333;\">Diferenciais <\/span><\/span><span style=\"font-weight: bold; color: #a11638!important;\">Ativia Sa\u00fade<\/span><\/h2>\n<p style=\"text-align: center;\">Confira alguns motivos para contratar um plano da Ativia Sa\u00fade.<\/p>\n\t\t<\/div>\n\t\t\t<\/div>\n\n\t\n<\/div>\n<div class=\"row\"  id=\"row-963645611\">\n\n\t<div id=\"col-1439626777\" class=\"col medium-3 small-12 large-3\"  >\n\t\t<div class=\"col-inner\"  >\n\t\t\t\n\t\t\t\n\n\t\t<div class=\"icon-box featured-box icon-box-top text-left\"  >\n\t\t\t\t<div class=\"icon-box-text last-reset\">\n\t\t\t\t\t\t\t\t\t\n<h3 style=\"color: #a11638;\">Valores Acess\u00edveis<\/h3>\n<p>Com a Ativia Sa\u00fade voc\u00ea tem acesso \u00e0 \u00f3timos hospitais da regi\u00e3o do Vale do Para\u00edba e Interior de S\u00e3o Paulo por mensalidades que cabem no seu bolso.<\/p>\n\t\t<\/div>\n\t<\/div>\n\t\n\t\n\t\t<\/div>\n\t\t\t<\/div>\n\n\t\n\n\t<div id=\"col-1424724205\" class=\"col medium-3 small-12 large-3\"  >\n\t\t<div class=\"col-inner\"  >\n\t\t\t\n\t\t\t\n\n\t\t<div class=\"icon-box featured-box icon-box-top text-left\"  >\n\t\t\t\t<div class=\"icon-box-text last-reset\">\n\t\t\t\t\t\t\t\t\t\n<h3 style=\"color: #a11638;\">Op\u00e7\u00f5es de Planos<\/h3>\n<p>Na Ativia Sa\u00fade voc\u00ea encontra diversas op\u00e7\u00f5es de planos, que se diferenciam pela rede de atendimento e valores das mensalidades..<\/p>\n\t\t<\/div>\n\t<\/div>\n\t\n\t\n\t\t<\/div>\n\t\t\t<\/div>\n\n\t\n\n\t<div id=\"col-1143062109\" class=\"col medium-3 small-12 large-3\"  >\n\t\t<div class=\"col-inner\"  >\n\t\t\t\n\t\t\t\n\n\t\t<div class=\"icon-box featured-box icon-box-top text-left\"  >\n\t\t\t\t<div class=\"icon-box-text last-reset\">\n\t\t\t\t\t\t\t\t\t\n<h3 style=\"color: #a11638;\">Atendimento Nacional 24h<\/h3>\n<p>Conte com atendimento de Urg\u00eancia e Emerg\u00eancia em todo territ\u00f3rio nacional por interm\u00e9dio da Rede Abramge. Entre em contato conosco e saiba mais!<\/p>\n\t\t<\/div>\n\t<\/div>\n\t\n\t\n\t\t<\/div>\n\t\t\t<\/div>\n\n\t\n\n\t<div id=\"col-587403496\" class=\"col medium-3 small-12 large-3\"  >\n\t\t<div class=\"col-inner\"  >\n\t\t\t\n\t\t\t\n\n\t\t<div class=\"icon-box featured-box icon-box-top text-left\"  >\n\t\t\t\t<div class=\"icon-box-text last-reset\">\n\t\t\t\t\t\t\t\t\t\n<h3 style=\"color: #a11638;\">\u00d3tima rede Credenciada<\/h3>\n<p>Seja atendido em alguns dos melhores hospitais da regi\u00e3o do interior de S\u00e3o Paulo e de todo o Vale do Para\u00edba. Confira a rede credenciada abaixo.<\/p>\n\t\t<\/div>\n\t<\/div>\n\t\n\t\n\t\t<\/div>\n\t\t\t<\/div>\n\n\t\n\n\t<div id=\"col-181818829\" class=\"col medium-3 small-12 large-3\"  >\n\t\t<div class=\"col-inner\"  >\n\t\t\t\n\t\t\t\n\n\t\t<div class=\"icon-box featured-box icon-box-top text-left\"  >\n\t\t\t\t<div class=\"icon-box-text last-reset\">\n\t\t\t\t\t\t\t\t\t\n<h3 style=\"color: #a11638;\">Projetos Preventivos<\/h3>\n<p>Tenha acesso a diversos programas de sa\u00fade que tem como objetivo trazer mais qualidade de vida aos enefici\u00e1rios com problemas de coluna, diabetes ou 60+ anos.<\/p>\n\t\t<\/div>\n\t<\/div>\n\t\n\t\n\t\t<\/div>\n\t\t\t<\/div>\n\n\t\n\n\t<div id=\"col-1195455526\" class=\"col medium-3 small-12 large-3\"  >\n\t\t<div class=\"col-inner\"  >\n\t\t\t\n\t\t\t\n\n\t\t<div class=\"icon-box featured-box icon-box-top text-left\"  >\n\t\t\t\t<div class=\"icon-box-text last-reset\">\n\t\t\t\t\t\t\t\t\t\n<h3 style=\"color: #a11638;\">Canais de Atendimento<\/h3>\n<p>Na Ativia Sa\u00fade voc\u00ea conta com diversos canais de atendimento: App Ativia, apoio de agendamento, e autorizador online pelo whatsapp. Muito mais praticidade!<\/p>\n\t\t<\/div>\n\t<\/div>\n\t\n\t\n\t\t<\/div>\n\t\t\t<\/div>\n\n\t\n\n\t<div id=\"col-1024856030\" class=\"col medium-3 small-12 large-3\"  >\n\t\t<div class=\"col-inner\"  >\n\t\t\t\n\t\t\t\n\n\t\t<div class=\"icon-box featured-box icon-box-top text-left\"  >\n\t\t\t\t<div class=\"icon-box-text last-reset\">\n\t\t\t\t\t\t\t\t\t\n<h3 style=\"color: #a11638;\">Cobertura Completa<\/h3>\n<p>Os planos da Ativia Sa\u00fade s\u00e3o de segmenta\u00e7\u00e3o Ambulatorial + Hospitalar com Obstetr\u00edcia, que garante cobertura para consultas, exames, parto, interna\u00e7\u00f5es, etc.<\/p>\n\t\t<\/div>\n\t<\/div>\n\t\n\t\n\t\t<\/div>\n\t\t\t<\/div>\n\n\t\n\n\t<div id=\"col-335493530\" class=\"col medium-3 small-12 large-3\"  >\n\t\t<div class=\"col-inner\"  >\n\t\t\t\n\t\t\t\n\n\t\t<div class=\"icon-box featured-box icon-box-top text-left\"  >\n\t\t\t\t<div class=\"icon-box-text last-reset\">\n\t\t\t\t\t\t\t\t\t\n<h3 style=\"color: #a11638;\">Planos PF e PME<\/h3>\n<p>A Ativia Sa\u00fade oferece diversas op\u00e7\u00f5es de planos de sa\u00fade que podem ser contratados utilizando tanto um CNPJ (empresarial) como CPF (pessoa f\u00edsica).<\/p>\n\t\t<\/div>\n\t<\/div>\n\t\n\t\n\t\t<\/div>\n\t\t\t<\/div>\n\n\t\n<\/div>\n\t\t<\/div>\n\n\t\t\n<style>\n#section_835439011 {\n  padding-top: 47px;\n  padding-bottom: 47px;\n}\n<\/style>\n\t<\/section>\n\t\n<span class=\"scroll-to\" data-label=\"Scroll to: #rede-credenciada\" data-bullet=\"false\" data-link=\"#rede-credenciada\" data-title=\"rede-credenciada\"><a name=\"rede-credenciada\"><\/a><\/span>\n\t<section class=\"section\" id=\"section_1224176796\">\n\t\t<div class=\"bg section-bg fill bg-fill  bg-loaded\" >\n\n\t\t\t\n\t\t\t<div class=\"section-bg-overlay absolute fill\"><\/div>\n\t\t\t\n\n\t\t<\/div>\n\n\t\t<div class=\"section-content relative\">\n\t\t\t\n<div class=\"row\"  id=\"row-1213690975\">\n\n\t<div id=\"col-806018324\" class=\"col small-12 large-12\"  >\n\t\t<div class=\"col-inner\"  >\n\t\t\t\n\t\t\t\n<h2 style=\"text-align: center;\"><span style=\"font-weight: bold; color: #333!important;\"><span style=\"color: #333;\">Rede Credenciada <\/span><\/span><span style=\"font-weight: bold; color: #A11638!important;\">Ativia Sa\u00fade<\/span><\/h2>\n<p style=\"text-align: center;\">Confira a rede de atendimento do plano Ativia Sa\u00fade.<\/p>\n<div class=\"accordion\" rel=\"\">\n<div class=\"accordion-item\"><a href=\"#\" class=\"accordion-title plain\"><button class=\"toggle\"><i class=\"icon-angle-down\"><\/i><\/button><span>Plano Ativia Sa\u00fade Individual<\/span><\/a><div class=\"accordion-inner\">\n<table id=\"table-rede\" class=\"table table-condensed table-striped\">\n<tbody>\n<tr class=\"credenciado-tipo-header\">\n<td>Litoral &#8211; SP<\/td>\n<td class=\"text-center\">Ideal [E]<\/td>\n<td class=\"text-center\">Essencial [E]<\/td>\n<\/tr>\n<tr>\n<td>H Stella Maris &#8211; Caraguatatuba<\/td>\n<td class=\"text-center\">&#8211;<\/td>\n<td class=\"text-center\">H, M, PS<\/td>\n<\/tr>\n<\/tbody>\n<tbody>\n<tr class=\"credenciado-tipo-header\">\n<td>Interior &#8211; SP<\/td>\n<td class=\"text-center\">Ideal [E]<\/td>\n<td class=\"text-center\">Essencial [E]<\/td>\n<\/tr>\n<tr>\n<td>H Alvorada &#8211; Jacare\u00ed<\/td>\n<td class=\"text-center\">H, PS<\/td>\n<td class=\"text-center\">H, PS<\/td>\n<\/tr>\n<tr>\n<td>H e Mat S\u00e3o Francisco Assis &#8211; Jacare\u00ed<\/td>\n<td class=\"text-center\">M<\/td>\n<td class=\"text-center\">M<\/td>\n<\/tr>\n<tr>\n<td>H Francisca J\u00falia &#8211; SJC &#8211; S\u00e3o Jos\u00e9 dos Campos<\/td>\n<td class=\"text-center\">H<\/td>\n<td class=\"text-center\">H<\/td>\n<\/tr>\n<tr>\n<td>H Infantil Prontil &#8211; SJC &#8211; S\u00e3o Jos\u00e9 dos Campos<\/td>\n<td class=\"text-center\">&#8211;<\/td>\n<td class=\"text-center\">H, PS\u00b9<\/td>\n<\/tr>\n<tr>\n<td>H Mat Inf Antoninho da Rocha Marmo &#8211; SJC &#8211; S\u00e3o Jos\u00e9 dos Campos<\/td>\n<td class=\"text-center\">&#8211;<\/td>\n<td class=\"text-center\">M<\/td>\n<\/tr>\n<tr>\n<td>H Pio XII &#8211; SJC &#8211; S\u00e3o Jos\u00e9 dos Campos<\/td>\n<td class=\"text-center\">&#8211;<\/td>\n<td class=\"text-center\">H, PS<\/td>\n<\/tr>\n<\/tbody>\n<tbody>\n<tr class=\"credenciado-tipo-header\">\n<td>Laborat\u00f3rios<\/td>\n<td class=\"text-center\">Ideal [E]<\/td>\n<td class=\"text-center\">Essencial [E]<\/td>\n<\/tr>\n<\/tbody>\n<\/table>\n<\/div><\/div>\n<div class=\"accordion-item\"><a href=\"#\" class=\"accordion-title plain\"><button class=\"toggle\"><i class=\"icon-angle-down\"><\/i><\/button><span>Plano Ativia Sa\u00fade Familiar<\/span><\/a><div class=\"accordion-inner\">\n<table id=\"table-rede\" class=\"table table-condensed table-striped\">\n<tbody>\n<tr class=\"credenciado-tipo-header\">\n<td>Litoral &#8211; SP<\/td>\n<td class=\"text-center\">Ideal [E]<\/td>\n<td class=\"text-center\">Essencial [E]<\/td>\n<\/tr>\n<tr>\n<td>H Stella Maris &#8211; Caraguatatuba<\/td>\n<td class=\"text-center\">&#8211;<\/td>\n<td class=\"text-center\">H, M, PS<\/td>\n<\/tr>\n<\/tbody>\n<tbody>\n<tr class=\"credenciado-tipo-header\">\n<td>Interior &#8211; SP<\/td>\n<td class=\"text-center\">Ideal [E]<\/td>\n<td class=\"text-center\">Essencial [E]<\/td>\n<\/tr>\n<tr>\n<td>H Alvorada &#8211; Jacare\u00ed<\/td>\n<td class=\"text-center\">H, PS<\/td>\n<td class=\"text-center\">H, PS<\/td>\n<\/tr>\n<tr>\n<td>H e Mat S\u00e3o Francisco Assis &#8211; Jacare\u00ed<\/td>\n<td class=\"text-center\">M<\/td>\n<td class=\"text-center\">M<\/td>\n<\/tr>\n<tr>\n<td>H Francisca J\u00falia &#8211; SJC &#8211; S\u00e3o Jos\u00e9 dos Campos<\/td>\n<td class=\"text-center\">H<\/td>\n<td class=\"text-center\">H<\/td>\n<\/tr>\n<tr>\n<td>H Infantil Prontil &#8211; SJC &#8211; S\u00e3o Jos\u00e9 dos Campos<\/td>\n<td class=\"text-center\">&#8211;<\/td>\n<td class=\"text-center\">H, PS\u00b9<\/td>\n<\/tr>\n<tr>\n<td>H Mat Inf Antoninho da Rocha Marmo &#8211; SJC &#8211; S\u00e3o Jos\u00e9 dos Campos<\/td>\n<td class=\"text-center\">&#8211;<\/td>\n<td class=\"text-center\">M<\/td>\n<\/tr>\n<tr>\n<td>H Pio XII &#8211; SJC &#8211; S\u00e3o Jos\u00e9 dos Campos<\/td>\n<td class=\"text-center\">&#8211;<\/td>\n<td class=\"text-center\">H, PS<\/td>\n<\/tr>\n<\/tbody>\n<tbody>\n<tr class=\"credenciado-tipo-header\">\n<td>Laborat\u00f3rios<\/td>\n<td class=\"text-center\">Ideal [E]<\/td>\n<td class=\"text-center\">Essencial [E]<\/td>\n<\/tr>\n<\/tbody>\n<\/table>\n<\/div><\/div>\n<div class=\"accordion-item\"><a href=\"#\" class=\"accordion-title plain\"><button class=\"toggle\"><i class=\"icon-angle-down\"><\/i><\/button><span>Plano Ativia Sa\u00fade Empresarial<\/span><\/a><div class=\"accordion-inner\">\n<table id=\"table-rede\" class=\"table table-condensed table-striped\">\n<tbody>\n<tr class=\"credenciado-tipo-header\">\n<td>Zona Oeste &#8211; SP<\/td>\n<td class=\"text-center\">Ideal [E]<\/td>\n<td class=\"text-center\">Ideal [A]<\/td>\n<td class=\"text-center\">Essencial [E]<\/td>\n<td class=\"text-center\">Essencial [A]<\/td>\n<td class=\"text-center\">Ativia Vale [E]<\/td>\n<td class=\"text-center\">Ativia Vale [A]<\/td>\n<\/tr>\n<tr>\n<td>Sta Isabel<\/td>\n<td class=\"text-center\">&#8211;<\/td>\n<td class=\"text-center\">&#8211;<\/td>\n<td class=\"text-center\">&#8211;<\/td>\n<td class=\"text-center\">&#8211;<\/td>\n<td class=\"text-center\">H, PS<\/td>\n<td class=\"text-center\">H, PS<\/td>\n<\/tr>\n<\/tbody>\n<tbody>\n<tr class=\"credenciado-tipo-header\">\n<td>Litoral &#8211; SP<\/td>\n<td class=\"text-center\">Ideal [E]<\/td>\n<td class=\"text-center\">Ideal [A]<\/td>\n<td class=\"text-center\">Essencial [E]<\/td>\n<td class=\"text-center\">Essencial [A]<\/td>\n<td class=\"text-center\">Ativia Vale [E]<\/td>\n<td class=\"text-center\">Ativia Vale [A]<\/td>\n<\/tr>\n<tr>\n<td>H Stella Maris &#8211; Caraguatatuba<\/td>\n<td class=\"text-center\">&#8211;<\/td>\n<td class=\"text-center\">&#8211;<\/td>\n<td class=\"text-center\">H, PA\u00b9<\/td>\n<td class=\"text-center\">H, PA\u00b9<\/td>\n<td class=\"text-center\">H, PS<\/td>\n<td class=\"text-center\">H, PS<\/td>\n<\/tr>\n<tr>\n<td>Sta Casa Cora\u00e7\u00e3o de Jesus &#8211; S\u00e3o Sebasti\u00e3o<\/td>\n<td class=\"text-center\">&#8211;<\/td>\n<td class=\"text-center\">&#8211;<\/td>\n<td class=\"text-center\">&#8211;<\/td>\n<td class=\"text-center\">&#8211;<\/td>\n<td class=\"text-center\">H, PS<\/td>\n<td class=\"text-center\">H, PS<\/td>\n<\/tr>\n<\/tbody>\n<tbody>\n<tr class=\"credenciado-tipo-header\">\n<td>Interior &#8211; SP<\/td>\n<td class=\"text-center\">Ideal [E]<\/td>\n<td class=\"text-center\">Ideal [A]<\/td>\n<td class=\"text-center\">Essencial [E]<\/td>\n<td class=\"text-center\">Essencial [A]<\/td>\n<td class=\"text-center\">Ativia Vale [E]<\/td>\n<td class=\"text-center\">Ativia Vale [A]<\/td>\n<\/tr>\n<tr>\n<td>H Alvorada &#8211; Jacare\u00ed<\/td>\n<td class=\"text-center\">H, PS<\/td>\n<td class=\"text-center\">H, PS<\/td>\n<td class=\"text-center\">H, PS<\/td>\n<td class=\"text-center\">H, PS<\/td>\n<td class=\"text-center\">H, PS<\/td>\n<td class=\"text-center\">H, PS<\/td>\n<\/tr>\n<tr>\n<td>H e Mat S\u00e3o Francisco Assis &#8211; Jacare\u00ed<\/td>\n<td class=\"text-center\">M<\/td>\n<td class=\"text-center\">M<\/td>\n<td class=\"text-center\">M<\/td>\n<td class=\"text-center\">M<\/td>\n<td class=\"text-center\">&#8211;<\/td>\n<td class=\"text-center\">&#8211;<\/td>\n<\/tr>\n<tr>\n<td>H Francisca J\u00falia &#8211; SJC &#8211; S\u00e3o Jos\u00e9 dos Campos<\/td>\n<td class=\"text-center\">H<\/td>\n<td class=\"text-center\">H<\/td>\n<td class=\"text-center\">H<\/td>\n<td class=\"text-center\">H<\/td>\n<td class=\"text-center\">&#8211;<\/td>\n<td class=\"text-center\">&#8211;<\/td>\n<\/tr>\n<tr>\n<td>H Mat Inf Antoninho da Rocha Marmo &#8211; SJC &#8211; S\u00e3o Jos\u00e9 dos Campos<\/td>\n<td class=\"text-center\">&#8211;<\/td>\n<td class=\"text-center\">&#8211;<\/td>\n<td class=\"text-center\">M<\/td>\n<td class=\"text-center\">M<\/td>\n<td class=\"text-center\">H, PS<\/td>\n<td class=\"text-center\">H, PS<\/td>\n<\/tr>\n<tr>\n<td>H Pio XII &#8211; SJC &#8211; S\u00e3o Jos\u00e9 dos Campos<\/td>\n<td class=\"text-center\">&#8211;<\/td>\n<td class=\"text-center\">&#8211;<\/td>\n<td class=\"text-center\">H, PS<\/td>\n<td class=\"text-center\">H, PS<\/td>\n<td class=\"text-center\">H, PS<\/td>\n<td class=\"text-center\">H, PS<\/td>\n<\/tr>\n<tr>\n<td>FUSAM &#8211; Ca\u00e7apava<\/td>\n<td class=\"text-center\">&#8211;<\/td>\n<td class=\"text-center\">&#8211;<\/td>\n<td class=\"text-center\">&#8211;<\/td>\n<td class=\"text-center\">&#8211;<\/td>\n<td class=\"text-center\">AMB<\/td>\n<td class=\"text-center\">AMB<\/td>\n<\/tr>\n<tr>\n<td>H Infantil Prontil &#8211; SJC &#8211; S\u00e3o Jos\u00e9 dos Campos<\/td>\n<td class=\"text-center\">&#8211;<\/td>\n<td class=\"text-center\">&#8211;<\/td>\n<td class=\"text-center\">H, PS\u00b9<\/td>\n<td class=\"text-center\">H, PS\u00b9<\/td>\n<td class=\"text-center\">&#8211;<\/td>\n<td class=\"text-center\">&#8211;<\/td>\n<\/tr>\n<tr>\n<td>H S\u00e3o Lucas de Taubat\u00e9 &#8211; Taubat\u00e9<\/td>\n<td class=\"text-center\">&#8211;<\/td>\n<td class=\"text-center\">&#8211;<\/td>\n<td class=\"text-center\">&#8211;<\/td>\n<td class=\"text-center\">&#8211;<\/td>\n<td class=\"text-center\">H, PS<\/td>\n<td class=\"text-center\">H, PS<\/td>\n<\/tr>\n<tr>\n<td>Sta Casa de Lorena &#8211; Lorena<\/td>\n<td class=\"text-center\">&#8211;<\/td>\n<td class=\"text-center\">&#8211;<\/td>\n<td class=\"text-center\">&#8211;<\/td>\n<td class=\"text-center\">&#8211;<\/td>\n<td class=\"text-center\">H, PS<\/td>\n<td class=\"text-center\">H, PS<\/td>\n<\/tr>\n<tr>\n<td>Sta Casa de Miseric\u00f3rdia de Pindamonhangaba &#8211; Pindamonhangaba<\/td>\n<td class=\"text-center\">&#8211;<\/td>\n<td class=\"text-center\">&#8211;<\/td>\n<td class=\"text-center\">&#8211;<\/td>\n<td class=\"text-center\">&#8211;<\/td>\n<td class=\"text-center\">H, PS<\/td>\n<td class=\"text-center\">H, PS<\/td>\n<\/tr>\n<\/tbody>\n<tbody>\n<tr class=\"credenciado-tipo-header\">\n<td>Laborat\u00f3rios<\/td>\n<td class=\"text-center\">Ideal [E]<\/td>\n<td class=\"text-center\">Ideal [A]<\/td>\n<td class=\"text-center\">Essencial [E]<\/td>\n<td class=\"text-center\">Essencial [A]<\/td>\n<td class=\"text-center\">Ativia Vale [E]<\/td>\n<td class=\"text-center\">Ativia Vale [A]<\/td>\n<\/tr>\n<\/tbody>\n<\/table>\n<\/div><\/div>\n<\/div>\n\t\t<\/div>\n\t\t\t<\/div>\n\n\t\n<\/div>\n\t\t<\/div>\n\n\t\t\n<style>\n#section_1224176796 {\n  padding-top: 47px;\n  padding-bottom: 47px;\n}\n#section_1224176796 .section-bg-overlay {\n  background-color: rgb(247, 247, 247);\n}\n<\/style>\n\t<\/section>\n\t\n","protected":false},"excerpt":{"rendered":"","protected":false},"author":1,"featured_media":0,"parent":0,"menu_order":0,"comment_status":"closed","ping_status":"closed","template":"page-blank.php","meta":{"inline_featured_image":false,"footnotes":""},"class_list":["post-7","page","type-page","status-publish","hentry"],"_links":{"self":[{"href":"https:\/\/segurosaude.com.br\/ativia-saude\/wp-json\/wp\/v2\/pages\/7","targetHints":{"allow":["GET"]}}],"collection":[{"href":"https:\/\/segurosaude.com.br\/ativia-saude\/wp-json\/wp\/v2\/pages"}],"about":[{"href":"https:\/\/segurosaude.com.br\/ativia-saude\/wp-json\/wp\/v2\/types\/page"}],"author":[{"embeddable":true,"href":"https:\/\/segurosaude.com.br\/ativia-saude\/wp-json\/wp\/v2\/users\/1"}],"replies":[{"embeddable":true,"href":"https:\/\/segurosaude.com.br\/ativia-saude\/wp-json\/wp\/v2\/comments?post=7"}],"version-history":[{"count":109,"href":"https:\/\/segurosaude.com.br\/ativia-saude\/wp-json\/wp\/v2\/pages\/7\/revisions"}],"predecessor-version":[{"id":1360,"href":"https:\/\/segurosaude.com.br\/ativia-saude\/wp-json\/wp\/v2\/pages\/7\/revisions\/1360"}],"wp:attachment":[{"href":"https:\/\/segurosaude.com.br\/ativia-saude\/wp-json\/wp\/v2\/media?parent=7"}],"curies":[{"name":"wp","href":"https:\/\/api.w.org\/{rel}","templated":true}]}}