{"id":7,"date":"2021-04-30T18:13:08","date_gmt":"2021-04-30T18:13:08","guid":{"rendered":"https:\/\/segurosaude.com.br\/ana-costa-saude\/?page_id=7"},"modified":"2025-01-15T19:15:06","modified_gmt":"2025-01-15T19:15:06","slug":"home","status":"publish","type":"page","link":"https:\/\/segurosaude.com.br\/ana-costa-saude\/","title":{"rendered":"Home"},"content":{"rendered":"\n  <div class=\"banner has-hover\" id=\"banner-655483741\">\n          <div class=\"banner-inner fill\">\n        <div class=\"banner-bg fill\" >\n            <div class=\"bg fill bg-fill \"><\/div>\n                        <div class=\"overlay\"><\/div>            \n                    <\/div>\n        <div class=\"banner-layers container\">\n            <div class=\"fill banner-link\"><\/div>            \n   <div id=\"text-box-1990369568\" class=\"text-box banner-layer x5 md-x0 lg-x0 y50 md-y50 lg-y50 res-text\">\n                                <div class=\"text-box-content text dark\">\n              \n              <div class=\"text-inner text-left\">\n                  \n<h2 class=\"uppercase\"><strong>Seguro Sa\u00fade ANA COSTA Sa\u00fade<\/strong><\/h2>\n<h3>Humaniza\u00e7\u00e3o, infraenstrutura e sa\u00fade de qualidade<\/h3>\n<p>Com cerca de 100 mil benefici\u00e1rios, a Ana Costa Sa\u00fade \u00e9 destaque entre as op\u00e7\u00f5es de planos de sa\u00fade na Baixada Santista.<\/p>\n<a href=\"#planos\" target=\"_self\" class=\"button primary\"  style=\"border-radius:99px;\">\n    <span>conhe\u00e7a o plano<\/span>\n  <\/a>\n\n<a href=\"#simulacao-anacosta-saude\" target=\"_self\" class=\"button secondary hide-for-small\"  style=\"border-radius:99px;\">\n    <span>simule agora<\/span>\n  <\/a>\n\n              <\/div>\n           <\/div>\n                            \n<style>\n#text-box-1990369568 {\n  width: 93%;\n}\n#text-box-1990369568 .text-box-content {\n  font-size: 156%;\n}\n@media (min-width:550px) {\n  #text-box-1990369568 {\n    width: 44%;\n  }\n  #text-box-1990369568 .text-box-content {\n    font-size: 100%;\n  }\n}\n<\/style>\n    <\/div>\n \n   <div id=\"text-box-561595565\" class=\"text-box banner-layer hide-for-small x5 md-x100 lg-x100 y40 md-y50 lg-y50 res-text\">\n                                <div class=\"text-box-content text dark\">\n              \n              <div class=\"text-inner text-left\">\n                  \n<p><a href=\"#simulacao-anacosta-saude\"><img decoding=\"async\" data-src=\"https:\/\/segurosaude.com.br\/ana-costa-saude\/wp-content\/uploads\/2023\/05\/simulador-ana-costa-saude.png\" src=\"data:image\/svg+xml;base64,PHN2ZyB3aWR0aD0iMSIgaGVpZ2h0PSIxIiB4bWxucz0iaHR0cDovL3d3dy53My5vcmcvMjAwMC9zdmciPjwvc3ZnPg==\" class=\"lazyload\" style=\"--smush-placeholder-width: 486px; --smush-placeholder-aspect-ratio: 486\/348;\" \/><\/a><\/p>\n              <\/div>\n           <\/div>\n                            \n<style>\n#text-box-561595565 {\n  width: 91%;\n}\n#text-box-561595565 .text-box-content {\n  font-size: 100%;\n}\n@media (min-width:550px) {\n  #text-box-561595565 {\n    width: 45%;\n  }\n}\n<\/style>\n    <\/div>\n \n        <\/div>\n      <\/div>\n\n            \n<style>\n#banner-655483741 {\n  padding-top: 100%;\n}\n#banner-655483741 .bg.bg-loaded {\n  background-image: url(https:\/\/segurosaude.com.br\/ana-costa-saude\/wp-content\/uploads\/2023\/05\/banner-header-1024x362.png);\n}\n#banner-655483741 .overlay {\n  background-color: rgba(0, 0, 0, 0.366);\n}\n#banner-655483741 .bg {\n  background-position: 84% 62%;\n}\n@media (min-width:550px) {\n  #banner-655483741 {\n    padding-top: 630px;\n  }\n}\n<\/style>\n  <\/div>\n\n\n<span class=\"scroll-to\" data-label=\"Scroll to: #sobre\" data-bullet=\"false\" data-link=\"#sobre\" data-title=\"sobre\"><a name=\"sobre\"><\/a><\/span>\n\t<section class=\"section\" id=\"section_1732516210\">\n\t\t<div class=\"bg section-bg fill bg-fill  \" >\n\n\t\t\t\n\t\t\t<div class=\"section-bg-overlay absolute fill\"><\/div>\n\t\t\t\n\n\t\t<\/div>\n\n\t\t<div class=\"section-content relative\">\n\t\t\t\n<div class=\"row row-small align-middle\"  id=\"row-582893956\">\n\n\t<div id=\"col-1430660457\" class=\"col medium-4 small-12 large-4\"  >\n\t\t<div class=\"col-inner\"  >\n\t\t\t\n\t\t\t\n\n  <div class=\"banner has-hover\" id=\"banner-2147248514\">\n          <div class=\"banner-inner fill\">\n        <div class=\"banner-bg fill\" >\n            <div class=\"bg fill bg-fill \"><\/div>\n                                    \n                    <\/div>\n        <div class=\"banner-layers container\">\n            <div class=\"fill banner-link\"><\/div>            \n        <\/div>\n      <\/div>\n\n            \n<style>\n#banner-2147248514 {\n  padding-top: 369px;\n}\n#banner-2147248514 .bg.bg-loaded {\n  background-image: url(https:\/\/segurosaude.com.br\/ana-costa-saude\/wp-content\/uploads\/2023\/05\/ana-costa-saude-1024x906.jpg);\n}\n#banner-2147248514 .bg {\n  background-position: 23% 29%;\n}\n<\/style>\n  <\/div>\n\n\n\t\t<\/div>\n\t\t\t<\/div>\n\n\t\n\n\t<div id=\"col-2023008355\" class=\"col medium-8 small-12 large-8\"  >\n\t\t<div class=\"col-inner\"  >\n\t\t\t\n\t\t\t\n\t<div id=\"text-137676947\" class=\"text\">\n\t\t\n<h2 style=\"text-align: left;\"><span style=\"font-weight: bold; color: #333!important;\"><span style=\"color: #706f70;\">Conhe\u00e7a a <\/span><\/span><span style=\"font-weight: bold; color: #09a14a!important;\">Ana Costa Sa\u00fade<\/span><\/h2>\n<div><strong>Se voc\u00ea mora na regi\u00e3o da Baixada Santista e procura por um plano de sa\u00fade de qualidade, venha para a Ana Costa Sa\u00fade e seja atendido no melhor hospital da regi\u00e3o.<\/strong><\/div>\n<div>\u00a0<\/div>\n<div>Presente na regi\u00e3o h\u00e1 mais de 50 anos, o Hospital Ana Costa vem investindo constantemente em humaniza\u00e7\u00e3o, tecnologia e infraestrutura, trazendo sa\u00fade e qualidade de vida por valores que cabem no seu bolso. Em 2017, a operadora passou a integrar o UnitedHealth Group, um dos maiores grupos de sa\u00fade do mundo, que adquirou a Amil em 2012.<\/div>\n<div>\u00a0<\/div>\n<div>Agora, al\u00e9m de toda infraestrutura oferecida para quem vive em Santos, Guaruj\u00e1, Cubat\u00e3o, S\u00e3o Vicente e Praia Grande, os benefici\u00e1rios contam com a experi\u00eancia e a solidez da Amil, uma das maiores operadoras de sa\u00fade suplementar do mercado nacional. Conhe\u00e7a mais detalhes sobre o plano e fa\u00e7a uma simula\u00e7\u00e3o gratuitamente pelo site, ou entre em contato conosco pelo whatsapp e saiba mais!<\/div>\n\t\t\n<style>\n#text-137676947 {\n  text-align: left;\n}\n<\/style>\n\t<\/div>\n\t\n\t\t<\/div>\n\t\t\t<\/div>\n\n\t\n<\/div>\n\t\t<\/div>\n\n\t\t\n<style>\n#section_1732516210 {\n  padding-top: 30px;\n  padding-bottom: 30px;\n}\n#section_1732516210 .section-bg-overlay {\n  background-color: rgba(255, 255, 255, 0.163);\n}\n#section_1732516210 .section-bg.bg-loaded {\n  background-image: url(https:\/\/segurosaude.com.br\/ana-costa-saude\/wp-content\/uploads\/2021\/04\/bg.png);\n}\n<\/style>\n\t<\/section>\n\t\n<span class=\"scroll-to\" data-label=\"Scroll to: #diferenciais\" data-bullet=\"false\" data-link=\"#diferenciais\" data-title=\"diferenciais\"><a name=\"diferenciais\"><\/a><\/span>\n\t<section class=\"section\" id=\"section_355578358\">\n\t\t<div class=\"bg section-bg fill bg-fill  bg-loaded\" >\n\n\t\t\t\n\t\t\t\n\t\t\t\n\n\t\t<\/div>\n\n\t\t<div class=\"section-content relative\">\n\t\t\t\n<div class=\"row\"  id=\"row-149060417\">\n\n\t<div id=\"col-1046784575\" class=\"col small-12 large-12\"  >\n\t\t<div class=\"col-inner\"  >\n\t\t\t\n\t\t\t\n<h2 style=\"text-align: center;\"><span style=\"font-weight: bold; color: #706f70!important;\"><span style=\"color: #706f70;\">Diferenciais <\/span><\/span><span style=\"font-weight: bold; color: #09a14a!important;\">Ana Costa Sa\u00fade<\/span><\/h2>\n<p style=\"text-align: center;\">Conhe\u00e7a as principais vantagens e benef\u00edcios dos planos da Ana Costa Sa\u00fade.<\/p>\n\t\t<\/div>\n\t\t\t<\/div>\n\n\t\n<\/div>\n<div class=\"row\"  id=\"row-1237347281\">\n\n\t<div id=\"col-426874675\" class=\"col medium-3 small-12 large-3\"  >\n\t\t<div class=\"col-inner\"  >\n\t\t\t\n\t\t\t\n\n\t\t<div class=\"icon-box featured-box icon-box-top text-left\"  >\n\t\t\t\t<div class=\"icon-box-text last-reset\">\n\t\t\t\t\t\t\t\t\t\n<h3 style=\"color: #09a14a;\">Sa\u00fade de Qualidade<\/h3>\n<p>Fazendo parte do port\u00f3lio de planos da Amil, a Ana Costa Sa\u00fade oferece sa\u00fade de qualidade por valores que cabem no seu bolso! Muito mais economia para voc\u00ea e sua fam\u00edlia.<\/p>\n\t\t<\/div>\n\t<\/div>\n\t\n\t\n\t\t<\/div>\n\t\t\t<\/div>\n\n\t\n\n\t<div id=\"col-1553649115\" class=\"col medium-3 small-12 large-3\"  >\n\t\t<div class=\"col-inner\"  >\n\t\t\t\n\t\t\t\n\n\t\t<div class=\"icon-box featured-box icon-box-top text-left\"  >\n\t\t\t\t<div class=\"icon-box-text last-reset\">\n\t\t\t\t\t\t\t\t\t\n<h3 style=\"color: #09a14a;\">Hospital Ana Costa<\/h3>\n<p>O Hospital Ana Costa conta com equipamentos de \u00faltima gera\u00e7\u00e3o, atendimento 24 horas com um corpo m\u00e9dico e profissionais altamente capacitados.<\/p>\n\t\t<\/div>\n\t<\/div>\n\t\n\t\n\t\t<\/div>\n\t\t\t<\/div>\n\n\t\n\n\t<div id=\"col-607252206\" class=\"col medium-3 small-12 large-3\"  >\n\t\t<div class=\"col-inner\"  >\n\t\t\t\n\t\t\t\n\n\t\t<div class=\"icon-box featured-box icon-box-top text-left\"  >\n\t\t\t\t<div class=\"icon-box-text last-reset\">\n\t\t\t\t\t\t\t\t\t\n<h3 style=\"color: #09a14a;\">Valores acess\u00edveis<\/h3>\n<p>Cansado de pagar caro no seu plano de sa\u00fade? Vem pra Ana Costa Sa\u00fade e tenha acesso \u00e0 \u00f3timas vantagens e benef\u00edcios por mensalidades bastante acess\u00edveis.<\/p>\n\t\t<\/div>\n\t<\/div>\n\t\n\t\n\t\t<\/div>\n\t\t\t<\/div>\n\n\t\n\n\t<div id=\"col-1832533609\" class=\"col medium-3 small-12 large-3\"  >\n\t\t<div class=\"col-inner\"  >\n\t\t\t\n\t\t\t\n\n\t\t<div class=\"icon-box featured-box icon-box-top text-left\"  >\n\t\t\t\t<div class=\"icon-box-text last-reset\">\n\t\t\t\t\t\t\t\t\t\n<h3 style=\"color: #09a14a;\">Telemedicina para consultas<\/h3>\n<p>Tenha acesso a m\u00e9dicos capacitados para atendimentos por video chamada. Agende sua consulta com hora marcada, receba receitas m\u00e9dicas e muito mais!<\/p>\n\t\t<\/div>\n\t<\/div>\n\t\n\t\n\t\t<\/div>\n\t\t\t<\/div>\n\n\t\n\n\t<div id=\"col-261204431\" class=\"col medium-3 small-12 large-3\"  >\n\t\t<div class=\"col-inner\"  >\n\t\t\t\n\t\t\t\n\n\t\t<div class=\"icon-box featured-box icon-box-top text-left\"  >\n\t\t\t\t<div class=\"icon-box-text last-reset\">\n\t\t\t\t\t\t\t\t\t\n<h3 style=\"color: #09a14a;\">Programas de Sa\u00fade<\/h3>\n<p>Tenha acesso a diversos programas de sa\u00fade que ir\u00e3o ajudar voc\u00ea a viver melhor, como Programa Emagrecimento, Controle do Tabagismo, entre outros.<\/p>\n\t\t<\/div>\n\t<\/div>\n\t\n\t\n\t\t<\/div>\n\t\t\t<\/div>\n\n\t\n\n\t<div id=\"col-481111439\" class=\"col medium-3 small-12 large-3\"  >\n\t\t<div class=\"col-inner\"  >\n\t\t\t\n\t\t\t\n\n\t\t<div class=\"icon-box featured-box icon-box-top text-left\"  >\n\t\t\t\t<div class=\"icon-box-text last-reset\">\n\t\t\t\t\t\t\t\t\t\n<h3 style=\"color: #09a14a;\">Planos Individuais<\/h3>\n<p>Contratar seu plano de sa\u00fade nunca foi t\u00e3o f\u00e1cil! O plano Ana Costa Sa\u00fade pode ser contratado diretamente pelo seu CPF, sem muita burocracia! Simule j\u00e1.<\/p>\n\t\t<\/div>\n\t<\/div>\n\t\n\t\n\t\t<\/div>\n\t\t\t<\/div>\n\n\t\n\n\t<div id=\"col-1566663857\" class=\"col medium-3 small-12 large-3\"  >\n\t\t<div class=\"col-inner\"  >\n\t\t\t\n\t\t\t\n\n\t\t<div class=\"icon-box featured-box icon-box-top text-left\"  >\n\t\t\t\t<div class=\"icon-box-text last-reset\">\n\t\t\t\t\t\t\t\t\t\n<h3 style=\"color: #09a14a;\">Planos Empresariais<\/h3>\n<p>Procurando por um benef\u00edcio diferenciado para seus colaboradores? O Ana Costa Sa\u00fade Empresarial \u00e9 a solu\u00e7\u00e3o perfeita! Solicite uma cota\u00e7\u00e3o pelo site.<\/p>\n\t\t<\/div>\n\t<\/div>\n\t\n\t\n\t\t<\/div>\n\t\t\t<\/div>\n\n\t\n\n\t<div id=\"col-1401742024\" class=\"col medium-3 small-12 large-3\"  >\n\t\t<div class=\"col-inner\"  >\n\t\t\t\n\t\t\t\n\n\t\t<div class=\"icon-box featured-box icon-box-top text-left\"  >\n\t\t\t\t<div class=\"icon-box-text last-reset\">\n\t\t\t\t\t\t\t\t\t\n<h3 style=\"color: #09a14a;\">Abrang\u00eancia Regional<\/h3>\n<p>O plano de Sa\u00fade Ana Costa Sa\u00fade \u00e9 a solu\u00e7\u00e3o perfeita para voc\u00ea que mora na regi\u00e3o de Santos, Guaruj\u00e1, Cubat\u00e3o, S\u00e3o Vicente e Praia Grande.\u00a0<\/p>\n\t\t<\/div>\n\t<\/div>\n\t\n\t\n\t\t<\/div>\n\t\t\t<\/div>\n\n\t\n<\/div>\n\t\t<\/div>\n\n\t\t\n<style>\n#section_355578358 {\n  padding-top: 47px;\n  padding-bottom: 47px;\n}\n<\/style>\n\t<\/section>\n\t\n<span class=\"scroll-to\" data-label=\"Scroll to: #rede-credenciada\" data-bullet=\"false\" data-link=\"#rede-credenciada\" data-title=\"rede-credenciada\"><a name=\"rede-credenciada\"><\/a><\/span>\n\t<section class=\"section\" id=\"section_153498862\">\n\t\t<div class=\"bg section-bg fill bg-fill  bg-loaded\" >\n\n\t\t\t\n\t\t\t<div class=\"section-bg-overlay absolute fill\"><\/div>\n\t\t\t\n\n\t\t<\/div>\n\n\t\t<div class=\"section-content relative\">\n\t\t\t\n<div class=\"row\"  id=\"row-1282015673\">\n\n\t<div id=\"col-1594590890\" class=\"col small-12 large-12\"  >\n\t\t<div class=\"col-inner\"  >\n\t\t\t\n\t\t\t\n<h2 style=\"text-align: center;\"><span style=\"font-weight: bold; color: #333!important;\"><span style=\"color: #706f70;\">Rede Credenciada <\/span><\/span><span style=\"font-weight: bold; color: #09a14a!important;\">Ana Costa Sa\u00fade<\/span><\/h2>\n<p style=\"text-align: center;\">Confira a rede de atendimento do plano Ana Costa Sa\u00fade.<\/p>\n<div class=\"accordion\" rel=\"\">\n<div class=\"accordion-item\"><a href=\"#\" class=\"accordion-title plain\"><button class=\"toggle\"><i class=\"icon-angle-down\"><\/i><\/button><span>Plano Ana Costa Sa\u00fade Individual<\/span><\/a><div class=\"accordion-inner\">\n<table id=\"table-rede\" class=\"table table-condensed table-striped\">\n<tbody>\n<tr class=\"credenciado-tipo-header\">\n<td>Litoral &#8211; SP<\/td>\n<td class=\"text-center\">Ana Costa [E]<\/td>\n<td class=\"text-center\">Ana Costa [A]<\/td>\n<\/tr>\n<tr>\n<td>H Ana Costa &#8211; Cubat\u00e3o &#8211; Cubat\u00e3o<\/td>\n<td class=\"text-center\">PS<\/td>\n<td class=\"text-center\">PS<\/td>\n<\/tr>\n<tr>\n<td>H Ana Costa &#8211; Dr Alo\u00edsio F &#8211; Santos<\/td>\n<td class=\"text-center\">H, M, PS<\/td>\n<td class=\"text-center\">H, M, PS<\/td>\n<\/tr>\n<tr>\n<td>H Ana Costa &#8211; Guaruj\u00e1 &#8211; Guaruj\u00e1<\/td>\n<td class=\"text-center\">PS<\/td>\n<td class=\"text-center\">PS<\/td>\n<\/tr>\n<tr>\n<td>H Ana Costa &#8211; Praia Grande &#8211; Praia Grande<\/td>\n<td class=\"text-center\">PS<\/td>\n<td class=\"text-center\">PS<\/td>\n<\/tr>\n<tr>\n<td>H Ana Costa &#8211; S\u00e3o Vicente &#8211; S\u00e3o Vicente<\/td>\n<td class=\"text-center\">PS<\/td>\n<td class=\"text-center\">PS<\/td>\n<\/tr>\n<\/tbody>\n<tbody>\n<tr class=\"credenciado-tipo-header\">\n<td>Laborat\u00f3rios<\/td>\n<td class=\"text-center\">Ana Costa [E]<\/td>\n<td class=\"text-center\">Ana Costa [A]<\/td>\n<\/tr>\n<tr>\n<td>Cellula Mater<\/td>\n<td class=\"text-center\">LAB<\/td>\n<td class=\"text-center\">LAB<\/td>\n<\/tr>\n<tr>\n<td>Eurofins &#8211; Pasteur<\/td>\n<td class=\"text-center\">LAB<\/td>\n<td class=\"text-center\">LAB<\/td>\n<\/tr>\n<tr>\n<td>Lab Paulista<\/td>\n<td class=\"text-center\">LAB<\/td>\n<td class=\"text-center\">LAB<\/td>\n<\/tr>\n<\/tbody>\n<\/table>\n<\/div><\/div>\n<div class=\"accordion-item\"><a href=\"#\" class=\"accordion-title plain\"><button class=\"toggle\"><i class=\"icon-angle-down\"><\/i><\/button><span>Plano Ana Costa Sa\u00fade Familiar<\/span><\/a><div class=\"accordion-inner\">\n<table id=\"table-rede\" class=\"table table-condensed table-striped\">\n<tbody>\n<tr class=\"credenciado-tipo-header\">\n<td>Litoral &#8211; SP<\/td>\n<td class=\"text-center\">Ana Costa [E]<\/td>\n<td class=\"text-center\">Ana Costa [A]<\/td>\n<\/tr>\n<tr>\n<td>H Ana Costa &#8211; Cubat\u00e3o &#8211; Cubat\u00e3o<\/td>\n<td class=\"text-center\">PS<\/td>\n<td class=\"text-center\">PS<\/td>\n<\/tr>\n<tr>\n<td>H Ana Costa &#8211; Dr Alo\u00edsio F &#8211; Santos<\/td>\n<td class=\"text-center\">H, M, PS<\/td>\n<td class=\"text-center\">H, M, PS<\/td>\n<\/tr>\n<tr>\n<td>H Ana Costa &#8211; Guaruj\u00e1 &#8211; Guaruj\u00e1<\/td>\n<td class=\"text-center\">PS<\/td>\n<td class=\"text-center\">PS<\/td>\n<\/tr>\n<tr>\n<td>H Ana Costa &#8211; Praia Grande &#8211; Praia Grande<\/td>\n<td class=\"text-center\">PS<\/td>\n<td class=\"text-center\">PS<\/td>\n<\/tr>\n<tr>\n<td>H Ana Costa &#8211; S\u00e3o Vicente &#8211; S\u00e3o Vicente<\/td>\n<td class=\"text-center\">PS<\/td>\n<td class=\"text-center\">PS<\/td>\n<\/tr>\n<\/tbody>\n<tbody>\n<tr class=\"credenciado-tipo-header\">\n<td>Laborat\u00f3rios<\/td>\n<td class=\"text-center\">Ana Costa [E]<\/td>\n<td class=\"text-center\">Ana Costa [A]<\/td>\n<\/tr>\n<tr>\n<td>Cellula Mater<\/td>\n<td class=\"text-center\">LAB<\/td>\n<td class=\"text-center\">LAB<\/td>\n<\/tr>\n<tr>\n<td>Eurofins &#8211; Pasteur<\/td>\n<td class=\"text-center\">LAB<\/td>\n<td class=\"text-center\">LAB<\/td>\n<\/tr>\n<tr>\n<td>Lab Paulista<\/td>\n<td class=\"text-center\">LAB<\/td>\n<td class=\"text-center\">LAB<\/td>\n<\/tr>\n<\/tbody>\n<\/table>\n<\/div><\/div>\n<div class=\"accordion-item\"><a href=\"#\" class=\"accordion-title plain\"><button class=\"toggle\"><i class=\"icon-angle-down\"><\/i><\/button><span>Plano Ana Costa Sa\u00fade Empresarial<\/span><\/a><div class=\"accordion-inner\">\n<table id=\"table-rede\" class=\"table table-condensed table-striped\">\n<tbody>\n<tr class=\"credenciado-tipo-header\">\n<td>Litoral &#8211; SP<\/td>\n<td class=\"text-center\">Ana Costa [E]<\/td>\n<td class=\"text-center\">Ana Costa [A]<\/td>\n<\/tr>\n<tr>\n<td>H Ana Costa &#8211; Cubat\u00e3o &#8211; Cubat\u00e3o<\/td>\n<td class=\"text-center\">PS<\/td>\n<td class=\"text-center\">PS<\/td>\n<\/tr>\n<tr>\n<td>H Ana Costa &#8211; Dr Alo\u00edsio F &#8211; Santos<\/td>\n<td class=\"text-center\">H, M, PS<\/td>\n<td class=\"text-center\">H, M, PS<\/td>\n<\/tr>\n<tr>\n<td>H Ana Costa &#8211; Guaruj\u00e1 &#8211; Guaruj\u00e1<\/td>\n<td class=\"text-center\">PS<\/td>\n<td class=\"text-center\">PS<\/td>\n<\/tr>\n<tr>\n<td>H Ana Costa &#8211; Praia Grande &#8211; Praia Grande<\/td>\n<td class=\"text-center\">PS<\/td>\n<td class=\"text-center\">PS<\/td>\n<\/tr>\n<tr>\n<td>H Ana Costa &#8211; S\u00e3o Vicente &#8211; S\u00e3o Vicente<\/td>\n<td class=\"text-center\">PS<\/td>\n<td class=\"text-center\">PS<\/td>\n<\/tr>\n<\/tbody>\n<tbody>\n<tr class=\"credenciado-tipo-header\">\n<td>Laborat\u00f3rios<\/td>\n<td class=\"text-center\">Ana Costa [E]<\/td>\n<td class=\"text-center\">Ana Costa [A]<\/td>\n<\/tr>\n<\/tbody>\n<\/table>\n<\/div><\/div>\n<\/div>\n\t\t<\/div>\n\t\t\t<\/div>\n\n\t\n<\/div>\n\t\t<\/div>\n\n\t\t\n<style>\n#section_153498862 {\n  padding-top: 47px;\n  padding-bottom: 47px;\n}\n#section_153498862 .section-bg-overlay {\n  background-color: rgb(247, 247, 247);\n}\n<\/style>\n\t<\/section>\n\t\n","protected":false},"excerpt":{"rendered":"","protected":false},"author":1,"featured_media":0,"parent":0,"menu_order":0,"comment_status":"closed","ping_status":"closed","template":"page-blank.php","meta":{"inline_featured_image":false,"footnotes":""},"class_list":["post-7","page","type-page","status-publish","hentry"],"_links":{"self":[{"href":"https:\/\/segurosaude.com.br\/ana-costa-saude\/wp-json\/wp\/v2\/pages\/7","targetHints":{"allow":["GET"]}}],"collection":[{"href":"https:\/\/segurosaude.com.br\/ana-costa-saude\/wp-json\/wp\/v2\/pages"}],"about":[{"href":"https:\/\/segurosaude.com.br\/ana-costa-saude\/wp-json\/wp\/v2\/types\/page"}],"author":[{"embeddable":true,"href":"https:\/\/segurosaude.com.br\/ana-costa-saude\/wp-json\/wp\/v2\/users\/1"}],"replies":[{"embeddable":true,"href":"https:\/\/segurosaude.com.br\/ana-costa-saude\/wp-json\/wp\/v2\/comments?post=7"}],"version-history":[{"count":102,"href":"https:\/\/segurosaude.com.br\/ana-costa-saude\/wp-json\/wp\/v2\/pages\/7\/revisions"}],"predecessor-version":[{"id":1337,"href":"https:\/\/segurosaude.com.br\/ana-costa-saude\/wp-json\/wp\/v2\/pages\/7\/revisions\/1337"}],"wp:attachment":[{"href":"https:\/\/segurosaude.com.br\/ana-costa-saude\/wp-json\/wp\/v2\/media?parent=7"}],"curies":[{"name":"wp","href":"https:\/\/api.w.org\/{rel}","templated":true}]}}