{"id":7,"date":"2021-04-30T18:13:08","date_gmt":"2021-04-30T18:13:08","guid":{"rendered":"https:\/\/segurosaude.com.br\/ampla-saude\/?page_id=7"},"modified":"2025-01-15T19:15:05","modified_gmt":"2025-01-15T19:15:05","slug":"home","status":"publish","type":"page","link":"https:\/\/segurosaude.com.br\/ampla-saude\/","title":{"rendered":"Home"},"content":{"rendered":"\n  <div class=\"banner has-hover\" id=\"banner-1602374733\">\n          <div class=\"banner-inner fill\">\n        <div class=\"banner-bg fill\" >\n            <div class=\"bg fill bg-fill \"><\/div>\n                        <div class=\"overlay\"><\/div>            \n                    <\/div>\n        <div class=\"banner-layers container\">\n            <div class=\"fill banner-link\"><\/div>            \n   <div id=\"text-box-1459601737\" class=\"text-box banner-layer x5 md-x0 lg-x0 y50 md-y50 lg-y50 res-text\">\n                                <div class=\"text-box-content text dark\">\n              \n              <div class=\"text-inner text-left\">\n                  \n<h2 class=\"uppercase\"><strong>Seguro Sa\u00fade AMPLA SA\u00daDE<\/strong><\/h2>\n<h3>\u00d3timas op\u00e7\u00f5es de hospitais e laborat\u00f3rios<\/h3>\n<p>Na Ampla Sa\u00fade voc\u00ea encontra tudo que precisa para cuidar melhor da sua sa\u00fade!<\/p>\n<a href=\"#sobre\" target=\"_self\" class=\"button primary\"  style=\"border-radius:99px;\">\n    <span>conhe\u00e7a o plano<\/span>\n  <\/a>\n\n<a href=\"#simulacao-ampla-saude\" target=\"_self\" class=\"button secondary hide-for-small\"  style=\"border-radius:99px;\">\n    <span>simule agora<\/span>\n  <\/a>\n\n              <\/div>\n           <\/div>\n                            \n<style>\n#text-box-1459601737 {\n  width: 93%;\n}\n#text-box-1459601737 .text-box-content {\n  font-size: 156%;\n}\n@media (min-width:550px) {\n  #text-box-1459601737 {\n    width: 41%;\n  }\n  #text-box-1459601737 .text-box-content {\n    font-size: 100%;\n  }\n}\n<\/style>\n    <\/div>\n \n   <div id=\"text-box-1653212644\" class=\"text-box banner-layer hide-for-small x5 md-x100 lg-x100 y40 md-y50 lg-y50 res-text\">\n                                <div class=\"text-box-content text dark\">\n              \n              <div class=\"text-inner text-left\">\n                  \n<p><a href=\"#simulacao-ampla-saude\"><img decoding=\"async\" data-src=\"https:\/\/segurosaude.com.br\/ampla-saude\/wp-content\/uploads\/2023\/07\/simular-ampla-saude.png\" src=\"data:image\/svg+xml;base64,PHN2ZyB3aWR0aD0iMSIgaGVpZ2h0PSIxIiB4bWxucz0iaHR0cDovL3d3dy53My5vcmcvMjAwMC9zdmciPjwvc3ZnPg==\" class=\"lazyload\" style=\"--smush-placeholder-width: 486px; --smush-placeholder-aspect-ratio: 486\/348;\" \/><\/a><\/p>\n              <\/div>\n           <\/div>\n                            \n<style>\n#text-box-1653212644 {\n  width: 91%;\n}\n#text-box-1653212644 .text-box-content {\n  font-size: 100%;\n}\n@media (min-width:550px) {\n  #text-box-1653212644 {\n    width: 45%;\n  }\n}\n<\/style>\n    <\/div>\n \n        <\/div>\n      <\/div>\n\n            \n<style>\n#banner-1602374733 {\n  padding-top: 100%;\n}\n#banner-1602374733 .bg.bg-loaded {\n  background-image: url(https:\/\/segurosaude.com.br\/ampla-saude\/wp-content\/uploads\/2023\/07\/why-is-family-important-for-happiness.jpg.36bc67b96157808f29834f42987cb184-1024x683.jpg);\n}\n#banner-1602374733 .overlay {\n  background-color: rgba(0, 0, 0, 0.424);\n}\n#banner-1602374733 .bg {\n  background-position: 20% 9%;\n}\n@media (min-width:550px) {\n  #banner-1602374733 {\n    padding-top: 630px;\n  }\n}\n<\/style>\n  <\/div>\n\n\n<span class=\"scroll-to\" data-label=\"Scroll to: #sobre\" data-bullet=\"false\" data-link=\"#sobre\" data-title=\"sobre\"><a name=\"sobre\"><\/a><\/span>\n\t<section class=\"section\" id=\"section_235369729\">\n\t\t<div class=\"bg section-bg fill bg-fill  \" >\n\n\t\t\t\n\t\t\t<div class=\"section-bg-overlay absolute fill\"><\/div>\n\t\t\t\n\n\t\t<\/div>\n\n\t\t<div class=\"section-content relative\">\n\t\t\t\n<div class=\"row row-small align-middle\"  id=\"row-294640388\">\n\n\t<div id=\"col-1185113005\" class=\"col medium-4 small-12 large-4\"  >\n\t\t<div class=\"col-inner\"  >\n\t\t\t\n\t\t\t\n\n  <div class=\"banner has-hover\" id=\"banner-168519173\">\n          <div class=\"banner-inner fill\">\n        <div class=\"banner-bg fill\" >\n            <div class=\"bg fill bg-fill \"><\/div>\n                                    \n                    <\/div>\n        <div class=\"banner-layers container\">\n            <div class=\"fill banner-link\"><\/div>            \n        <\/div>\n      <\/div>\n\n            \n<style>\n#banner-168519173 {\n  padding-top: 234px;\n}\n#banner-168519173 .bg.bg-loaded {\n  background-image: url(https:\/\/segurosaude.com.br\/ampla-saude\/wp-content\/uploads\/2023\/07\/Moldura_Imagens.webp);\n}\n#banner-168519173 .bg {\n  background-position: 15% 35%;\n}\n<\/style>\n  <\/div>\n\n\n\t\t<\/div>\n\t\t\t<\/div>\n\n\t\n\n\t<div id=\"col-996767445\" class=\"col medium-8 small-12 large-8\"  >\n\t\t<div class=\"col-inner\"  >\n\t\t\t\n\t\t\t\n\t<div id=\"text-755801802\" class=\"text\">\n\t\t\n<h2 style=\"text-align: left;\"><span style=\"font-weight: bold; color: #333!important;\"><span style=\"color: #333;\">Conhe\u00e7a a <\/span><\/span><span style=\"font-weight: bold; color: #fe5000!important;\">Ampla Sa\u00fade<\/span><\/h2>\n<div><strong>A Ampla Sa\u00fade \u00e9 uma operadora que est\u00e1 em constante evolu\u00e7\u00e3o digital, buscando trazer o que h\u00e1 de mais avan\u00e7ado para voc\u00ea cuidar da sua sa\u00fade e bem-estar.<\/strong><\/div>\n<div>\u00a0<\/div>\n<div>A Ampla Sa\u00fade entende que a ci\u00eancia est\u00e1 em constante desenvolvimento. Por isso, o conceito de Health Tech norteia grande parte dos seus servi\u00e7os, aliando sa\u00fade e tecnologia. Por meio do Ampla Hub, voc\u00ea tem acesso a todas as informa\u00e7\u00f5es sobre seu plano, como carteirinha digital, busca de rede credenciada e muito mais.<\/div>\n\t\t\n<style>\n#text-755801802 {\n  text-align: left;\n}\n<\/style>\n\t<\/div>\n\t\n\t\t<\/div>\n\t\t\t<\/div>\n\n\t\n<\/div>\n\t\t<\/div>\n\n\t\t\n<style>\n#section_235369729 {\n  padding-top: 30px;\n  padding-bottom: 30px;\n}\n#section_235369729 .section-bg-overlay {\n  background-color: rgba(255, 255, 255, 0.163);\n}\n#section_235369729 .section-bg.bg-loaded {\n  background-image: url(https:\/\/segurosaude.com.br\/ampla-saude\/wp-content\/uploads\/2021\/04\/bg.png);\n}\n<\/style>\n\t<\/section>\n\t\n\t<div id=\"text-3906926003\" class=\"text\">\n\t\t\n<p><img decoding=\"async\" style=\"--smush-placeholder-width: 2542px; --smush-placeholder-aspect-ratio: 2542\/9;margin-top: -15px; margin-bottom: -15px;\" data-src=\"https:\/\/segurosaude.com.br\/ampla-saude\/wp-content\/uploads\/2022\/10\/degrade-unica.png\" src=\"data:image\/svg+xml;base64,PHN2ZyB3aWR0aD0iMSIgaGVpZ2h0PSIxIiB4bWxucz0iaHR0cDovL3d3dy53My5vcmcvMjAwMC9zdmciPjwvc3ZnPg==\" class=\"lazyload\" \/><br \/>\n\t\t\n<style>\n#text-3906926003 {\n  line-height: 0.75;\n}\n<\/style>\n\t<\/div>\n\t\n<div class=\"row row-collapse row-full-width rowfixplena\"  id=\"row-96646873\">\n\n\t<div id=\"col-1720855127\" class=\"col medium-4 small-12 large-4\"  >\n\t\t<div class=\"col-inner dark\" style=\"background-color:rgb(255, 64, 64);\" >\n\t\t\t\n\t\t\t\n<h3>Ampla Pop<\/h3>\n<p>O plano de sa\u00fade mais econ\u00f4mico da Ampla Sa\u00fade, garante atendimento ambulatorial com acesso a exames, consultas m\u00e9dicas, atendimento emergencial em pronto socorro e procedimentos m\u00e9dicos ambulatoriais. Contrata\u00e7\u00e3o via Ades\u00e3o ou Empresarial.<\/p>\n<a href=\"#simulacao-ampla-saude\" target=\"_self\" class=\"button alert\"  >\n    <span>SIMULE AGORA<\/span>\n  <\/a>\n\n\t\t<\/div>\n\t\t\n<style>\n#col-1720855127 > .col-inner {\n  padding: 15px 15px 0px 15px;\n}\n<\/style>\n\t<\/div>\n\n\t\n\n\t<div id=\"col-1396364702\" class=\"col medium-4 small-12 large-4\"  >\n\t\t<div class=\"col-inner dark\" style=\"background-color:rgb(180, 90, 211);\" >\n\t\t\t\n\t\t\t\n<h3>Ampla Joy<\/h3>\n<p>O plano Ampla Joy oferece mais seguran\u00e7a em todos os momentos do seu dia-a-dia, garantindo cobertura para interna\u00e7\u00e3o em apartamento, consultas em consult\u00f3rios e cl\u00ednicas, exames simples e de alta complexidade e muito mais! Contrata\u00e7\u00e3o exclusivamente via Ades\u00e3o.<\/p>\n<a href=\"#simulacao-ampla-saude\" target=\"_self\" class=\"button alert\"  >\n    <span>SIMULE AGORA<\/span>\n  <\/a>\n\n\t\t<\/div>\n\t\t\n<style>\n#col-1396364702 > .col-inner {\n  padding: 15px 15px 0 15px;\n}\n<\/style>\n\t<\/div>\n\n\t\n\n\t<div id=\"col-484912213\" class=\"col medium-4 small-12 large-4\"  >\n\t\t<div class=\"col-inner dark\" style=\"background-color:rgb(255, 211, 0);\" >\n\t\t\t\n\t\t\t\n\t<div id=\"text-2692374645\" class=\"text\">\n\t\t\n<h3>Ampla Pro<\/h3>\n<p>O plano Ampla Pro \u00e9 exclusivo para empresas e oferece atendimento hospitalar dentro de uma rede qualificada, al\u00e9m de consultas, exames, procedimentos m\u00e9dicos e atendimento de urg\u00eancia e emerg\u00eancia em hospitais. Simule agora mesmo!<\/p>\n\t\t\n<style>\n#text-2692374645 {\n  color: rgb(117, 117, 117);\n}\n#text-2692374645 > * {\n  color: rgb(117, 117, 117);\n}\n<\/style>\n\t<\/div>\n\t\n<a href=\"#simulacao-ampla-saude\" target=\"_self\" class=\"button alert\"  >\n    <span>SIMULE AGORA<\/span>\n  <\/a>\n\n\t\t<\/div>\n\t\t\n<style>\n#col-484912213 > .col-inner {\n  padding: 15px 15px 0 15px;\n}\n<\/style>\n\t<\/div>\n\n\t\n<\/div>\n<span class=\"scroll-to\" data-label=\"Scroll to: #diferenciais\" data-bullet=\"false\" data-link=\"#diferenciais\" data-title=\"diferenciais\"><a name=\"diferenciais\"><\/a><\/span>\n\t<section class=\"section\" id=\"section_381958568\">\n\t\t<div class=\"bg section-bg fill bg-fill  bg-loaded\" >\n\n\t\t\t\n\t\t\t\n\t\t\t\n\n\t\t<\/div>\n\n\t\t<div class=\"section-content relative\">\n\t\t\t\n<div class=\"row\"  id=\"row-2051366179\">\n\n\t<div id=\"col-1416608454\" class=\"col small-12 large-12\"  >\n\t\t<div class=\"col-inner\"  >\n\t\t\t\n\t\t\t\n<h2 style=\"text-align: center;\"><span style=\"font-weight: bold; color: #333 !important;\"><span style=\"color: #333;\">Diferenciais <\/span><\/span><span style=\"font-weight: bold; color: #FE5000!important;\">Ampla Sa\u00fade<\/span><\/h2>\n<p style=\"text-align: center;\">Confira alguns motivos para contratar um plano da Ampla Sa\u00fade.<\/p>\n\t\t<\/div>\n\t\t\t<\/div>\n\n\t\n<\/div>\n<div class=\"row\"  id=\"row-1562266847\">\n\n\t<div id=\"col-1358716265\" class=\"col medium-3 small-12 large-3\"  >\n\t\t<div class=\"col-inner\"  >\n\t\t\t\n\t\t\t\n\n\t\t<div class=\"icon-box featured-box icon-box-top text-left\"  >\n\t\t\t\t<div class=\"icon-box-text last-reset\">\n\t\t\t\t\t\t\t\t\t\n<h3 style=\"color: #fe5000;\">Ampla Rede Credenciada<\/h3>\n<p>Com a Ampla Sa\u00fade voc\u00ea \u00e9 atendido em \u00f3timos hospitais e laborat\u00f3rios em diversas regi\u00f5es do pa\u00eds. Simule pelo site j\u00e1!<\/p>\n\t\t<\/div>\n\t<\/div>\n\t\n\t\n\t\t<\/div>\n\t\t\t<\/div>\n\n\t\n\n\t<div id=\"col-1562864617\" class=\"col medium-3 small-12 large-3\"  >\n\t\t<div class=\"col-inner\"  >\n\t\t\t\n\t\t\t\n\n\t\t<div class=\"icon-box featured-box icon-box-top text-left\"  >\n\t\t\t\t<div class=\"icon-box-text last-reset\">\n\t\t\t\t\t\t\t\t\t\n<h3 style=\"color: #fe5000;\">Ampla Hub<\/h3>\n<p>O Ampla Hub \u00e9 um aplicativo exclusivo da Ampla Sa\u00fade que ajuda voc\u00ea a cuidar melhor da sua sa\u00fade e bem-estar.<\/p>\n\t\t<\/div>\n\t<\/div>\n\t\n\t\n\t\t<\/div>\n\t\t\t<\/div>\n\n\t\n\n\t<div id=\"col-273470043\" class=\"col medium-3 small-12 large-3\"  >\n\t\t<div class=\"col-inner\"  >\n\t\t\t\n\t\t\t\n\n\t\t<div class=\"icon-box featured-box icon-box-top text-left\"  >\n\t\t\t\t<div class=\"icon-box-text last-reset\">\n\t\t\t\t\t\t\t\t\t\n<h3 style=\"color: #fe5000;\">Health Tech<\/h3>\n<p>A Ampla Sa\u00fade tem como principal objetivo trazer solu\u00e7\u00f5es digitais inovadoras para seus benefici\u00e1rios. Solicite uma cota\u00e7\u00e3o agora mesmo!<\/p>\n\t\t<\/div>\n\t<\/div>\n\t\n\t\n\t\t<\/div>\n\t\t\t<\/div>\n\n\t\n\n\t<div id=\"col-1916449586\" class=\"col medium-3 small-12 large-3\"  >\n\t\t<div class=\"col-inner\"  >\n\t\t\t\n\t\t\t\n\n\t\t<div class=\"icon-box featured-box icon-box-top text-left\"  >\n\t\t\t\t<div class=\"icon-box-text last-reset\">\n\t\t\t\t\t\t\t\t\t\n<h3 style=\"color: #fe5000;\">Variedade de Planos<\/h3>\n<p>Na Ampla Sa\u00fade voc\u00ea encontra diversas op\u00e7\u00f5es de planos com contrata\u00e7\u00e3o via Ades\u00e3o ou Empresarial.<\/p>\n\t\t<\/div>\n\t<\/div>\n\t\n\t\n\t\t<\/div>\n\t\t\t<\/div>\n\n\t\n\n\t<div id=\"col-2062293697\" class=\"col medium-3 small-12 large-3\"  >\n\t\t<div class=\"col-inner\"  >\n\t\t\t\n\t\t\t\n\n\t\t<div class=\"icon-box featured-box icon-box-top text-left\"  >\n\t\t\t\t<div class=\"icon-box-text last-reset\">\n\t\t\t\t\t\t\t\t\t\n<h3 style=\"color: #fe5000;\">Valores Acess\u00edveis<\/h3>\n<p>Mais economia: com o Ampla Pop voc\u00ea conta com atendimento ambulatorial por valores que cabem no seu bolso.<\/p>\n\t\t<\/div>\n\t<\/div>\n\t\n\t\n\t\t<\/div>\n\t\t\t<\/div>\n\n\t\n\n\t<div id=\"col-1744724152\" class=\"col medium-3 small-12 large-3\"  >\n\t\t<div class=\"col-inner\"  >\n\t\t\t\n\t\t\t\n\n\t\t<div class=\"icon-box featured-box icon-box-top text-left\"  >\n\t\t\t\t<div class=\"icon-box-text last-reset\">\n\t\t\t\t\t\t\t\t\t\n<h3 style=\"color: #fe5000;\">Plano Ampla Pro<\/h3>\n<p>Plano de sa\u00fade empresarial com cobertura completa para consultas, exames, procedimentos m\u00e9dicos e muito mais!<\/p>\n\t\t<\/div>\n\t<\/div>\n\t\n\t\n\t\t<\/div>\n\t\t\t<\/div>\n\n\t\n\n\t<div id=\"col-2002021419\" class=\"col medium-3 small-12 large-3\"  >\n\t\t<div class=\"col-inner\"  >\n\t\t\t\n\t\t\t\n\n\t\t<div class=\"icon-box featured-box icon-box-top text-left\"  >\n\t\t\t\t<div class=\"icon-box-text last-reset\">\n\t\t\t\t\t\t\t\t\t\n<h3 style=\"color: #fe5000;\">Parceria Gama Sa\u00fade<\/h3>\n<p>Alguns planos da Ampla Sa\u00fade possuem parceria com a maior rede credenciada do Brasil: a Gama Sa\u00fade. Simule e saiba mais.<\/p>\n\t\t<\/div>\n\t<\/div>\n\t\n\t\n\t\t<\/div>\n\t\t\t<\/div>\n\n\t\n\n\t<div id=\"col-1106315937\" class=\"col medium-3 small-12 large-3\"  >\n\t\t<div class=\"col-inner\"  >\n\t\t\t\n\t\t\t\n\n\t\t<div class=\"icon-box featured-box icon-box-top text-left\"  >\n\t\t\t\t<div class=\"icon-box-text last-reset\">\n\t\t\t\t\t\t\t\t\t\n<h3 style=\"color: #fe5000;\">Cota\u00e7\u00e3o Online<\/h3>\n<p>Simule e compare as op\u00e7\u00f5es de planos da Ampla Sa\u00fade gratuitamente pelo site. Ajudamos voc\u00ea na escolha do melhor plano.<\/p>\n\t\t<\/div>\n\t<\/div>\n\t\n\t\n\t\t<\/div>\n\t\t\t<\/div>\n\n\t\n<\/div>\n\t\t<\/div>\n\n\t\t\n<style>\n#section_381958568 {\n  padding-top: 47px;\n  padding-bottom: 47px;\n}\n<\/style>\n\t<\/section>\n\t\n<span class=\"scroll-to\" data-label=\"Scroll to: #rede-credenciada\" data-bullet=\"false\" data-link=\"#rede-credenciada\" data-title=\"rede-credenciada\"><a name=\"rede-credenciada\"><\/a><\/span>\n\t<section class=\"section\" id=\"section_365323010\">\n\t\t<div class=\"bg section-bg fill bg-fill  bg-loaded\" >\n\n\t\t\t\n\t\t\t<div class=\"section-bg-overlay absolute fill\"><\/div>\n\t\t\t\n\n\t\t<\/div>\n\n\t\t<div class=\"section-content relative\">\n\t\t\t\n<div class=\"row\"  id=\"row-784980775\">\n\n\t<div id=\"col-1973645541\" class=\"col small-12 large-12\"  >\n\t\t<div class=\"col-inner\"  >\n\t\t\t\n\t\t\t\n<h2 style=\"text-align: center;\"><span style=\"font-weight: bold; color: #333!important;\"><span style=\"color: #333;\">Rede Credenciada <\/span><\/span><span style=\"font-weight: bold; color: #fe5000!important;\">Ampla Sa\u00fade<\/span><\/h2>\n<p style=\"text-align: center;\">Confira alguns exemplos de atendimento da Ampla Sa\u00fade:<\/p>\n<div class=\"row\"  id=\"row-1178686699\">\n\n\t<div id=\"col-618840330\" class=\"col medium-3 small-6 large-3\"  >\n\t\t<div class=\"col-inner\"  >\n\t\t\t\n\t\t\t\n\t<div class=\"img has-hover x md-x lg-x y md-y lg-y\" id=\"image_363667959\">\n\t\t\t\t\t\t\t\t<div class=\"img-inner image-cover dark\" style=\"padding-top:151px;\">\n\t\t\t<img decoding=\"async\" width=\"720\" height=\"480\" data-src=\"https:\/\/segurosaude.com.br\/ampla-saude\/wp-content\/uploads\/2023\/07\/altas_hu_portal.jpg\" class=\"attachment-large size-large lazyload\" alt=\"\" data-srcset=\"https:\/\/segurosaude.com.br\/ampla-saude\/wp-content\/uploads\/2023\/07\/altas_hu_portal.jpg 720w, https:\/\/segurosaude.com.br\/ampla-saude\/wp-content\/uploads\/2023\/07\/altas_hu_portal-300x200.jpg 300w\" data-sizes=\"(max-width: 720px) 100vw, 720px\" src=\"data:image\/svg+xml;base64,PHN2ZyB3aWR0aD0iMSIgaGVpZ2h0PSIxIiB4bWxucz0iaHR0cDovL3d3dy53My5vcmcvMjAwMC9zdmciPjwvc3ZnPg==\" style=\"--smush-placeholder-width: 720px; --smush-placeholder-aspect-ratio: 720\/480;\" \/>\t\t\t\t\t\t\n\t\t\t\t\t<\/div>\n\t\t\t\t\t\t\t\t\n<style>\n#image_363667959 {\n  width: 100%;\n}\n<\/style>\n\t<\/div>\n\t\n<p style=\"text-align: center; margin-top:-10px\"><strong>Hospital S\u00e3o Paulo &#8211; SP<\/strong><\/p>\n\t\t<\/div>\n\t\t\t<\/div>\n\n\t\n\n\t<div id=\"col-1473457621\" class=\"col medium-3 small-6 large-3\"  >\n\t\t<div class=\"col-inner\"  >\n\t\t\t\n\t\t\t\n\t<div class=\"img has-hover x md-x lg-x y md-y lg-y\" id=\"image_1806289999\">\n\t\t\t\t\t\t\t\t<div class=\"img-inner image-cover dark\" style=\"padding-top:151px;\">\n\t\t\t<img decoding=\"async\" width=\"520\" height=\"370\" data-src=\"https:\/\/segurosaude.com.br\/ampla-saude\/wp-content\/uploads\/2023\/07\/hospital-igesp-capa.jpg\" class=\"attachment-large size-large lazyload\" alt=\"\" data-srcset=\"https:\/\/segurosaude.com.br\/ampla-saude\/wp-content\/uploads\/2023\/07\/hospital-igesp-capa.jpg 520w, https:\/\/segurosaude.com.br\/ampla-saude\/wp-content\/uploads\/2023\/07\/hospital-igesp-capa-300x213.jpg 300w\" data-sizes=\"(max-width: 520px) 100vw, 520px\" src=\"data:image\/svg+xml;base64,PHN2ZyB3aWR0aD0iMSIgaGVpZ2h0PSIxIiB4bWxucz0iaHR0cDovL3d3dy53My5vcmcvMjAwMC9zdmciPjwvc3ZnPg==\" style=\"--smush-placeholder-width: 520px; --smush-placeholder-aspect-ratio: 520\/370;\" \/>\t\t\t\t\t\t\n\t\t\t\t\t<\/div>\n\t\t\t\t\t\t\t\t\n<style>\n#image_1806289999 {\n  width: 100%;\n}\n<\/style>\n\t<\/div>\n\t\n<p style=\"text-align: center; margin-top:-10px\"><strong>IGESP &#8211; SP<\/strong><\/p>\n\t\t<\/div>\n\t\t\t<\/div>\n\n\t\n\n\t<div id=\"col-1913497431\" class=\"col medium-3 small-6 large-3\"  >\n\t\t<div class=\"col-inner\"  >\n\t\t\t\n\t\t\t\n\t<div class=\"img has-hover x md-x lg-x y md-y lg-y\" id=\"image_2138809888\">\n\t\t\t\t\t\t\t\t<div class=\"img-inner image-cover dark\" style=\"padding-top:151px;\">\n\t\t\t<img decoding=\"async\" width=\"640\" height=\"316\" data-src=\"https:\/\/segurosaude.com.br\/ampla-saude\/wp-content\/uploads\/2023\/07\/hospital_nipo.jpg\" class=\"attachment-large size-large lazyload\" alt=\"\" data-srcset=\"https:\/\/segurosaude.com.br\/ampla-saude\/wp-content\/uploads\/2023\/07\/hospital_nipo.jpg 640w, https:\/\/segurosaude.com.br\/ampla-saude\/wp-content\/uploads\/2023\/07\/hospital_nipo-300x148.jpg 300w\" data-sizes=\"(max-width: 640px) 100vw, 640px\" src=\"data:image\/svg+xml;base64,PHN2ZyB3aWR0aD0iMSIgaGVpZ2h0PSIxIiB4bWxucz0iaHR0cDovL3d3dy53My5vcmcvMjAwMC9zdmciPjwvc3ZnPg==\" style=\"--smush-placeholder-width: 640px; --smush-placeholder-aspect-ratio: 640\/316;\" \/>\t\t\t\t\t\t\n\t\t\t\t\t<\/div>\n\t\t\t\t\t\t\t\t\n<style>\n#image_2138809888 {\n  width: 100%;\n}\n<\/style>\n\t<\/div>\n\t\n<p style=\"text-align: center; margin-top:-10px\"><strong>Hospital Nipo Brasileiro &#8211; SP<\/strong><\/p>\n\t\t<\/div>\n\t\t\t<\/div>\n\n\t\n\n\t<div id=\"col-893230487\" class=\"col medium-3 small-6 large-3\"  >\n\t\t<div class=\"col-inner\"  >\n\t\t\t\n\t\t\t\n\t<div class=\"img has-hover x md-x lg-x y md-y lg-y\" id=\"image_1707270803\">\n\t\t\t\t\t\t\t\t<div class=\"img-inner image-cover dark\" style=\"padding-top:151px;\">\n\t\t\t<img decoding=\"async\" width=\"800\" height=\"600\" data-src=\"https:\/\/segurosaude.com.br\/ampla-saude\/wp-content\/uploads\/2023\/07\/hospita-alemao-oswaldo-cruz.jpg\" class=\"attachment-large size-large lazyload\" alt=\"\" data-srcset=\"https:\/\/segurosaude.com.br\/ampla-saude\/wp-content\/uploads\/2023\/07\/hospita-alemao-oswaldo-cruz.jpg 800w, https:\/\/segurosaude.com.br\/ampla-saude\/wp-content\/uploads\/2023\/07\/hospita-alemao-oswaldo-cruz-300x225.jpg 300w, https:\/\/segurosaude.com.br\/ampla-saude\/wp-content\/uploads\/2023\/07\/hospita-alemao-oswaldo-cruz-768x576.jpg 768w\" data-sizes=\"(max-width: 800px) 100vw, 800px\" src=\"data:image\/svg+xml;base64,PHN2ZyB3aWR0aD0iMSIgaGVpZ2h0PSIxIiB4bWxucz0iaHR0cDovL3d3dy53My5vcmcvMjAwMC9zdmciPjwvc3ZnPg==\" style=\"--smush-placeholder-width: 800px; --smush-placeholder-aspect-ratio: 800\/600;\" \/>\t\t\t\t\t\t\n\t\t\t\t\t<\/div>\n\t\t\t\t\t\t\t\t\n<style>\n#image_1707270803 {\n  width: 100%;\n}\n<\/style>\n\t<\/div>\n\t\n<p style=\"text-align: center; margin-top: -10px;\"><strong>Oswaldo Cruz Vergueiro &#8211; SP<\/strong><\/p>\n\t\t<\/div>\n\t\t\t<\/div>\n\n\t\n<\/div>\n\t\t<\/div>\n\t\t\t<\/div>\n\n\t\n<\/div>\n\t\t<\/div>\n\n\t\t\n<style>\n#section_365323010 {\n  padding-top: 47px;\n  padding-bottom: 47px;\n}\n#section_365323010 .section-bg-overlay {\n  background-color: rgb(247, 247, 247);\n}\n<\/style>\n\t<\/section>\n\t\n","protected":false},"excerpt":{"rendered":"","protected":false},"author":1,"featured_media":0,"parent":0,"menu_order":0,"comment_status":"closed","ping_status":"closed","template":"page-blank.php","meta":{"inline_featured_image":false,"footnotes":""},"class_list":["post-7","page","type-page","status-publish","hentry"],"_links":{"self":[{"href":"https:\/\/segurosaude.com.br\/ampla-saude\/wp-json\/wp\/v2\/pages\/7","targetHints":{"allow":["GET"]}}],"collection":[{"href":"https:\/\/segurosaude.com.br\/ampla-saude\/wp-json\/wp\/v2\/pages"}],"about":[{"href":"https:\/\/segurosaude.com.br\/ampla-saude\/wp-json\/wp\/v2\/types\/page"}],"author":[{"embeddable":true,"href":"https:\/\/segurosaude.com.br\/ampla-saude\/wp-json\/wp\/v2\/users\/1"}],"replies":[{"embeddable":true,"href":"https:\/\/segurosaude.com.br\/ampla-saude\/wp-json\/wp\/v2\/comments?post=7"}],"version-history":[{"count":109,"href":"https:\/\/segurosaude.com.br\/ampla-saude\/wp-json\/wp\/v2\/pages\/7\/revisions"}],"predecessor-version":[{"id":1445,"href":"https:\/\/segurosaude.com.br\/ampla-saude\/wp-json\/wp\/v2\/pages\/7\/revisions\/1445"}],"wp:attachment":[{"href":"https:\/\/segurosaude.com.br\/ampla-saude\/wp-json\/wp\/v2\/media?parent=7"}],"curies":[{"name":"wp","href":"https:\/\/api.w.org\/{rel}","templated":true}]}}