{"id":7,"date":"2021-04-30T18:13:08","date_gmt":"2021-04-30T18:13:08","guid":{"rendered":"https:\/\/segurosaude.com.br\/alice-saude\/?page_id=7"},"modified":"2025-01-15T19:16:05","modified_gmt":"2025-01-15T19:16:05","slug":"home","status":"publish","type":"page","link":"https:\/\/segurosaude.com.br\/alice-saude\/","title":{"rendered":"Home"},"content":{"rendered":"\n  <div class=\"banner has-hover\" id=\"banner-1353318270\">\n          <div class=\"banner-inner fill\">\n        <div class=\"banner-bg fill\" >\n            <div class=\"bg fill bg-fill \"><\/div>\n                        <div class=\"overlay\"><\/div>            \n                    <\/div>\n        <div class=\"banner-layers container\">\n            <div class=\"fill banner-link\"><\/div>            \n   <div id=\"text-box-212430693\" class=\"text-box banner-layer x5 md-x5 lg-x5 y50 md-y50 lg-y50 res-text\">\n                                <div class=\"text-box-content text dark\">\n              \n              <div class=\"text-inner text-left\">\n                  \n<h2 class=\"uppercase\"><strong>Seguro Sa\u00fade Alice sa\u00fade<\/strong><\/h2>\n<h3>PLANO DE SA\u00daDE COMO DEVE SER<\/h3>\n<p>Com a Alice Sa\u00fade voc\u00ea e seus funcion\u00e1rios contam com \u00f3timas op\u00e7\u00f5es de atendimento, al\u00e9m das menores taxas de reajuste entre os principais planos de sa\u00fade do mercado.<\/p>\n<a href=\"#planos\" target=\"_self\" class=\"button primary\"  style=\"border-radius:99px;\">\n    <span>conhe\u00e7a o plano<\/span>\n  <\/a>\n\n<a href=\"#simulacao-alice-saude\" target=\"_self\" class=\"button secondary hide-for-small\"  style=\"border-radius:99px;\">\n    <span>simule agora<\/span>\n  <\/a>\n\n              <\/div>\n           <\/div>\n                            \n<style>\n#text-box-212430693 {\n  width: 93%;\n}\n#text-box-212430693 .text-box-content {\n  font-size: 156%;\n}\n@media (min-width:550px) {\n  #text-box-212430693 {\n    width: 41%;\n  }\n  #text-box-212430693 .text-box-content {\n    font-size: 100%;\n  }\n}\n<\/style>\n    <\/div>\n \n   <div id=\"text-box-874973400\" class=\"text-box banner-layer hide-for-small x5 md-x100 lg-x100 y40 md-y50 lg-y50 res-text\">\n                                <div class=\"text-box-content text dark\">\n              \n              <div class=\"text-inner text-left\">\n                  \n<p><a href=\"#simulacao-alice-saude\"><img decoding=\"async\" src=\"https:\/\/planosaudesagradafamilia.com.br\/wp-content\/uploads\/2024\/05\/cotacao-alice-saude.png\" \/><\/a><\/p>\n              <\/div>\n           <\/div>\n                            \n<style>\n#text-box-874973400 {\n  width: 91%;\n}\n#text-box-874973400 .text-box-content {\n  font-size: 100%;\n}\n@media (min-width:550px) {\n  #text-box-874973400 {\n    width: 45%;\n  }\n}\n<\/style>\n    <\/div>\n \n        <\/div>\n      <\/div>\n\n            \n<style>\n#banner-1353318270 {\n  padding-top: 100%;\n}\n#banner-1353318270 .bg.bg-loaded {\n  background-image: url(https:\/\/segurosaude.com.br\/alice-saude\/wp-content\/uploads\/2024\/05\/alice-celular-1024x576.webp);\n}\n#banner-1353318270 .overlay {\n  background-color: rgba(0, 0, 0, 0.424);\n}\n#banner-1353318270 .bg {\n  background-position: 100% 0%;\n}\n@media (min-width:550px) {\n  #banner-1353318270 {\n    padding-top: 630px;\n  }\n}\n<\/style>\n  <\/div>\n\n\n<span class=\"scroll-to\" data-label=\"Scroll to: #sobre\" data-bullet=\"false\" data-link=\"#sobre\" data-title=\"sobre\"><a name=\"sobre\"><\/a><\/span>\n\t<section class=\"section\" id=\"section_508002111\">\n\t\t<div class=\"bg section-bg fill bg-fill  \" >\n\n\t\t\t\n\t\t\t<div class=\"section-bg-overlay absolute fill\"><\/div>\n\t\t\t\n\n\t\t<\/div>\n\n\t\t<div class=\"section-content relative\">\n\t\t\t\n<div class=\"row row-small align-middle\"  id=\"row-1146236698\">\n\n\t<div id=\"col-682642553\" class=\"col medium-4 small-12 large-4\"  >\n\t\t<div class=\"col-inner\"  >\n\t\t\t\n\t\t\t\n\n  <div class=\"banner has-hover\" id=\"banner-1770144186\">\n          <div class=\"banner-inner fill\">\n        <div class=\"banner-bg fill\" >\n            <div class=\"bg fill bg-fill \"><\/div>\n                                    \n                    <\/div>\n        <div class=\"banner-layers container\">\n            <div class=\"fill banner-link\"><\/div>            \n        <\/div>\n      <\/div>\n\n            \n<style>\n#banner-1770144186 {\n  padding-top: 308px;\n}\n#banner-1770144186 .bg.bg-loaded {\n  background-image: url(https:\/\/segurosaude.com.br\/alice-saude\/wp-content\/uploads\/2024\/05\/alice2.jpeg);\n}\n#banner-1770144186 .bg {\n  background-position: 33% 38%;\n}\n<\/style>\n  <\/div>\n\n\n\t\t<\/div>\n\t\t\t<\/div>\n\n\t\n\n\t<div id=\"col-131865484\" class=\"col medium-8 small-12 large-8\"  >\n\t\t<div class=\"col-inner\"  >\n\t\t\t\n\t\t\t\n\t<div id=\"text-1502841598\" class=\"text\">\n\t\t\n<h2 style=\"text-align: left;\"><span style=\"font-weight: bold; color: #333!important;\"><span style=\"color: #333;\">Conhe\u00e7a a <\/span><\/span><span style=\"font-weight: bold; color: #e10096!important;\">Alice Sa\u00fade<\/span><\/h2>\n<div><strong>Menor reajuste entre os principais planos de sa\u00fade do mercado<\/strong><\/div>\n<div>\u00a0<\/div>\n<div>O Plano de Sa\u00fade Alice se diferencia de tudo que voc\u00ea j\u00e1 viu no mercado de planos de sa\u00fade. Com \u00f3timas op\u00e7\u00f5es de contrata\u00e7\u00e3o, voc\u00ea que possui empresa conta com atendimento dentro de \u00f3timos hospitais e laborat\u00f3rios de refer\u00eancia em S\u00e3o Paulo, e diversas outras regi\u00f5es do pa\u00eds.<\/div>\n<div>\u00a0<\/div>\n<div>Al\u00e9m da rede credenciada de refer\u00eancia, voc\u00ea e seus colaboradores contam com um Time de Sa\u00fade, que acompanha de perto seu hist\u00f3rioco e resolve suas queixas de sa\u00fade 24 horas por dia, 7 dias por semana diretamente pelo aplicativo.<\/div>\n\t\t\n<style>\n#text-1502841598 {\n  text-align: left;\n}\n<\/style>\n\t<\/div>\n\t\n\t\t<\/div>\n\t\t\t<\/div>\n\n\t\n<\/div>\n\t\t<\/div>\n\n\t\t\n<style>\n#section_508002111 {\n  padding-top: 30px;\n  padding-bottom: 30px;\n}\n#section_508002111 .section-bg-overlay {\n  background-color: rgba(255, 255, 255, 0.163);\n}\n#section_508002111 .section-bg.bg-loaded {\n  background-image: url(https:\/\/segurosaude.com.br\/alice-saude\/wp-content\/uploads\/2021\/04\/bg.png);\n}\n<\/style>\n\t<\/section>\n\t\n<span class=\"scroll-to\" data-label=\"Scroll to: #diferenciais\" data-bullet=\"false\" data-link=\"#diferenciais\" data-title=\"diferenciais\"><a name=\"diferenciais\"><\/a><\/span>\n\n\t<section class=\"section\" id=\"section_1714561043\">\n\t\t<div class=\"bg section-bg fill bg-fill  bg-loaded\" >\n\n\t\t\t\n\t\t\t\n\t\t\t\n\n\t\t<\/div>\n\n\t\t<div class=\"section-content relative\">\n\t\t\t\n\n<div class=\"row\"  id=\"row-208334939\">\n\n\n\t<div id=\"col-1365472527\" class=\"col small-12 large-12\"  >\n\t\t<div class=\"col-inner\"  >\n\t\t\t\n\t\t\t\n\n<h2 style=\"text-align: center;\"><span style=\"font-weight: bold; color: #333 !important;\"><span style=\"color: #333;\">Diferenciais <\/span><\/span><span style=\"font-weight: bold; color: #e10096!important;\">Alice\u00a0Sa\u00fade<\/span><\/h2>\n<p style=\"text-align: center;\">Confira alguns motivos para contratar um plano da Alice Sa\u00fade.<\/p>\n\n\t\t<\/div>\n\t\t\t<\/div>\n\n\t\n\n<\/div>\n<div class=\"row\"  id=\"row-378959775\">\n\n\n\t<div id=\"col-1726012080\" class=\"col medium-3 small-12 large-3\"  >\n\t\t<div class=\"col-inner\"  >\n\t\t\t\n\t\t\t\n\n\n\t\t<div class=\"icon-box featured-box icon-box-top text-left\"  >\n\t\t\t\t<div class=\"icon-box-text last-reset\">\n\t\t\t\t\t\t\t\t\t\n\n<h3 style=\"color: #e10096;\">Alice Agora<\/h3>\n<p>Canal de comunica\u00e7\u00e3o com os membros do Time de Sa\u00fade, diretamente pelo aplicativo da Alice. O tempo de resposta geralmente \u00e9 de 35 segundos!<\/p>\n\n\t\t<\/div>\n\t<\/div>\n\t\n\t\n\n\t\t<\/div>\n\t\t\t<\/div>\n\n\t\n\n\t<div id=\"col-1366605658\" class=\"col medium-3 small-12 large-3\"  >\n\t\t<div class=\"col-inner\"  >\n\t\t\t\n\t\t\t\n\n\n\t\t<div class=\"icon-box featured-box icon-box-top text-left\"  >\n\t\t\t\t<div class=\"icon-box-text last-reset\">\n\t\t\t\t\t\t\t\t\t\n\n<h3 style=\"color: #e10096;\">Time de Sa\u00fade<\/h3>\n<p>\u00c9 a equipe respons\u00e1vel pelo cuidado dos benefici\u00e1rios. \u00c9 formada por enfermeiros e m\u00e9dicos altamente qualificados sempre dispon\u00edveis para voc\u00ea!<\/p>\n\n\t\t<\/div>\n\t<\/div>\n\t\n\t\n\n\t\t<\/div>\n\t\t\t<\/div>\n\n\t\n\n\t<div id=\"col-1197221495\" class=\"col medium-3 small-12 large-3\"  >\n\t\t<div class=\"col-inner\"  >\n\t\t\t\n\t\t\t\n\n\n\t\t<div class=\"icon-box featured-box icon-box-top text-left\"  >\n\t\t\t\t<div class=\"icon-box-text last-reset\">\n\t\t\t\t\t\t\t\t\t\n\n<h3 style=\"color: #e10096;\">Rede Credenciada<\/h3>\n<p>Conte com uma rede credenciada de primeira linha, com hospitais como Albert Einstein, al\u00e9m de \u00f3timos laborat\u00f3rios de refer\u00eancia.<\/p>\n\n\t\t<\/div>\n\t<\/div>\n\t\n\t\n\n\t\t<\/div>\n\t\t\t<\/div>\n\n\t\n\n\t<div id=\"col-571054335\" class=\"col medium-3 small-12 large-3\"  >\n\t\t<div class=\"col-inner\"  >\n\t\t\t\n\t\t\t\n\n\n\t\t<div class=\"icon-box featured-box icon-box-top text-left\"  >\n\t\t\t\t<div class=\"icon-box-text last-reset\">\n\t\t\t\t\t\t\t\t\t\n\n<h3 style=\"color: #e10096;\">Cobertura Nacional<\/h3>\n<p>Al\u00e9m da \u00f3tima rede credenciada, voc\u00ea conta com cobertura nacional, com hospitais, labot\u00f3rios e especialistas por todo o pa\u00eds.<\/p>\n\n\t\t<\/div>\n\t<\/div>\n\t\n\t\n\n\t\t<\/div>\n\t\t\t<\/div>\n\n\t\n\n\t<div id=\"col-715832008\" class=\"col medium-3 small-12 large-3\"  >\n\t\t<div class=\"col-inner\"  >\n\t\t\t\n\t\t\t\n\n\n\t\t<div class=\"icon-box featured-box icon-box-top text-left\"  >\n\t\t\t\t<div class=\"icon-box-text last-reset\">\n\t\t\t\t\t\t\t\t\t\n\n<h3 style=\"color: #e10096;\">Reembolso<\/h3>\n<p>Dependendo do plano escolhido, voc\u00ea tamb\u00e9m conta com reembolso para diversos tipos de procedimentos! Fa\u00e7a uma simula\u00e7\u00e3o e saiba mais.<\/p>\n\n\t\t<\/div>\n\t<\/div>\n\t\n\t\n\n\t\t<\/div>\n\t\t\t<\/div>\n\n\t\n\n\t<div id=\"col-802447459\" class=\"col medium-3 small-12 large-3\"  >\n\t\t<div class=\"col-inner\"  >\n\t\t\t\n\t\t\t\n\n\n\t\t<div class=\"icon-box featured-box icon-box-top text-left\"  >\n\t\t\t\t<div class=\"icon-box-text last-reset\">\n\t\t\t\t\t\t\t\t\t\n\n<h3 style=\"color: #e10096;\">Coparticipa\u00e7\u00e3o<\/h3>\n<p>Na Alice Sa\u00fade voc\u00ea\u00a0pode escolher entre diversas op\u00e7\u00f5es de planos com ou sem coparticipa\u00e7\u00e3o! Economize ainda mais. Simule j\u00e1!<\/p>\n\n\t\t<\/div>\n\t<\/div>\n\t\n\t\n\n\t\t<\/div>\n\t\t\t<\/div>\n\n\t\n\n\t<div id=\"col-89368604\" class=\"col medium-3 small-12 large-3\"  >\n\t\t<div class=\"col-inner\"  >\n\t\t\t\n\t\t\t\n\n\n\t\t<div class=\"icon-box featured-box icon-box-top text-left\"  >\n\t\t\t\t<div class=\"icon-box-text last-reset\">\n\t\t\t\t\t\t\t\t\t\n\n<h3 style=\"color: #e10096;\">Atendimento 24 horas<\/h3>\n<p>O atendimento com o Time de Sa\u00fade da Alice pode ser feito por chat ou videochamada a qualquer hora do dia ou da noite! Muito mais praticidade.<\/p>\n\n\t\t<\/div>\n\t<\/div>\n\t\n\t\n\n\t\t<\/div>\n\t\t\t<\/div>\n\n\t\n\n\t<div id=\"col-196098960\" class=\"col medium-3 small-12 large-3\"  >\n\t\t<div class=\"col-inner\"  >\n\t\t\t\n\t\t\t\n\n\n\t\t<div class=\"icon-box featured-box icon-box-top text-left\"  >\n\t\t\t\t<div class=\"icon-box-text last-reset\">\n\t\t\t\t\t\t\t\t\t\n\n<h3 style=\"color: #e10096;\">Cuidado Coordenado<\/h3>\n<p>O time de Sa\u00fade da Alice \u00e9 expert em medicina da fam\u00edlia. Os profissionais ir\u00e3o te acompanhar de forma integral, prevenindo e cuidando de voc\u00ea.<\/p>\n\n\t\t<\/div>\n\t<\/div>\n\t\n\t\n\n\t\t<\/div>\n\t\t\t<\/div>\n\n\t\n\n<\/div>\n\n\t\t<\/div>\n\n\t\t\n<style>\n#section_1714561043 {\n  padding-top: 47px;\n  padding-bottom: 47px;\n}\n<\/style>\n\t<\/section>\n\t\n","protected":false},"excerpt":{"rendered":"","protected":false},"author":1,"featured_media":0,"parent":0,"menu_order":0,"comment_status":"closed","ping_status":"closed","template":"page-blank.php","meta":{"inline_featured_image":false,"footnotes":""},"class_list":["post-7","page","type-page","status-publish","hentry"],"_links":{"self":[{"href":"https:\/\/segurosaude.com.br\/alice-saude\/wp-json\/wp\/v2\/pages\/7","targetHints":{"allow":["GET"]}}],"collection":[{"href":"https:\/\/segurosaude.com.br\/alice-saude\/wp-json\/wp\/v2\/pages"}],"about":[{"href":"https:\/\/segurosaude.com.br\/alice-saude\/wp-json\/wp\/v2\/types\/page"}],"author":[{"embeddable":true,"href":"https:\/\/segurosaude.com.br\/alice-saude\/wp-json\/wp\/v2\/users\/1"}],"replies":[{"embeddable":true,"href":"https:\/\/segurosaude.com.br\/alice-saude\/wp-json\/wp\/v2\/comments?post=7"}],"version-history":[{"count":96,"href":"https:\/\/segurosaude.com.br\/alice-saude\/wp-json\/wp\/v2\/pages\/7\/revisions"}],"predecessor-version":[{"id":1370,"href":"https:\/\/segurosaude.com.br\/alice-saude\/wp-json\/wp\/v2\/pages\/7\/revisions\/1370"}],"wp:attachment":[{"href":"https:\/\/segurosaude.com.br\/alice-saude\/wp-json\/wp\/v2\/media?parent=7"}],"curies":[{"name":"wp","href":"https:\/\/api.w.org\/{rel}","templated":true}]}}